{"id":2868,"date":"2023-06-21T06:53:22","date_gmt":"2023-06-21T06:53:22","guid":{"rendered":"https:\/\/feliluke.com\/?page_id=2868"},"modified":"2024-02-04T09:43:28","modified_gmt":"2024-02-04T01:43:28","slug":"shipping-policy","status":"publish","type":"page","link":"https:\/\/feliluke.com\/de\/shipping-policy\/","title":{"rendered":"Versandbedingungen"},"content":{"rendered":"<div data-elementor-type=\"wp-page\" data-elementor-id=\"2868\" class=\"elementor elementor-2868\" data-elementor-post-type=\"page\">\n\t\t\t\t\t\t<section class=\"elementor-section elementor-top-section elementor-element elementor-element-6c5df79a elementor-section-boxed elementor-section-height-default elementor-section-height-default\" data-id=\"6c5df79a\" data-element_type=\"section\" data-e-type=\"section\" data-settings=\"{&quot;background_background&quot;:&quot;gradient&quot;}\">\n\t\t\t\t\t\t<div class=\"elementor-container elementor-column-gap-default\">\n\t\t\t\t\t<div class=\"elementor-column elementor-col-100 elementor-top-column elementor-element elementor-element-60f90465\" data-id=\"60f90465\" data-element_type=\"column\" data-e-type=\"column\">\n\t\t\t<div class=\"elementor-widget-wrap elementor-element-populated\">\n\t\t\t\t\t\t<div class=\"elementor-element elementor-element-36688550 elementor-widget elementor-widget-woocommerce-breadcrumb\" data-id=\"36688550\" data-element_type=\"widget\" data-e-type=\"widget\" data-widget_type=\"woocommerce-breadcrumb.default\">\n\t\t\t\t\t\t<div class=\"elementor-widget-container\">\n\t\t\t\t\t<nav class=\"woocommerce-breadcrumb\" aria-label=\"Breadcrumb\" data-no-translation=\"\" data-trp-gettext=\"\">Heim<\/nav>\t\t\t\t<\/div>\n\t\t\t\t<\/div>\n\t\t\t\t<div class=\"elementor-element elementor-element-381af0be elementor-widget elementor-widget-heading\" data-id=\"381af0be\" data-element_type=\"widget\" data-e-type=\"widget\" data-widget_type=\"heading.default\">\n\t\t\t\t\t\t<div class=\"elementor-widget-container\">\n\t\t\t\t\t<h2 class=\"elementor-heading-title elementor-size-default\">Versandbedingungen<\/h2>\t\t\t\t<\/div>\n\t\t\t\t<\/div>\n\t\t\t\t<div class=\"elementor-element elementor-element-4733b9e6 elementor-widget elementor-widget-text-editor\" data-id=\"4733b9e6\" data-element_type=\"widget\" data-e-type=\"widget\" data-widget_type=\"text-editor.default\">\n\t\t\t\t\t\t<div class=\"elementor-widget-container\">\n\t\t\t\t\t\t\t\t\t<p>Aktualisiert am 28.6.2023<\/p>\t\t\t\t\t\t\t\t<\/div>\n\t\t\t\t<\/div>\n\t\t\t\t<div class=\"elementor-element elementor-element-8429605 elementor-widget elementor-widget-global elementor-global-7444 elementor-widget-accordion\" data-id=\"8429605\" data-element_type=\"widget\" data-e-type=\"widget\" data-widget_type=\"accordion.default\">\n\t\t\t\t\t\t<div class=\"elementor-widget-container\">\n\t\t\t\t\t\t\t<div class=\"elementor-accordion\">\n\t\t\t\t\t\t\t<div class=\"elementor-accordion-item\">\n\t\t\t\t\t<div id=\"elementor-tab-title-1381\" class=\"elementor-tab-title\" data-tab=\"1\" role=\"button\" aria-controls=\"elementor-tab-content-1381\" aria-expanded=\"false\">\n\t\t\t\t\t\t\t\t\t\t\t\t\t<span class=\"elementor-accordion-icon elementor-accordion-icon-right\" aria-hidden=\"true\">\n\t\t\t\t\t\t\t\t\t\t\t\t\t\t\t<span class=\"elementor-accordion-icon-closed\"><i class=\"fas fa-angle-right\"><\/i><\/span>\n\t\t\t\t\t\t\t\t<span class=\"elementor-accordion-icon-opened\"><i class=\"fas fa-angle-down\"><\/i><\/span>\n\t\t\t\t\t\t\t\t\t\t\t\t\t\t<\/span>\n\t\t\t\t\t\t\t\t\t\t\t\t<a class=\"elementor-accordion-title\" tabindex=\"0\">01. Wohin liefert Feliluke?<\/a>\n\t\t\t\t\t<\/div>\n\t\t\t\t\t<div id=\"elementor-tab-content-1381\" class=\"elementor-tab-content elementor-clearfix\" data-tab=\"1\" role=\"region\" aria-labelledby=\"elementor-tab-title-1381\"><p>Wir versenden \u00fcberall <span style=\"color: #008000;\"><strong>die USA<\/strong><\/span> Und <strong><span style=\"color: #008000;\">Kanada<\/span><\/strong>.<\/p><\/div>\n\t\t\t\t<\/div>\n\t\t\t\t\t\t\t<div class=\"elementor-accordion-item\">\n\t\t\t\t\t<div id=\"elementor-tab-title-1382\" class=\"elementor-tab-title\" data-tab=\"2\" role=\"button\" aria-controls=\"elementor-tab-content-1382\" aria-expanded=\"false\">\n\t\t\t\t\t\t\t\t\t\t\t\t\t<span class=\"elementor-accordion-icon elementor-accordion-icon-right\" aria-hidden=\"true\">\n\t\t\t\t\t\t\t\t\t\t\t\t\t\t\t<span class=\"elementor-accordion-icon-closed\"><i class=\"fas fa-angle-right\"><\/i><\/span>\n\t\t\t\t\t\t\t\t<span class=\"elementor-accordion-icon-opened\"><i class=\"fas fa-angle-down\"><\/i><\/span>\n\t\t\t\t\t\t\t\t\t\t\t\t\t\t<\/span>\n\t\t\t\t\t\t\t\t\t\t\t\t<a class=\"elementor-accordion-title\" tabindex=\"0\">02. Wie viel kostet der Versand?<\/a>\n\t\t\t\t\t<\/div>\n\t\t\t\t\t<div id=\"elementor-tab-content-1382\" class=\"elementor-tab-content elementor-clearfix\" data-tab=\"2\" role=\"region\" aria-labelledby=\"elementor-tab-title-1382\"><p>Gute Neuigkeiten! Feliluke bietet jetzt kostenlosen Versand f\u00fcr alle Bestellungen innerhalb der angrenzenden\u00a0<span style=\"color: #008000;\"><strong>Vereinigter Staat<\/strong>S<\/span> Und\u00a0<span style=\"color: #008000;\"><strong>Kanada<\/strong><\/span>.<\/p><\/div>\n\t\t\t\t<\/div>\n\t\t\t\t\t\t\t<div class=\"elementor-accordion-item\">\n\t\t\t\t\t<div id=\"elementor-tab-title-1383\" class=\"elementor-tab-title\" data-tab=\"3\" role=\"button\" aria-controls=\"elementor-tab-content-1383\" aria-expanded=\"false\">\n\t\t\t\t\t\t\t\t\t\t\t\t\t<span class=\"elementor-accordion-icon elementor-accordion-icon-right\" aria-hidden=\"true\">\n\t\t\t\t\t\t\t\t\t\t\t\t\t\t\t<span class=\"elementor-accordion-icon-closed\"><i class=\"fas fa-angle-right\"><\/i><\/span>\n\t\t\t\t\t\t\t\t<span class=\"elementor-accordion-icon-opened\"><i class=\"fas fa-angle-down\"><\/i><\/span>\n\t\t\t\t\t\t\t\t\t\t\t\t\t\t<\/span>\n\t\t\t\t\t\t\t\t\t\t\t\t<a class=\"elementor-accordion-title\" tabindex=\"0\">03. Wann kommt meine Sendung an?<\/a>\n\t\t\t\t\t<\/div>\n\t\t\t\t\t<div id=\"elementor-tab-content-1383\" class=\"elementor-tab-content elementor-clearfix\" data-tab=\"3\" role=\"region\" aria-labelledby=\"elementor-tab-title-1383\"><p>Feliluke bietet kostenlosen Versand f\u00fcr alle Bestellungen innerhalb der Vereinigten Staaten und Kanada. Die Lieferzeiten betragen in der Regel\u00a0<span style=\"color: #008000;\"><strong>2\u20137 Werktage<\/strong><\/span>\u00a0basierend auf der Entfernung zu Ihrem Ziel.<\/p><\/div>\n\t\t\t\t<\/div>\n\t\t\t\t\t\t\t<div class=\"elementor-accordion-item\">\n\t\t\t\t\t<div id=\"elementor-tab-title-1384\" class=\"elementor-tab-title\" data-tab=\"4\" role=\"button\" aria-controls=\"elementor-tab-content-1384\" aria-expanded=\"false\">\n\t\t\t\t\t\t\t\t\t\t\t\t\t<span class=\"elementor-accordion-icon elementor-accordion-icon-right\" aria-hidden=\"true\">\n\t\t\t\t\t\t\t\t\t\t\t\t\t\t\t<span class=\"elementor-accordion-icon-closed\"><i class=\"fas fa-angle-right\"><\/i><\/span>\n\t\t\t\t\t\t\t\t<span class=\"elementor-accordion-icon-opened\"><i class=\"fas fa-angle-down\"><\/i><\/span>\n\t\t\t\t\t\t\t\t\t\t\t\t\t\t<\/span>\n\t\t\t\t\t\t\t\t\t\t\t\t<a class=\"elementor-accordion-title\" tabindex=\"0\">04. Versenden Sie in andere L\u00e4nder?<\/a>\n\t\t\t\t\t<\/div>\n\t\t\t\t\t<div id=\"elementor-tab-content-1384\" class=\"elementor-tab-content elementor-clearfix\" data-tab=\"4\" role=\"region\" aria-labelledby=\"elementor-tab-title-1384\"><p>M\u00f6glich. F\u00fcr andere L\u00e4nder senden Sie bitte eine E-Mail <strong><span style=\"color: #008000;\"><a style=\"color: #008000;\" href=\"mailto:info@feliluke.com\">info@feliluke.com<\/a><\/span><\/strong> f\u00fcr detaillierte Versandkosten.<\/p><\/div>\n\t\t\t\t<\/div>\n\t\t\t\t\t\t\t<div class=\"elementor-accordion-item\">\n\t\t\t\t\t<div id=\"elementor-tab-title-1385\" class=\"elementor-tab-title\" data-tab=\"5\" role=\"button\" aria-controls=\"elementor-tab-content-1385\" aria-expanded=\"false\">\n\t\t\t\t\t\t\t\t\t\t\t\t\t<span class=\"elementor-accordion-icon elementor-accordion-icon-right\" aria-hidden=\"true\">\n\t\t\t\t\t\t\t\t\t\t\t\t\t\t\t<span class=\"elementor-accordion-icon-closed\"><i class=\"fas fa-angle-right\"><\/i><\/span>\n\t\t\t\t\t\t\t\t<span class=\"elementor-accordion-icon-opened\"><i class=\"fas fa-angle-down\"><\/i><\/span>\n\t\t\t\t\t\t\t\t\t\t\t\t\t\t<\/span>\n\t\t\t\t\t\t\t\t\t\t\t\t<a class=\"elementor-accordion-title\" tabindex=\"0\">05. Kann ich nach der Bearbeitung meiner Bestellung noch \u00c4nderungen vornehmen oder sie stornieren?<\/a>\n\t\t\t\t\t<\/div>\n\t\t\t\t\t<div id=\"elementor-tab-content-1385\" class=\"elementor-tab-content elementor-clearfix\" data-tab=\"5\" role=\"region\" aria-labelledby=\"elementor-tab-title-1385\"><p>Bitte senden Sie uns eine E-Mail an\u00a0<span style=\"color: #008000;\"><strong><a style=\"color: #008000;\" href=\"mailto:info@feliluke.com\">info@feliluke.com<\/a><\/strong>\u00a0<\/span>so schnell wie m\u00f6glich, wenn Sie Ihre Bestellung stornieren oder \u00e4ndern m\u00f6chten. Unser Fulfillment-Center bearbeitet Bestellungen schnell (normalerweise innerhalb weniger Stunden), aber wir werden unser Bestes tun, um Ihre Anfrage zu bearbeiten.<\/p><\/div>\n\t\t\t\t<\/div>\n\t\t\t\t\t\t\t\t\t\t<script type=\"application\/ld+json\">{\n    \"@context\": \"https:\\\/\\\/schema.org\",\n    \"@type\": \"FAQPage\",\n    \"mainEntity\": [\n        {\n            \"@type\": \"Question\",\n            \"name\": \"01. Where does Feliluke ship?\",\n            \"acceptedAnswer\": {\n                \"@type\": \"Answer\",\n                \"text\": \"<p>We Ship Throughout <span style=\\\"color: #008000;\\\"><strong>the U.S.A<\\\/strong><\\\/span> and <strong><span style=\\\"color: #008000;\\\">Canada<\\\/span><\\\/strong>.<\\\/p>\"\n            }\n        },\n        {\n            \"@type\": \"Question\",\n            \"name\": \"02. How much does shipping cost?\",\n            \"acceptedAnswer\": {\n                \"@type\": \"Answer\",\n                \"text\": \"<p>Good news! Feliluke is now providing free shipping on all orders within the contiguous\\u00a0<span style=\\\"color: #008000;\\\"><strong>United State<\\\/strong>s<\\\/span> and\\u00a0<span style=\\\"color: #008000;\\\"><strong>Canada<\\\/strong><\\\/span>.<\\\/p>\"\n            }\n        },\n        {\n            \"@type\": \"Question\",\n            \"name\": \"03. When will my shipment arrive?\",\n            \"acceptedAnswer\": {\n                \"@type\": \"Answer\",\n                \"text\": \"<p>Feliluke offers free shipping on all orders within the contiguous United States&amp; Canada. Shipment times are typically\\u00a0<span style=\\\"color: #008000;\\\"><strong>2\\u20137 business days<\\\/strong><\\\/span>\\u00a0based on the distance to your destination.<\\\/p>\"\n            }\n        },\n        {\n            \"@type\": \"Question\",\n            \"name\": \"04. Do you ship to other countries?\",\n            \"acceptedAnswer\": {\n                \"@type\": \"Answer\",\n                \"text\": \"<p>Possible. For other countires, please email <strong><span style=\\\"color: #008000;\\\"><a style=\\\"color: #008000;\\\" href=\\\"mailto:info@feliluke.com\\\">info@feliluke.com<\\\/a><\\\/span><\\\/strong> for detailed shipping cost.<\\\/p>\"\n            }\n        },\n        {\n            \"@type\": \"Question\",\n            \"name\": \"05. Can I make changes to my order or cancel my order after it has been processed?\",\n            \"acceptedAnswer\": {\n                \"@type\": \"Answer\",\n                \"text\": \"<p>Please email us at\\u00a0<span style=\\\"color: #008000;\\\"><strong><a style=\\\"color: #008000;\\\" href=\\\"mailto:info@feliluke.com\\\">info@feliluke.com<\\\/a><\\\/strong>\\u00a0<\\\/span>as soon as possible if you would like to cancel or change your order. Our fulfillment center processes orders quickly (usually within a few hours), but we\\u2019ll do our best to process your request.<\\\/p>\"\n            }\n        }\n    ]\n}<\/script>\n\t\t\t\t\t<\/div>\n\t\t\t\t\t\t<\/div>\n\t\t\t\t<\/div>\n\t\t\t\t<section class=\"elementor-section elementor-inner-section elementor-element elementor-element-71bc3b08 elementor-section-boxed elementor-section-height-default elementor-section-height-default\" data-id=\"71bc3b08\" data-element_type=\"section\" data-e-type=\"section\" data-settings=\"{&quot;background_background&quot;:&quot;gradient&quot;}\">\n\t\t\t\t\t\t<div class=\"elementor-container elementor-column-gap-default\">\n\t\t\t\t\t<div class=\"elementor-column elementor-col-100 elementor-inner-column elementor-element elementor-element-603139f\" data-id=\"603139f\" data-element_type=\"column\" data-e-type=\"column\">\n\t\t\t<div class=\"elementor-widget-wrap elementor-element-populated\">\n\t\t\t\t\t\t<div class=\"elementor-element elementor-element-75d46ddd elementor-widget elementor-widget-heading\" data-id=\"75d46ddd\" data-element_type=\"widget\" data-e-type=\"widget\" data-widget_type=\"heading.default\">\n\t\t\t\t\t\t<div class=\"elementor-widget-container\">\n\t\t\t\t\t<h2 class=\"elementor-heading-title elementor-size-default\">Feliluke Outdoorm\u00f6bel Newsletter<\/h2>\t\t\t\t<\/div>\n\t\t\t\t<\/div>\n\t\t\t\t<div class=\"elementor-element elementor-element-45c29e44 elementor-widget elementor-widget-text-editor\" data-id=\"45c29e44\" data-element_type=\"widget\" data-e-type=\"widget\" data-widget_type=\"text-editor.default\">\n\t\t\t\t\t\t<div class=\"elementor-widget-container\">\n\t\t\t\t\t\t\t\t\t<p>Werbeaktionen, neue Produkte und Verk\u00e4ufe. Direkt in Ihren Posteingang.<\/p>\t\t\t\t\t\t\t\t<\/div>\n\t\t\t\t<\/div>\n\t\t\t\t<div class=\"elementor-element elementor-element-5c8746c1 elementor-button-align-center elementor-widget elementor-widget-form\" data-id=\"5c8746c1\" data-element_type=\"widget\" data-e-type=\"widget\" data-settings=\"{&quot;step_next_label&quot;:&quot;\\u4e0b\\u4e00\\u4e2a&quot;,&quot;step_previous_label&quot;:&quot;\\u4e0a\\u4e00\\u4e2a&quot;,&quot;button_width&quot;:&quot;100&quot;,&quot;step_type&quot;:&quot;number_text&quot;,&quot;step_icon_shape&quot;:&quot;circle&quot;}\" data-widget_type=\"form.default\">\n\t\t\t\t\t\t<div class=\"elementor-widget-container\">\n\t\t\t\t\t\t\t<form class=\"elementor-form\" method=\"post\" name=\"join newsletter-policy \u9875\u9762\" action=\"\">\n\t\t\t<input type=\"hidden\" name=\"post_id\" value=\"2868\"\/>\n\t\t\t<input type=\"hidden\" name=\"form_id\" value=\"5c8746c1\"\/>\n\t\t\t<input type=\"hidden\" name=\"referer_title\" value=\"Shipping Policy - Feliluke\u00ae Package Delivery Box |Secure Lockable Package Box For Home &amp; Porch\" \/>\n\n\t\t\t\t\t\t\t<input type=\"hidden\" name=\"queried_id\" value=\"2868\"\/>\n\t\t\t\n\t\t\t<div class=\"elementor-form-fields-wrapper elementor-labels-above\">\n\t\t\t\t\t\t\t\t<div class=\"elementor-field-type-email elementor-field-group elementor-column elementor-field-group-email elementor-col-100 elementor-field-required\">\n\t\t\t\t\t\t\t\t\t\t\t\t\t<input size=\"1\" type=\"email\" name=\"form_fields[email]\" id=\"form-field-email\" class=\"elementor-field elementor-size-sm  elementor-field-textual\" placeholder=\"  *Email\" required=\"required\">\n\t\t\t\t\t\t\t\t\t\t\t<\/div>\n\t\t\t\t\t\t\t\t<div class=\"elementor-field-group elementor-column elementor-field-type-submit elementor-col-100 e-form__buttons\">\n\t\t\t\t\t<button class=\"elementor-button elementor-size-sm\" type=\"submit\">\n\t\t\t\t\t\t<span class=\"elementor-button-content-wrapper\">\n\t\t\t\t\t\t\t\t\t\t\t\t\t\t\t\t\t\t\t\t\t\t<span class=\"elementor-button-text\">Abonnieren<\/span>\n\t\t\t\t\t\t\t\t\t\t\t\t\t<\/span>\n\t\t\t\t\t<\/button>\n\t\t\t\t<\/div>\n\t\t\t<\/div>\n\t\t<input type=\"hidden\" name=\"trp-form-language\" value=\"de\"\/><\/form>\n\t\t\t\t\t\t<\/div>\n\t\t\t\t<\/div>\n\t\t\t\t<div class=\"elementor-element elementor-element-650c03f9 elementor-widget elementor-widget-text-editor\" data-id=\"650c03f9\" data-element_type=\"widget\" data-e-type=\"widget\" data-widget_type=\"text-editor.default\">\n\t\t\t\t\t\t<div class=\"elementor-widget-container\">\n\t\t\t\t\t\t\t\t\t<p style=\"text-align: center;\">Abonniere unseren Newsletter<\/p>\t\t\t\t\t\t\t\t<\/div>\n\t\t\t\t<\/div>\n\t\t\t\t\t<\/div>\n\t\t<\/div>\n\t\t\t\t\t<\/div>\n\t\t<\/section>\n\t\t\t\t\t<\/div>\n\t\t<\/div>\n\t\t\t\t\t<\/div>\n\t\t<\/section>\n\t\t\t\t<\/div>","protected":false},"excerpt":{"rendered":"<p>Versandrichtlinien aktualisiert am 28.06.2023 01. Wohin versendet Feliluke? Wir versenden in die gesamten USA und nach Kanada. 02. Wie viel kostet der Versand? Gute Neuigkeiten! Feliluke bietet jetzt kostenlosen Versand f\u00fcr alle Bestellungen innerhalb der angrenzenden Vereinigten Staaten und Kanadas. 03. Wann kommt meine Sendung an? Feliluke bietet kostenlosen Versand f\u00fcr alle Bestellungen innerhalb der angrenzenden Vereinigten Staaten und Kanadas. [\u2026]<\/p>","protected":false},"author":1,"featured_media":0,"parent":0,"menu_order":0,"comment_status":"closed","ping_status":"closed","template":"","meta":{"footnotes":""},"class_list":["post-2868","page","type-page","status-publish","hentry"],"_links":{"self":[{"href":"https:\/\/feliluke.com\/de\/wp-json\/wp\/v2\/pages\/2868","targetHints":{"allow":["GET"]}}],"collection":[{"href":"https:\/\/feliluke.com\/de\/wp-json\/wp\/v2\/pages"}],"about":[{"href":"https:\/\/feliluke.com\/de\/wp-json\/wp\/v2\/types\/page"}],"author":[{"embeddable":true,"href":"https:\/\/feliluke.com\/de\/wp-json\/wp\/v2\/users\/1"}],"replies":[{"embeddable":true,"href":"https:\/\/feliluke.com\/de\/wp-json\/wp\/v2\/comments?post=2868"}],"version-history":[{"count":0,"href":"https:\/\/feliluke.com\/de\/wp-json\/wp\/v2\/pages\/2868\/revisions"}],"wp:attachment":[{"href":"https:\/\/feliluke.com\/de\/wp-json\/wp\/v2\/media?parent=2868"}],"curies":[{"name":"wp","href":"https:\/\/api.w.org\/{rel}","templated":true}]}}