{"id":2934,"date":"2023-06-21T07:39:51","date_gmt":"2023-06-21T07:39:51","guid":{"rendered":"https:\/\/feliluke.com\/?page_id=2934"},"modified":"2023-09-01T13:45:33","modified_gmt":"2023-09-01T05:45:33","slug":"privacy-policy","status":"publish","type":"page","link":"https:\/\/feliluke.com\/de\/privacy-policy\/","title":{"rendered":"Datenschutzrichtlinie"},"content":{"rendered":"<div data-elementor-type=\"wp-page\" data-elementor-id=\"2934\" class=\"elementor elementor-2934\" data-elementor-post-type=\"page\">\n\t\t\t\t\t\t<section class=\"elementor-section elementor-top-section elementor-element elementor-element-6793ff38 elementor-section-boxed elementor-section-height-default elementor-section-height-default\" data-id=\"6793ff38\" data-element_type=\"section\" data-e-type=\"section\" data-settings=\"{&quot;background_background&quot;:&quot;classic&quot;}\">\n\t\t\t\t\t\t<div class=\"elementor-container elementor-column-gap-default\">\n\t\t\t\t\t<div class=\"elementor-column elementor-col-100 elementor-top-column elementor-element elementor-element-7ea93288\" data-id=\"7ea93288\" data-element_type=\"column\" data-e-type=\"column\">\n\t\t\t<div class=\"elementor-widget-wrap elementor-element-populated\">\n\t\t\t\t\t\t<div class=\"elementor-element elementor-element-78dd3b98 elementor-widget elementor-widget-woocommerce-breadcrumb\" data-id=\"78dd3b98\" data-element_type=\"widget\" data-e-type=\"widget\" data-widget_type=\"woocommerce-breadcrumb.default\">\n\t\t\t\t\t\t<div class=\"elementor-widget-container\">\n\t\t\t\t\t<nav class=\"woocommerce-breadcrumb\" aria-label=\"Breadcrumb\" data-no-translation=\"\" data-trp-gettext=\"\">Heim<\/nav>\t\t\t\t<\/div>\n\t\t\t\t<\/div>\n\t\t\t\t<div class=\"elementor-element elementor-element-3635c76e elementor-widget elementor-widget-heading\" data-id=\"3635c76e\" data-element_type=\"widget\" data-e-type=\"widget\" data-widget_type=\"heading.default\">\n\t\t\t\t\t\t<div class=\"elementor-widget-container\">\n\t\t\t\t\t<h1 class=\"elementor-heading-title elementor-size-default\">Datenschutzrichtlinie<\/h1>\t\t\t\t<\/div>\n\t\t\t\t<\/div>\n\t\t\t\t<div class=\"elementor-element elementor-element-70c8c117 elementor-widget elementor-widget-text-editor\" data-id=\"70c8c117\" data-element_type=\"widget\" data-e-type=\"widget\" data-widget_type=\"text-editor.default\">\n\t\t\t\t\t\t<div class=\"elementor-widget-container\">\n\t\t\t\t\t\t\t\t\t<p>Aktualisiert am 23.06.2023<\/p>\t\t\t\t\t\t\t\t<\/div>\n\t\t\t\t<\/div>\n\t\t\t\t<div class=\"elementor-element elementor-element-5870c908 elementor-widget elementor-widget-text-editor\" data-id=\"5870c908\" data-element_type=\"widget\" data-e-type=\"widget\" data-widget_type=\"text-editor.default\">\n\t\t\t\t\t\t<div class=\"elementor-widget-container\">\n\t\t\t\t\t\t\t\t\t<p>Feliluke Outdoor Furniture ist ein privates Unternehmen (\u201ewir\u201c, \u201euns\u201c, \u201eunser\u201c oder \u201eFeliluke\u201c). Diese Nutzungsbedingungen (die \u201eNutzungsbedingungen\u201c) regeln Ihre (im Folgenden \u201eSie\u201c, \u201eIhr\u201c oder \u201eBenutzer\u201c) Beziehung zum Unternehmen und die Nutzung des Dienstes des Unternehmens (der \u201eDienst\u201c). Durch die Nutzung des Dienstes akzeptieren Sie diese Nutzungsbedingungen und alle \u00c4nderungen, die von Zeit zu Zeit an diesen Nutzungsbedingungen vorgenommen werden k\u00f6nnen.<\/p><p>Die Privatsph\u00e4re unserer Abonnenten hat bei Feliluke h\u00f6chste Priorit\u00e4t. Es ist wichtig, dass unsere Abonnenten umfassend \u00fcber die Verwendung ihrer pers\u00f6nlichen Daten informiert werden, bevor sie sich f\u00fcr ein Abonnement bei Feliluke entscheiden. Feliluke legt Wert auf Ihre Privatsph\u00e4re im Internet.<\/p><p>Feliluke glaubt an genehmigungsbasiertes Marketing. Feliluke sammelt die Informationen, die Sie auf unseren Websites angeben. Um sich anzumelden, m\u00fcssen Sie Ihren Vor- und Nachnamen sowie Ihre E-Mail-Adresse angeben. Feliluke und\/oder unsere Partner k\u00f6nnen Ihnen von Zeit zu Zeit Angebote f\u00fcr Waren und Dienstleistungen senden, die f\u00fcr die von Ihnen gew\u00e4hlten Interessenkategorien relevant sind. Feliluke sendet allen Feliluke-Abonnenten Sonderangebote, die f\u00fcr jeden Online-Verbraucher von Wert sind.<\/p><p>Feliluke-Websites sind nur f\u00fcr die Nutzung durch Erwachsene bestimmt. Feliluke h\u00e4lt sich an das Children&#039;s Online Privacy Protection Act und fordert oder sammelt nicht wissentlich Informationen von Kindern.<\/p><p>WELCHE INFORMATIONEN ERHEBEN WIR UND WAS MACHEN WIR DAMIT?<\/p><p>Wenn Sie in unserem Shop etwas kaufen oder sich bei Feliluke anmelden, erfassen wir im Rahmen des Kauf- und Verkaufsprozesses die pers\u00f6nlichen Daten, die Sie uns \u00fcbermitteln, wie Ihren Namen, Ihre Adresse, E-Mail-Adresse und Ihren Bestellverlauf. Wir verwenden auch Cookies und andere Tools, die Informationen sammeln, die die Nutzung unseres Shops und unserer Website erleichtern.<\/p><p>Wenn Sie unsere Website besuchen, werden einige Informationen automatisch erfasst. Dazu k\u00f6nnen Informationen wie das auf Ihrem Ger\u00e4t ausgef\u00fchrte Betriebssystem (OS), die Internet Protocol (IP)-Adresse (die zur Ermittlung Ihrer Geolokalisierung verwendet werden kann), Zugriffszeiten, Browsertyp und -sprache sowie die Website geh\u00f6ren, die Sie vor unserer Website besucht haben. Wir erfassen auch Informationen dar\u00fcber, wie Sie unsere Website nutzen, einschlie\u00dflich der Elemente, mit denen Sie interagiert haben, Metadaten und andere Details zu diesen Elementen, \u00c4nderungszust\u00e4nden und anderen Benutzeraktionen.<\/p><p>E-MAIL-MARKETING<\/p><p>Indem Sie sich bei Feliluke anmelden und uns Ihre E-Mail-Adresse mitteilen, stimmen Sie dem Erhalt von Werbeaktionen oder Newslettern von Feliluke und\/oder unseren Partnern zu. Sie haben die M\u00f6glichkeit, diese E-Mails jederzeit abzubestellen, indem Sie auf die Schaltfl\u00e4che \u201eAbmelden\u201c am Ende jeder E-Mail klicken. Alternativ k\u00f6nnen Sie sich auch von E-Mail-Werbung von Feliluke allein abmelden, indem Sie eine E-Mail an senden. <span style=\"color: #ff0000;\"><a style=\"color: #ff0000;\" href=\"mailto:info@feliluke.com\"><span style=\"text-decoration: underline;\"><span style=\"color: #0000ff; text-decoration: underline;\">info@feliluke.com<\/span><\/span><\/a><\/span>Bitte beachten Sie, dass die Aus\u00fcbung eines Opt-out-Mechanismus nur f\u00fcr das Unternehmen gilt, bei dem Sie dieses Recht ausge\u00fcbt haben.<\/p><p>WIE WIR IHRE INFORMATIONEN VERWENDEN<\/p><p>Im Allgemeinen verwenden wir die von uns gesammelten Informationen in erster Linie, um unsere aktuelle Website und Produkte bereitzustellen, zu pflegen, zu sch\u00fctzen und zu verbessern und um neue Produkte zu entwickeln. Wir verwenden \u00fcber unsere Website erfasste personenbezogene Daten wie unten und an anderer Stelle in dieser Richtlinie beschrieben, um: Sie als Benutzer in unserem System zu identifizieren; die Erstellung und Sicherung Ihres Kontos in unserem Netzwerk zu erleichtern; unsere Produkte, unsere Website und unseren Gesch\u00e4ftsbetrieb zu verbessern; Ihre Erfahrung bei der Nutzung unserer Website und Produkte zu verstehen und zu verbessern; die von Ihnen angeforderten Produkte bereitzustellen und zu liefern; auf Ihre Kommentare oder Fragen zu antworten und unserem Kundendienstteam die Bereitstellung und Verbesserung des Services zu erm\u00f6glichen; Ihnen zugeh\u00f6rige Informationen zu senden, darunter Best\u00e4tigungen, Rechnungen, technische Hinweise, Updates, Sicherheitswarnungen sowie Support- und Verwaltungsnachrichten; mit Ihnen \u00fcber Werbeaktionen, bevorstehende Events und Neuigkeiten zu Produkten und Dienstleistungen von Feliluke und unseren ausgew\u00e4hlten Partnern zu kommunizieren und f\u00fcr andere Marketingzwecke von Feliluke; Ihre Informationen mit anderen Informationen zu verkn\u00fcpfen oder zu kombinieren, die wir von Dritten erhalten, um Ihre Bed\u00fcrfnisse besser zu verstehen und Ihnen einen besseren Service zu bieten; und betr\u00fcgerische, unbefugte oder illegale Aktivit\u00e4ten zu sch\u00fctzen, zu untersuchen und vor ihnen abzuschrecken.<\/p><p>Feliluke setzt Cookies ausschlie\u00dflich, um eine zuf\u00e4llig generierte, eindeutige Kennung zuzuweisen, damit Feliluke Kundenkonvertierungen verfolgen kann. Im Cookie werden niemals pers\u00f6nlich identifizierbare Informationen gespeichert. Feliluke verfolgt Reaktionen auf Werbekampagnen, jedoch verfolgt Feliluke nicht Ihre anderen Internetaktivit\u00e4ten. Bitte beachten Sie, dass einige Websites unserer Kunden Cookies verwenden k\u00f6nnen. Daher wird unseren Abonnenten empfohlen, sich die Zeit zu nehmen, die Datenschutzrichtlinien aller Websites (sofern vorhanden) zu \u00fcberpr\u00fcfen, bevor sie ihre Informationen eingeben.<\/p><p>F\u00fcr Websites, die Eigentum von Feliluke und\/oder unseren Partnern sind und von ihnen betrieben werden, verwendet Feliluke Protokolldateien. Diese Protokolldateien k\u00f6nnen Internetprotokoll- (IP-)Adressen, Browsertyp, Internetdienstanbieter (ISP), Verweis-\/Ausstiegsseiten, Plattformtyp, Datums-\/Zeitstempel und Anzahl der Klicks enthalten, um Trends zu analysieren, die Website zu verwalten, die Bewegungen des Benutzers insgesamt zu verfolgen und umfassende demografische Informationen f\u00fcr die Gesamtnutzung zu sammeln.<\/p><p>ZUSTIMMUNG<\/p><p>WIE ERHALTEN SIE MEINE ZUSTIMMUNG?<\/p><p>Indem Sie uns personenbezogene Daten zur Verf\u00fcgung stellen, um eine Transaktion abzuschlie\u00dfen, eine Bestellung aufzugeben, eine Lieferung zu arrangieren oder einen Kauf zur\u00fcckzugeben, stimmen Sie zu, dass wir Ihre Daten erfassen und verwenden (Ihre Kreditkartendaten werden weiter unten erl\u00e4utert). WIE KANN ICH MEINE ZUSTIMMUNG WIDERRUFEN? Sie k\u00f6nnen Ihre Zustimmung, dass wir Sie kontaktieren, widerrufen, indem Sie auf die Schaltfl\u00e4che \u201eAbbestellen\u201c am Ende jeder E-Mail klicken oder uns unter info@feliluke kontaktieren.<\/p><p>Feliluke speichert alle personenbezogenen Daten in seiner eigenen Datenbank. Feliluke ist bestrebt, allen Feliluke-Abonnenten Benachrichtigungen und Auswahlm\u00f6glichkeiten zu bieten. Jedes einzelne Angebot von Feliluke bietet Abonnenten die M\u00f6glichkeit, sich abzumelden und aus unserer Datenbank zu entfernen. Sobald ein Abonnent sich abmeldet und sich aus unserer Datenbank entfernen l\u00e4sst, erh\u00e4lt er keine weiteren Angebote von Feliluke. Bitte warten Sie bis zu 72 Stunden, bis der Entfernungsprozess abgeschlossen ist. Beachten Sie jedoch, dass der Abonnent m\u00f6glicherweise weiterhin Angebote von anderen verbundenen Websites erh\u00e4lt, die er abonniert hat. Der Abonnent muss entweder diese Websites besuchen, um sich abzumelden, oder sich \u00fcber den Link in den E-Mail-Werbungen der verbundenen Websites abmelden.<\/p><p>OFFENLEGUNG<\/p><p>Wir geben Ihre personenbezogenen Daten ohne Ihre Einwilligung nicht an Dritte weiter, au\u00dfer in den folgenden F\u00e4llen:<\/p><p>ZAHLUNGSABWICKLUNG<\/p><p>Unser Shop basiert auf einer E-Commerce-Softwareplattform namens Shopify, die es uns erm\u00f6glicht, Ihnen unsere Produkte und Dienstleistungen zu verkaufen.<\/p><p>ZAHLUNG<\/p><p>Wenn Sie uns w\u00e4hrend des Zahlungsvorgangs Ihre Kreditkarteninformationen mitteilen, senden wir diese zur Verarbeitung mithilfe der SSL-Verschl\u00fcsselungstechnologie an unser PCI-DSS-kompatibles Zahlungsgateway. Ihre Kreditkarteninformationen werden niemals f\u00fcr eine \u00fcber Ihre aktuelle Transaktion hinausgehende Verwendung gespeichert. Alle Direktzahlungsgateways entsprechen den von PCI-DSS festgelegten Standards, die vom PCI Security Standards Council verwaltet werden, einem gemeinsamen Projekt von Marken wie Visa, MasterCard, American Express und Discover. Die PCI-DSS-Anforderungen tragen dazu bei, die sichere Handhabung von Kreditkarteninformationen durch unseren Shop und unsere Zahlungsabwickler und Dienstanbieter zu gew\u00e4hrleisten.<\/p><p>DIENSTLEISTUNGEN DRITTER<\/p><p>Unsere Richtlinie deckt keine Dienste von Drittanbietern ab. Um mehr \u00fcber die Datenschutzpraktiken dieser Drittanbieter zu erfahren, lesen Sie bitte deren Datenschutzrichtlinien.<\/p><p>LINKS<\/p><p>Wenn Sie auf Links in unserem Shop klicken, werden Sie m\u00f6glicherweise von unserer Website weggeleitet. Wir sind nicht f\u00fcr die Datenschutzpraktiken anderer Websites verantwortlich und empfehlen Ihnen, deren Datenschutzrichtlinien zu lesen.<\/p><p>SICHERHEIT<\/p><p>Zum Schutz Ihrer pers\u00f6nlichen Daten ergreifen wir angemessene Vorsichtsma\u00dfnahmen und befolgen allgemein anerkannte Branchenpraktiken, um sicherzustellen, dass sie nicht unangemessen verloren gehen, missbraucht, abgerufen, weitergegeben, ge\u00e4ndert oder zerst\u00f6rt werden. Wenn Sie uns Ihre Kreditkarteninformationen mitteilen, werden diese mithilfe der Secure Socket Layer-Technologie (SSL), die den Verschl\u00fcsselungsstandard AES-256 verwendet, an unseren Server \u00fcbertragen.<\/p><p>TEXTMARKETING UND BENACHRICHTIGUNGEN<\/p><p>Textmarketing und Benachrichtigungen: Indem Sie Textbenachrichtigungen abonnieren, stimmen Sie zu, regelm\u00e4\u00dfig automatisierte Marketing-Textnachrichten an die angegebene Telefonnummer zu erhalten. Die Zustimmung ist keine Kaufbedingung. Senden Sie eine SMS mit dem Text STOP, um sich abzumelden, oder mit HELP, um Hilfe zu erhalten. Es k\u00f6nnen Nachrichten- und Datengeb\u00fchren anfallen. Nutzungsbedingungen und Datenschutzrichtlinie anzeigen.<\/p><p>US-RECHT GILT<\/p><p>Diese Website ist f\u00fcr Benutzer in den Vereinigten Staaten bestimmt. Indem Sie uns Ihre pers\u00f6nlichen Daten von au\u00dferhalb der USA senden, stimmen Sie der Anwendung des US-amerikanischen Rechts und der Verwendung und Offenlegung Ihrer pers\u00f6nlichen Daten im Einklang mit dieser Datenschutzrichtlinie zu. Es liegt in Ihrer Verantwortung, festzustellen, ob der Zugriff auf diese Website und der Kauf unserer Produkte an Ihrem Standort legal sind. Sie greifen auf diese Website zu und kaufen unsere Produkte auf eigenes Risiko und sind f\u00fcr die Einhaltung aller geltenden Gesetze, Regeln, Vorschriften und Vertr\u00e4ge verantwortlich.<\/p><p>Es gilt kanadisches Recht<\/p><p>Diese Website ist f\u00fcr Benutzer in Kanada bestimmt. Indem Sie uns Ihre pers\u00f6nlichen Daten von au\u00dferhalb Kanadas senden, stimmen Sie der Anwendung kanadischen Rechts und der Verwendung und Offenlegung Ihrer pers\u00f6nlichen Daten gem\u00e4\u00df dieser Datenschutzrichtlinie zu. Es liegt in Ihrer Verantwortung, festzustellen, ob der Zugriff auf diese Website und der Kauf unserer Produkte an Ihrem Standort legal sind. Sie greifen auf diese Website zu und kaufen unsere Produkte auf eigenes Risiko und sind f\u00fcr die Einhaltung aller geltenden Gesetze, Regeln, Vorschriften und Vertr\u00e4ge verantwortlich.<\/p><p>\u00c4NDERUNGEN DIESER DATENSCHUTZERKL\u00c4RUNG<\/p><p>Wir behalten uns das Recht vor, diese Datenschutzrichtlinie jederzeit zu \u00e4ndern. Bitte \u00fcberpr\u00fcfen Sie sie daher regelm\u00e4\u00dfig. \u00c4nderungen und Klarstellungen werden sofort nach ihrer Ver\u00f6ffentlichung auf der Website wirksam. Feliluke empfiehlt Besuchern, diese Seite auf \u00c4nderungen der Datenschutzrichtlinie zu \u00fcberpr\u00fcfen.<\/p><p>FRAGEN UND KONTAKTINFORMATIONEN<\/p><p>Wenn Sie auf Ihre bei uns gespeicherten pers\u00f6nlichen Daten (mit Ausnahme der automatisch durch Ihre Nutzung unserer Website generierten Daten) zugreifen, diese korrigieren, \u00e4ndern oder l\u00f6schen m\u00f6chten, eine Beschwerde einreichen oder einfach weitere Informationen w\u00fcnschen, wenden Sie sich an unser Kundenserviceteam unter <span style=\"text-decoration: underline; color: #0000ff;\"><a style=\"color: #0000ff; text-decoration: underline;\" href=\"mailto:info@feliluke.com\">info@feliluke.com<\/a><\/span>.<\/p>\t\t\t\t\t\t\t\t<\/div>\n\t\t\t\t<\/div>\n\t\t\t\t<section class=\"elementor-section elementor-inner-section elementor-element elementor-element-2350ed9a elementor-section-boxed elementor-section-height-default elementor-section-height-default\" data-id=\"2350ed9a\" data-element_type=\"section\" data-e-type=\"section\" data-settings=\"{&quot;background_background&quot;:&quot;gradient&quot;}\">\n\t\t\t\t\t\t<div class=\"elementor-container elementor-column-gap-default\">\n\t\t\t\t\t<div class=\"elementor-column elementor-col-100 elementor-inner-column elementor-element elementor-element-535a65e1\" data-id=\"535a65e1\" data-element_type=\"column\" data-e-type=\"column\">\n\t\t\t<div class=\"elementor-widget-wrap elementor-element-populated\">\n\t\t\t\t\t\t<div class=\"elementor-element elementor-element-3832190d elementor-widget elementor-widget-heading\" data-id=\"3832190d\" data-element_type=\"widget\" data-e-type=\"widget\" data-widget_type=\"heading.default\">\n\t\t\t\t\t\t<div class=\"elementor-widget-container\">\n\t\t\t\t\t<h2 class=\"elementor-heading-title elementor-size-default\">Feliluke Outdoorm\u00f6bel Newsletter<\/h2>\t\t\t\t<\/div>\n\t\t\t\t<\/div>\n\t\t\t\t<div class=\"elementor-element elementor-element-1f5b5f6e elementor-widget elementor-widget-text-editor\" data-id=\"1f5b5f6e\" data-element_type=\"widget\" data-e-type=\"widget\" data-widget_type=\"text-editor.default\">\n\t\t\t\t\t\t<div class=\"elementor-widget-container\">\n\t\t\t\t\t\t\t\t\t<p>Werbeaktionen, neue Produkte und Verk\u00e4ufe. Direkt in Ihren Posteingang.<\/p>\t\t\t\t\t\t\t\t<\/div>\n\t\t\t\t<\/div>\n\t\t\t\t<div class=\"elementor-element elementor-element-21050516 elementor-button-align-center elementor-widget elementor-widget-form\" data-id=\"21050516\" data-element_type=\"widget\" data-e-type=\"widget\" data-settings=\"{&quot;step_next_label&quot;:&quot;\\u4e0b\\u4e00\\u4e2a&quot;,&quot;step_previous_label&quot;:&quot;\\u4e0a\\u4e00\\u4e2a&quot;,&quot;button_width&quot;:&quot;100&quot;,&quot;step_type&quot;:&quot;number_text&quot;,&quot;step_icon_shape&quot;:&quot;circle&quot;}\" data-widget_type=\"form.default\">\n\t\t\t\t\t\t<div class=\"elementor-widget-container\">\n\t\t\t\t\t\t\t<form class=\"elementor-form\" method=\"post\" name=\"join newsletter-policy \u9875\u9762\" action=\"\">\n\t\t\t<input type=\"hidden\" name=\"post_id\" value=\"2934\"\/>\n\t\t\t<input type=\"hidden\" name=\"form_id\" value=\"21050516\"\/>\n\t\t\t<input type=\"hidden\" name=\"referer_title\" value=\"Privacy Policy - Feliluke\u00ae Package Delivery Box |Secure Lockable Package Box For Home &amp; Porch\" \/>\n\n\t\t\t\t\t\t\t<input type=\"hidden\" name=\"queried_id\" value=\"2934\"\/>\n\t\t\t\n\t\t\t<div class=\"elementor-form-fields-wrapper elementor-labels-above\">\n\t\t\t\t\t\t\t\t<div class=\"elementor-field-type-email elementor-field-group elementor-column elementor-field-group-email elementor-col-100 elementor-field-required\">\n\t\t\t\t\t\t\t\t\t\t\t\t\t<input size=\"1\" type=\"email\" name=\"form_fields[email]\" id=\"form-field-email\" class=\"elementor-field elementor-size-sm  elementor-field-textual\" placeholder=\"  *Email\" required=\"required\">\n\t\t\t\t\t\t\t\t\t\t\t<\/div>\n\t\t\t\t\t\t\t\t<div class=\"elementor-field-group elementor-column elementor-field-type-submit elementor-col-100 e-form__buttons\">\n\t\t\t\t\t<button class=\"elementor-button elementor-size-sm\" type=\"submit\">\n\t\t\t\t\t\t<span class=\"elementor-button-content-wrapper\">\n\t\t\t\t\t\t\t\t\t\t\t\t\t\t\t\t\t\t\t\t\t\t<span class=\"elementor-button-text\">Abonnieren<\/span>\n\t\t\t\t\t\t\t\t\t\t\t\t\t<\/span>\n\t\t\t\t\t<\/button>\n\t\t\t\t<\/div>\n\t\t\t<\/div>\n\t\t<input type=\"hidden\" name=\"trp-form-language\" value=\"de\"\/><\/form>\n\t\t\t\t\t\t<\/div>\n\t\t\t\t<\/div>\n\t\t\t\t<div class=\"elementor-element elementor-element-228d9bab elementor-widget elementor-widget-text-editor\" data-id=\"228d9bab\" data-element_type=\"widget\" data-e-type=\"widget\" data-widget_type=\"text-editor.default\">\n\t\t\t\t\t\t<div class=\"elementor-widget-container\">\n\t\t\t\t\t\t\t\t\t<p style=\"text-align: center;\">Abonniere unseren Newsletter<\/p>\t\t\t\t\t\t\t\t<\/div>\n\t\t\t\t<\/div>\n\t\t\t\t\t<\/div>\n\t\t<\/div>\n\t\t\t\t\t<\/div>\n\t\t<\/section>\n\t\t\t\t\t<\/div>\n\t\t<\/div>\n\t\t\t\t\t<\/div>\n\t\t<\/section>\n\t\t\t\t<\/div>","protected":false},"excerpt":{"rendered":"<p>Datenschutzrichtlinie aktualisiert am 23.06.2023 Feliluke Outdoor Furniture ist ein privates Unternehmen (\u201ewir\u201c, \u201euns\u201c, \u201eunser\u201c oder \u201eFeliluke\u201c). Diese Nutzungsbedingungen (die \u201eNutzungsbedingungen\u201c) regeln Ihre (im Folgenden \u201eSie\u201c, \u201eIhr\u201c oder \u201eBenutzer\u201c) Beziehung zum Unternehmen und die Nutzung des Dienstes des Unternehmens (der \u201eDienst\u201c). Indem Sie den Dienst nutzen, akzeptieren Sie diese Nutzungsbedingungen und [\u2026]<\/p>","protected":false},"author":1,"featured_media":0,"parent":0,"menu_order":0,"comment_status":"closed","ping_status":"closed","template":"","meta":{"footnotes":""},"class_list":["post-2934","page","type-page","status-publish","hentry"],"_links":{"self":[{"href":"https:\/\/feliluke.com\/de\/wp-json\/wp\/v2\/pages\/2934","targetHints":{"allow":["GET"]}}],"collection":[{"href":"https:\/\/feliluke.com\/de\/wp-json\/wp\/v2\/pages"}],"about":[{"href":"https:\/\/feliluke.com\/de\/wp-json\/wp\/v2\/types\/page"}],"author":[{"embeddable":true,"href":"https:\/\/feliluke.com\/de\/wp-json\/wp\/v2\/users\/1"}],"replies":[{"embeddable":true,"href":"https:\/\/feliluke.com\/de\/wp-json\/wp\/v2\/comments?post=2934"}],"version-history":[{"count":0,"href":"https:\/\/feliluke.com\/de\/wp-json\/wp\/v2\/pages\/2934\/revisions"}],"wp:attachment":[{"href":"https:\/\/feliluke.com\/de\/wp-json\/wp\/v2\/media?parent=2934"}],"curies":[{"name":"wp","href":"https:\/\/api.w.org\/{rel}","templated":true}]}}