{"id":5748,"date":"2023-09-25T16:59:41","date_gmt":"2023-09-25T08:59:41","guid":{"rendered":"https:\/\/feliluke.com\/?page_id=5748"},"modified":"2023-11-30T16:37:34","modified_gmt":"2023-11-30T08:37:34","slug":"delivery-setup","status":"publish","type":"page","link":"https:\/\/feliluke.com\/de\/delivery-setup\/","title":{"rendered":"Liefereinrichtung"},"content":{"rendered":"<div data-elementor-type=\"wp-page\" data-elementor-id=\"5748\" class=\"elementor elementor-5748\" data-elementor-post-type=\"page\">\n\t\t\t\t\t\t<section class=\"elementor-section elementor-top-section elementor-element elementor-element-768176b4 elementor-section-boxed elementor-section-height-default elementor-section-height-default\" data-id=\"768176b4\" data-element_type=\"section\" data-e-type=\"section\">\n\t\t\t\t\t\t<div class=\"elementor-container elementor-column-gap-default\">\n\t\t\t\t\t<div class=\"elementor-column elementor-col-100 elementor-top-column elementor-element elementor-element-72a89891\" data-id=\"72a89891\" data-element_type=\"column\" data-e-type=\"column\">\n\t\t\t<div class=\"elementor-widget-wrap elementor-element-populated\">\n\t\t\t\t\t\t<div class=\"elementor-element elementor-element-36d64a61 elementor-widget elementor-widget-woocommerce-breadcrumb\" data-id=\"36d64a61\" data-element_type=\"widget\" data-e-type=\"widget\" data-widget_type=\"woocommerce-breadcrumb.default\">\n\t\t\t\t\t\t<div class=\"elementor-widget-container\">\n\t\t\t\t\t<nav class=\"woocommerce-breadcrumb\" aria-label=\"Breadcrumb\" data-no-translation=\"\" data-trp-gettext=\"\">Heim<\/nav>\t\t\t\t<\/div>\n\t\t\t\t<\/div>\n\t\t\t\t\t<\/div>\n\t\t<\/div>\n\t\t\t\t\t<\/div>\n\t\t<\/section>\n\t\t\t\t<section class=\"elementor-section elementor-top-section elementor-element elementor-element-3f8e413e elementor-section-height-min-height elementor-section-content-middle elementor-section-boxed elementor-section-height-default elementor-section-items-middle\" data-id=\"3f8e413e\" data-element_type=\"section\" data-e-type=\"section\" data-settings=\"{&quot;background_background&quot;:&quot;gradient&quot;}\">\n\t\t\t\t\t\t<div class=\"elementor-container elementor-column-gap-default\">\n\t\t\t\t\t<div class=\"elementor-column elementor-col-100 elementor-top-column elementor-element elementor-element-209f76f5\" data-id=\"209f76f5\" data-element_type=\"column\" data-e-type=\"column\" data-settings=\"{&quot;background_background&quot;:&quot;classic&quot;}\">\n\t\t\t<div class=\"elementor-widget-wrap elementor-element-populated\">\n\t\t\t\t\t\t<div class=\"elementor-element elementor-element-255d8b2e elementor-widget elementor-widget-heading\" data-id=\"255d8b2e\" data-element_type=\"widget\" data-e-type=\"widget\" data-widget_type=\"heading.default\">\n\t\t\t\t\t\t<div class=\"elementor-widget-container\">\n\t\t\t\t\t<h1 class=\"elementor-heading-title elementor-size-default\">Liefereinrichtung<\/h1>\t\t\t\t<\/div>\n\t\t\t\t<\/div>\n\t\t\t\t\t<\/div>\n\t\t<\/div>\n\t\t\t\t\t<\/div>\n\t\t<\/section>\n\t\t\t\t<section class=\"elementor-section elementor-top-section elementor-element elementor-element-4037e353 elementor-section-content-middle elementor-section-height-min-height elementor-section-boxed elementor-section-height-default elementor-section-items-middle\" data-id=\"4037e353\" data-element_type=\"section\" data-e-type=\"section\">\n\t\t\t\t\t\t<div class=\"elementor-container elementor-column-gap-default\">\n\t\t\t\t\t<div class=\"elementor-column elementor-col-100 elementor-top-column elementor-element elementor-element-3ebf94de\" data-id=\"3ebf94de\" data-element_type=\"column\" data-e-type=\"column\">\n\t\t\t<div class=\"elementor-widget-wrap elementor-element-populated\">\n\t\t\t\t\t\t<div class=\"elementor-element elementor-element-35b7ee8 elementor-widget elementor-widget-heading\" data-id=\"35b7ee8\" data-element_type=\"widget\" data-e-type=\"widget\" data-widget_type=\"heading.default\">\n\t\t\t\t\t\t<div class=\"elementor-widget-container\">\n\t\t\t\t\t<h2 class=\"elementor-heading-title elementor-size-default\">Hinweise f\u00fcr Lieferdienstleister\n<\/h2>\t\t\t\t<\/div>\n\t\t\t\t<\/div>\n\t\t\t\t<div class=\"elementor-element elementor-element-ee1b5c1 elementor-widget elementor-widget-text-editor\" data-id=\"ee1b5c1\" data-element_type=\"widget\" data-e-type=\"widget\" data-widget_type=\"text-editor.default\">\n\t\t\t\t\t\t<div class=\"elementor-widget-container\">\n\t\t\t\t\t\t\t\t\t<p>\u00a0Informieren Sie sie \u00fcber den Standort Ihres Feliluke-Pakets und bitten Sie um die Zustellung darin. Hier ist ein Beispiel f\u00fcr klare Anweisungen:<\/p><ul><li>\u201eBitte legen Sie die Lieferung in den Paketkasten von Feliluke, der sich auf der [Veranda\/Einfahrt\/usw.] befindet.<\/li><li>\u00d6ffnen Sie die T\u00fcr und stellen Sie die Lieferung sicher hinein.<\/li><li>Dann schlie\u00dfen Sie die T\u00fcr.\u201c<\/li><\/ul>\t\t\t\t\t\t\t\t<\/div>\n\t\t\t\t<\/div>\n\t\t\t\t<div class=\"elementor-element elementor-element-5c4dfc6 elementor-widget elementor-widget-heading\" data-id=\"5c4dfc6\" data-element_type=\"widget\" data-e-type=\"widget\" data-widget_type=\"heading.default\">\n\t\t\t\t\t\t<div class=\"elementor-widget-container\">\n\t\t\t\t\t<h2 class=\"elementor-heading-title elementor-size-default\">Gemeinsame Lieferdienste<\/h2>\t\t\t\t<\/div>\n\t\t\t\t<\/div>\n\t\t\t\t<div class=\"elementor-element elementor-element-e389c93 elementor-widget elementor-widget-heading\" data-id=\"e389c93\" data-element_type=\"widget\" data-e-type=\"widget\" data-widget_type=\"heading.default\">\n\t\t\t\t\t\t<div class=\"elementor-widget-container\">\n\t\t\t\t\t<h3 class=\"elementor-heading-title elementor-size-default\">UPS<\/h3>\t\t\t\t<\/div>\n\t\t\t\t<\/div>\n\t\t\t\t<div class=\"elementor-element elementor-element-6cf6e4fe elementor-widget elementor-widget-text-editor\" data-id=\"6cf6e4fe\" data-element_type=\"widget\" data-e-type=\"widget\" data-widget_type=\"text-editor.default\">\n\t\t\t\t\t\t<div class=\"elementor-widget-container\">\n\t\t\t\t\t\t\t\t\t<p>Registrieren Sie sich f\u00fcr UPS My Choice \u2013 ein kostenloses Konto, mit dem Sie Ihre Paketzustellungen steuern k\u00f6nnen, einschlie\u00dflich Ort und Zeitpunkt der Zustellung. Beachten Sie, dass f\u00fcr bestimmte Dienste Geb\u00fchren anfallen k\u00f6nnen, z. B. f\u00fcr die \u00c4nderung Ihrer Zustelleinstellungen.<\/p><p>Sobald Sie sich f\u00fcr My Choice angemeldet haben, k\u00f6nnen Sie mit den folgenden Schritten Lieferanweisungen festlegen:<\/p><ol><li>Melden Sie sich an bei <strong><a href=\"https:\/\/www.ups.com\/us\/en\/track\/ups-my-choice.page\" target=\"_blank\" rel=\"noopener\">Meine Wahl<\/a><\/strong>.<\/li><li>Klicken Sie oben rechts auf Ihren Namen, um auf ein Dropdown-Men\u00fc zuzugreifen.<\/li><li>W\u00e4hlen Sie \u201eEinstellungen\u201c.<\/li><li>Klicken Sie im Abschnitt \u201eUPS My Choice\u201c auf \u201eEinstellungen bearbeiten\u201c.<\/li><li>W\u00e4hlen Sie \u201eFahreranweisungen\u201c und ein Dropdown-Men\u00fc zeigt ein Fenster mit der Bezeichnung \u201eSicherheitscode f\u00fcr Tor oder Geb\u00e4ude\u201c an. Hier k\u00f6nnen Sie Standortdetails und alle erforderlichen Anweisungen eingeben.<\/li><li>Klicken Sie anschlie\u00dfend einfach auf \u201e\u00c4nderungen speichern\u201c und schon sind Sie fertig!<\/li><\/ol>\t\t\t\t\t\t\t\t<\/div>\n\t\t\t\t<\/div>\n\t\t\t\t<div class=\"elementor-element elementor-element-408e66c elementor-widget elementor-widget-image\" data-id=\"408e66c\" data-element_type=\"widget\" data-e-type=\"widget\" data-widget_type=\"image.default\">\n\t\t\t\t\t\t<div class=\"elementor-widget-container\">\n\t\t\t\t\t\t\t\t\t\t\t\t\t\t\t<img fetchpriority=\"high\" decoding=\"async\" width=\"800\" height=\"647\" src=\"https:\/\/feliluke.com\/wp-content\/uploads\/2023\/09\/UPS-MY-CHOICE.png\" class=\"attachment-large size-large wp-image-5896\" alt=\"Erm\u00f6glichen Sie UPS-Spediteuren die Zustellung in das Feliluke-Paketfach\" srcset=\"https:\/\/feliluke.com\/wp-content\/uploads\/2023\/09\/UPS-MY-CHOICE.png 998w, https:\/\/feliluke.com\/wp-content\/uploads\/2023\/09\/UPS-MY-CHOICE-300x243.png 300w, https:\/\/feliluke.com\/wp-content\/uploads\/2023\/09\/UPS-MY-CHOICE-768x621.png 768w, https:\/\/feliluke.com\/wp-content\/uploads\/2023\/09\/UPS-MY-CHOICE-15x12.png 15w, https:\/\/feliluke.com\/wp-content\/uploads\/2023\/09\/UPS-MY-CHOICE-600x485.png 600w\" sizes=\"(max-width: 800px) 100vw, 800px\" \/>\t\t\t\t\t\t\t\t\t\t\t\t\t\t\t<\/div>\n\t\t\t\t<\/div>\n\t\t\t\t<div class=\"elementor-element elementor-element-8c923fc elementor-widget elementor-widget-heading\" data-id=\"8c923fc\" data-element_type=\"widget\" data-e-type=\"widget\" data-widget_type=\"heading.default\">\n\t\t\t\t\t\t<div class=\"elementor-widget-container\">\n\t\t\t\t\t<h3 class=\"elementor-heading-title elementor-size-default\">FEDEX<\/h3>\t\t\t\t<\/div>\n\t\t\t\t<\/div>\n\t\t\t\t<div class=\"elementor-element elementor-element-89bb148 elementor-widget elementor-widget-text-editor\" data-id=\"89bb148\" data-element_type=\"widget\" data-e-type=\"widget\" data-widget_type=\"text-editor.default\">\n\t\t\t\t\t\t<div class=\"elementor-widget-container\">\n\t\t\t\t\t\t\t\t\t<p>Erstellen Sie zun\u00e4chst ein Konto auf der FedEx-Website und melden Sie sich an. Folgen Sie diesen Schritten:<\/p><ol><li>Klicken Sie oben rechts auf Ihren Namen.<\/li><li>W\u00e4hlen Sie im Dropdown-Men\u00fc \u201eMein Profil\u201c aus.<\/li><li>W\u00e4hlen Sie auf der linken Seite \u201eFedEx Delivery Manager\u201c.<\/li><li>Scrollen Sie nach unten zum Abschnitt \u201eLieferadresse(n) f\u00fcr\u201c. Wenn Ihre Lieferadresse nicht aufgef\u00fchrt ist, f\u00fcgen Sie sie hinzu. Wenn sie bereits vorhanden ist, klicken Sie auf \u201eAnzeigen\/Bearbeiten\u201c.<\/li><li>Klicken Sie im Abschnitt \u201eLieferanweisungen\u201c auf \u201eBearbeiten\u201c.<\/li><li>In diesem Abschnitt finden Sie ein Dropdown-Men\u00fc mit Standorten und einen Bereich mit dem Titel \u201eHilfe beim Finden Ihrer Adresse\u201c. Hier k\u00f6nnen Sie Ihre Feliluke-spezifischen Anweisungen eingeben. Bitte beachten Sie, dass dieses Feld auf 35 Zeichen begrenzt ist.<\/li><\/ol><p>F\u00fchren Sie diese Schritte aus, und schon sind Sie fertig!<\/p><p><a href=\"https:\/\/www.youtube.com\/watch?v=fISJMf4O5yY&amp;t=1s\" target=\"_blank\" rel=\"noopener\"><span style=\"text-decoration: underline;\">**Klicken Sie auf das Bild unten, um das Anleitungsvideo anzusehen.<\/span><\/a><\/p>\t\t\t\t\t\t\t\t<\/div>\n\t\t\t\t<\/div>\n\t\t\t\t<div class=\"elementor-element elementor-element-e2a99c5 elementor-widget elementor-widget-image\" data-id=\"e2a99c5\" data-element_type=\"widget\" data-e-type=\"widget\" data-widget_type=\"image.default\">\n\t\t\t\t\t\t<div class=\"elementor-widget-container\">\n\t\t\t\t\t\t\t\t\t\t\t\t<figure class=\"wp-caption\">\n\t\t\t\t\t\t\t\t\t\t\t<a href=\"https:\/\/www.youtube.com\/watch?v=fISJMf4O5yY&#038;t=1s\" target=\"_blank\" rel=\"noopener\">\n\t\t\t\t\t\t\t<img decoding=\"async\" width=\"800\" height=\"450\" src=\"https:\/\/feliluke.com\/wp-content\/uploads\/2023\/09\/maxresdefault-1024x576.jpg\" class=\"attachment-large size-large wp-image-5848\" alt=\"FedEx Delivery Manager: So verwenden Sie Lieferanweisungen.mp4\" srcset=\"https:\/\/feliluke.com\/wp-content\/uploads\/2023\/09\/maxresdefault-1024x576.jpg 1024w, https:\/\/feliluke.com\/wp-content\/uploads\/2023\/09\/maxresdefault-300x169.jpg 300w, https:\/\/feliluke.com\/wp-content\/uploads\/2023\/09\/maxresdefault-768x432.jpg 768w, https:\/\/feliluke.com\/wp-content\/uploads\/2023\/09\/maxresdefault-18x10.jpg 18w, https:\/\/feliluke.com\/wp-content\/uploads\/2023\/09\/maxresdefault-600x338.jpg 600w, https:\/\/feliluke.com\/wp-content\/uploads\/2023\/09\/maxresdefault.jpg 1280w\" sizes=\"(max-width: 800px) 100vw, 800px\" \/>\t\t\t\t\t\t\t\t<\/a>\n\t\t\t\t\t\t\t\t\t\t\t<figcaption class=\"widget-image-caption wp-caption-text\">FedEx Delivery Manager\u00ae: So verwenden Sie Lieferanweisungen.mp4<\/figcaption>\n\t\t\t\t\t\t\t\t\t\t<\/figure>\n\t\t\t\t\t\t\t\t\t<\/div>\n\t\t\t\t<\/div>\n\t\t\t\t<div class=\"elementor-element elementor-element-22336a1 elementor-widget elementor-widget-heading\" data-id=\"22336a1\" data-element_type=\"widget\" data-e-type=\"widget\" data-widget_type=\"heading.default\">\n\t\t\t\t\t\t<div class=\"elementor-widget-container\">\n\t\t\t\t\t<h3 class=\"elementor-heading-title elementor-size-default\">USPS<\/h3>\t\t\t\t<\/div>\n\t\t\t\t<\/div>\n\t\t\t\t<div class=\"elementor-element elementor-element-f1d48ea elementor-widget elementor-widget-text-editor\" data-id=\"f1d48ea\" data-element_type=\"widget\" data-e-type=\"widget\" data-widget_type=\"text-editor.default\">\n\t\t\t\t\t\t<div class=\"elementor-widget-container\">\n\t\t\t\t\t\t\t\t\t<p>Um mit USPS Informed Delivery zu beginnen, <strong><a href=\"https:\/\/www.usps.com\/\" target=\"_blank\" rel=\"noopener\">klicken Sie hier<\/a><\/strong>. Sobald Sie die Einrichtung abgeschlossen haben, navigieren Sie zu \u201eEinstellungen\u201c, um Paketbenachrichtigungen per SMS oder E-Mail zu aktivieren.<\/p><p>Wenn Ihr Paket f\u00fcr zuk\u00fcnftige Sendungen f\u00fcr den USPS Delivery Instructions\u2122-Dienst qualifiziert ist, k\u00f6nnen Sie den gew\u00fcnschten Zustellort f\u00fcr Ihre Adresse angeben, das Paket an eine andere Adresse umleiten oder es bei Ihrem \u00f6rtlichen Postamt zur\u00fcckbehalten.<\/p><p>Um Ihre Anfrage zu \u00fcbermitteln, klicken Sie einfach auf der Seite mit den Sendungsverfolgungsergebnissen auf \u201eLieferanweisungen \u00e4ndern\u201c. Wenn Sie den Link \u201eLieferanweisungen \u00e4ndern\u201c nicht sehen, bedeutet dies, dass Ihr Paket nicht f\u00fcr den Lieferanweisungen-Service in Frage kommt.<\/p>\t\t\t\t\t\t\t\t<\/div>\n\t\t\t\t<\/div>\n\t\t\t\t<div class=\"elementor-element elementor-element-6e9d209 elementor-widget elementor-widget-image\" data-id=\"6e9d209\" data-element_type=\"widget\" data-e-type=\"widget\" data-widget_type=\"image.default\">\n\t\t\t\t\t\t<div class=\"elementor-widget-container\">\n\t\t\t\t\t\t\t\t\t\t\t\t<figure class=\"wp-caption\">\n\t\t\t\t\t\t\t\t\t\t<img decoding=\"async\" width=\"800\" height=\"132\" src=\"https:\/\/feliluke.com\/wp-content\/uploads\/2023\/09\/PPCn3SpRRtTya79tPdfyMNIyaDaLfQpkvChOY5SNZVLkzUW2tg85tRw4W455udLoryrLn_ToCgE_w1707-fcrop64_1_00005a57-1024x169.jpg\" class=\"attachment-large size-large wp-image-5869\" alt=\"So erfahre ich, dass USPS Pakete an meinen Briefkasten liefert\" srcset=\"https:\/\/feliluke.com\/wp-content\/uploads\/2023\/09\/PPCn3SpRRtTya79tPdfyMNIyaDaLfQpkvChOY5SNZVLkzUW2tg85tRw4W455udLoryrLn_ToCgE_w1707-fcrop64_1_00005a57-1024x169.jpg 1024w, https:\/\/feliluke.com\/wp-content\/uploads\/2023\/09\/PPCn3SpRRtTya79tPdfyMNIyaDaLfQpkvChOY5SNZVLkzUW2tg85tRw4W455udLoryrLn_ToCgE_w1707-fcrop64_1_00005a57-300x50.jpg 300w, https:\/\/feliluke.com\/wp-content\/uploads\/2023\/09\/PPCn3SpRRtTya79tPdfyMNIyaDaLfQpkvChOY5SNZVLkzUW2tg85tRw4W455udLoryrLn_ToCgE_w1707-fcrop64_1_00005a57-768x127.jpg 768w, https:\/\/feliluke.com\/wp-content\/uploads\/2023\/09\/PPCn3SpRRtTya79tPdfyMNIyaDaLfQpkvChOY5SNZVLkzUW2tg85tRw4W455udLoryrLn_ToCgE_w1707-fcrop64_1_00005a57-1536x254.jpg 1536w, https:\/\/feliluke.com\/wp-content\/uploads\/2023\/09\/PPCn3SpRRtTya79tPdfyMNIyaDaLfQpkvChOY5SNZVLkzUW2tg85tRw4W455udLoryrLn_ToCgE_w1707-fcrop64_1_00005a57-18x3.jpg 18w, https:\/\/feliluke.com\/wp-content\/uploads\/2023\/09\/PPCn3SpRRtTya79tPdfyMNIyaDaLfQpkvChOY5SNZVLkzUW2tg85tRw4W455udLoryrLn_ToCgE_w1707-fcrop64_1_00005a57-1320x218.jpg 1320w, https:\/\/feliluke.com\/wp-content\/uploads\/2023\/09\/PPCn3SpRRtTya79tPdfyMNIyaDaLfQpkvChOY5SNZVLkzUW2tg85tRw4W455udLoryrLn_ToCgE_w1707-fcrop64_1_00005a57-600x99.jpg 600w, https:\/\/feliluke.com\/wp-content\/uploads\/2023\/09\/PPCn3SpRRtTya79tPdfyMNIyaDaLfQpkvChOY5SNZVLkzUW2tg85tRw4W455udLoryrLn_ToCgE_w1707-fcrop64_1_00005a57.jpg 1707w\" sizes=\"(max-width: 800px) 100vw, 800px\" \/>\t\t\t\t\t\t\t\t\t\t\t<figcaption class=\"widget-image-caption wp-caption-text\"><\/figcaption>\n\t\t\t\t\t\t\t\t\t\t<\/figure>\n\t\t\t\t\t\t\t\t\t<\/div>\n\t\t\t\t<\/div>\n\t\t\t\t<div class=\"elementor-element elementor-element-4e000d7 elementor-widget elementor-widget-heading\" data-id=\"4e000d7\" data-element_type=\"widget\" data-e-type=\"widget\" data-widget_type=\"heading.default\">\n\t\t\t\t\t\t<div class=\"elementor-widget-container\">\n\t\t\t\t\t<h3 class=\"elementor-heading-title elementor-size-default\">AMAZONAS<\/h3>\t\t\t\t<\/div>\n\t\t\t\t<\/div>\n\t\t\t\t<div class=\"elementor-element elementor-element-73913e1 elementor-widget elementor-widget-text-editor\" data-id=\"73913e1\" data-element_type=\"widget\" data-e-type=\"widget\" data-widget_type=\"text-editor.default\">\n\t\t\t\t\t\t<div class=\"elementor-widget-container\">\n\t\t\t\t\t\t\t\t\t<ol><li>Beginnen Sie mit der Einrichtung eines pers\u00f6nlichen Einkaufskontos auf <span style=\"text-decoration: underline;\"><a href=\"https:\/\/www.amazon.com\/\" target=\"_blank\" rel=\"noopener\"><strong>Amazon.com<\/strong><\/a><\/span>.<\/li><li>Navigieren Sie in den \u201eIhr Konto\u201c-Einstellungen zu \u201eIhre Adressen\u201c.<\/li><li>Um eine Adresse zu aktualisieren, w\u00e4hlen Sie \u201eBearbeiten\u201c f\u00fcr die entsprechende Adresse.<\/li><li>Geben Sie den Standort Ihrer Feliluke-Box an Ihrem Wohnsitz an, sei es auf Ihrer Veranda, Hintert\u00fcr, Seitenveranda oder an einem anderen daf\u00fcr vorgesehenen Bereich.<\/li><li>Fahren Sie mit \u201eLieferanweisungen hinzuf\u00fcgen\u201c fort. Dort k\u00f6nnen Sie die Verwendung Ihrer Feliluke-Lieferbox f\u00fcr supergro\u00dfe Pakete detailliert beschreiben, ihren genauen Standort bei Ihnen zu Hause festlegen und Anweisungen f\u00fcr den Zugriff darauf geben.<\/li><li>Schlie\u00dfen Sie den Vorgang mit \u201e\u00c4nderungen speichern\u201c ab.<\/li><li>\u00a0<\/li><\/ol><p>Diese Schritte gew\u00e4hrleisten reibungslose und effiziente Lieferungen mit Ihrer Feliluke-Paketlieferbox.<\/p>\t\t\t\t\t\t\t\t<\/div>\n\t\t\t\t<\/div>\n\t\t\t\t<div class=\"elementor-element elementor-element-60335ac elementor-widget elementor-widget-image\" data-id=\"60335ac\" data-element_type=\"widget\" data-e-type=\"widget\" data-widget_type=\"image.default\">\n\t\t\t\t\t\t<div class=\"elementor-widget-container\">\n\t\t\t\t\t\t\t\t\t\t\t\t<figure class=\"wp-caption\">\n\t\t\t\t\t\t\t\t\t\t<img loading=\"lazy\" decoding=\"async\" width=\"583\" height=\"360\" src=\"https:\/\/feliluke.com\/wp-content\/uploads\/2023\/09\/AMAZON.png\" class=\"attachment-large size-large wp-image-5888\" alt=\"Amazon-Lieferanten die Lieferung in die Feliluke-Paketbox erm\u00f6glichen\" srcset=\"https:\/\/feliluke.com\/wp-content\/uploads\/2023\/09\/AMAZON.png 583w, https:\/\/feliluke.com\/wp-content\/uploads\/2023\/09\/AMAZON-300x185.png 300w, https:\/\/feliluke.com\/wp-content\/uploads\/2023\/09\/AMAZON-18x12.png 18w\" sizes=\"(max-width: 583px) 100vw, 583px\" \/>\t\t\t\t\t\t\t\t\t\t\t<figcaption class=\"widget-image-caption wp-caption-text\">Amazon-Lieferanten die Lieferung in die Feliluke-Paketbox erm\u00f6glichen<\/figcaption>\n\t\t\t\t\t\t\t\t\t\t<\/figure>\n\t\t\t\t\t\t\t\t\t<\/div>\n\t\t\t\t<\/div>\n\t\t\t\t<div class=\"elementor-element elementor-element-7015a02 elementor-cta--layout-image-right elementor-cta--mobile-layout-image-above elementor-cta--valign-middle elementor-widget__width-initial elementor-cta--skin-classic elementor-animated-content elementor-bg-transform elementor-bg-transform-zoom-in elementor-widget elementor-widget-call-to-action\" data-id=\"7015a02\" data-element_type=\"widget\" data-e-type=\"widget\" data-widget_type=\"call-to-action.default\">\n\t\t\t\t\t\t<div class=\"elementor-widget-container\">\n\t\t\t\t\t\t\t<div class=\"elementor-cta\">\n\t\t\t\t\t<div class=\"elementor-cta__bg-wrapper\">\n\t\t\t\t<div class=\"elementor-cta__bg elementor-bg\" style=\"background-image: url(https:\/\/feliluke.com\/wp-content\/uploads\/2023\/06\/1-1-300x300.jpg);\" role=\"img\" aria-label=\"feliluke paketzustellungsschild sticker\"><\/div>\n\t\t\t\t<div class=\"elementor-cta__bg-overlay\"><\/div>\n\t\t\t<\/div>\n\t\t\t\t\t\t\t<div class=\"elementor-cta__content\">\n\t\t\t\t\n\t\t\t\t\t\t\t\t\t<h2 class=\"elementor-cta__title elementor-cta__content-item elementor-content-item\">\n\t\t\t\t\t\tAufkleber mit Paketzeichen\t\t\t\t\t<\/h2>\n\t\t\t\t\n\t\t\t\t\t\t\t\t\t<div class=\"elementor-cta__description elementor-cta__content-item elementor-content-item\">\n\t\t\t\t\t\tperfekte Gr\u00f6\u00dfe und klare Sicht \t\t\t\t\t<\/div>\n\t\t\t\t\n\t\t\t\t\t\t\t\t\t<div class=\"elementor-cta__button-wrapper elementor-cta__content-item elementor-content-item\">\n\t\t\t\t\t<a class=\"elementor-cta__button elementor-button elementor-size-md\">\n\t\t\t\t\t\tIn den Warenkorb legen\t\t\t\t\t<\/a>\n\t\t\t\t\t<\/div>\n\t\t\t\t\t\t\t<\/div>\n\t\t\t\t\t\t\t<div class=\"elementor-ribbon elementor-ribbon-right\">\n\t\t\t\t<div class=\"elementor-ribbon-inner\">HEISS!<\/div>\n\t\t\t<\/div>\n\t\t\t\t<\/div>\n\t\t\t\t\t\t<\/div>\n\t\t\t\t<\/div>\n\t\t\t\t\t<\/div>\n\t\t<\/div>\n\t\t\t\t\t<\/div>\n\t\t<\/section>\n\t\t\t\t<\/div>","protected":false},"excerpt":{"rendered":"<p>So informieren Sie Ihre Zustelldienstleister \u00fcber die Verwendung Ihres neuen Feliluke-Postfachs oder Paketzustellungsfachs. Richten Sie alle Ihre \u00fcblichen Zusteller ganz einfach ein.<\/p>","protected":false},"author":1,"featured_media":5749,"parent":0,"menu_order":0,"comment_status":"closed","ping_status":"closed","template":"","meta":{"footnotes":""},"class_list":["post-5748","page","type-page","status-publish","has-post-thumbnail","hentry"],"_links":{"self":[{"href":"https:\/\/feliluke.com\/de\/wp-json\/wp\/v2\/pages\/5748","targetHints":{"allow":["GET"]}}],"collection":[{"href":"https:\/\/feliluke.com\/de\/wp-json\/wp\/v2\/pages"}],"about":[{"href":"https:\/\/feliluke.com\/de\/wp-json\/wp\/v2\/types\/page"}],"author":[{"embeddable":true,"href":"https:\/\/feliluke.com\/de\/wp-json\/wp\/v2\/users\/1"}],"replies":[{"embeddable":true,"href":"https:\/\/feliluke.com\/de\/wp-json\/wp\/v2\/comments?post=5748"}],"version-history":[{"count":0,"href":"https:\/\/feliluke.com\/de\/wp-json\/wp\/v2\/pages\/5748\/revisions"}],"wp:featuredmedia":[{"embeddable":true,"href":"https:\/\/feliluke.com\/de\/wp-json\/wp\/v2\/media\/5749"}],"wp:attachment":[{"href":"https:\/\/feliluke.com\/de\/wp-json\/wp\/v2\/media?parent=5748"}],"curies":[{"name":"wp","href":"https:\/\/api.w.org\/{rel}","templated":true}]}}