{"id":11820,"date":"2025-02-05T17:46:43","date_gmt":"2025-02-05T09:46:43","guid":{"rendered":"https:\/\/feliluke.com\/?post_type=product&#038;p=11820"},"modified":"2025-12-10T23:03:20","modified_gmt":"2025-12-10T15:03:20","slug":"package-lock-box","status":"publish","type":"product","link":"https:\/\/feliluke.com\/de\/produkt\/package-lock-box\/","title":{"rendered":"Pre-Assembled Package Lock Box with Lift-Top"},"content":{"rendered":"<ul>\n<li>Anti-Pry code lock prevent package theft.<\/li>\n<li>Outdoor-rated, commercial-grade code lock with 2 keys for backup.<\/li>\n<li>Das Diebstahlschutzpanel sch\u00fctzt Ihre Lieferungen.<\/li>\n<li>Das gro\u00dfe Au\u00dfenvolumen bietet Platz f\u00fcr viele Pakete, \u00fcber 851 t typischer Lieferungen und Postsendungen.<\/li>\n<li>Hergestellt aus hochbelastbarem verzinktem Stahl mit rostbest\u00e4ndiger Pulverbeschichtung.<\/li>\n<li>Langlebige Scharniere aus Edelstahl.<\/li>\n<li>Kann mit vier L\u00f6chern und Ankerbolzen im Boden verankert werden (<a href=\"https:\/\/www.youtube.com\/shorts\/BkhQUye1Gco\" target=\"_blank\" rel=\"noopener\"><strong>Bodenanker-Kits<\/strong><\/a>\u00a0im Lieferumfang enthalten).<\/li>\n<li>Ships assembled for easy use.<\/li>\n<li>Kompatibel mit allen Lieferdiensten (lesen Sie die<strong><a href=\"https:\/\/feliluke.com\/de\/delivery-setup\/\">\u00a0Anleitung zur Einrichtung der Lieferung<\/a><\/strong>).<\/li>\n<\/ul>","protected":false},"excerpt":{"rendered":"<p>Anti-Pry code lock prevent package theft. Outdoor-rated, commercial-grade code lock with 2 keys for backup. Anti-Theft Panel keeps your deliveries secure. External large capacity holds many packages, fitting over 85% of typical deliveries and mail. Built from heavy-duty galvanized steel with a rust-resistant powder coat finish. Durable stainless steel hinges. Can be anchored to the [&hellip;]<\/p>","protected":false},"featured_media":11860,"template":"","meta":[],"product_brand":[],"product_cat":[73],"product_tag":[158],"class_list":{"0":"post-11820","1":"product","2":"type-product","3":"status-publish","4":"has-post-thumbnail","6":"product_cat-mail-package-box","7":"product_tag-lift-top-package-lock-box","9":"first","10":"instock","11":"sale","12":"taxable","13":"shipping-taxable","14":"purchasable","15":"product-type-simple"},"_links":{"self":[{"href":"https:\/\/feliluke.com\/de\/wp-json\/wp\/v2\/product\/11820","targetHints":{"allow":["GET"]}}],"collection":[{"href":"https:\/\/feliluke.com\/de\/wp-json\/wp\/v2\/product"}],"about":[{"href":"https:\/\/feliluke.com\/de\/wp-json\/wp\/v2\/types\/product"}],"wp:featuredmedia":[{"embeddable":true,"href":"https:\/\/feliluke.com\/de\/wp-json\/wp\/v2\/media\/11860"}],"wp:attachment":[{"href":"https:\/\/feliluke.com\/de\/wp-json\/wp\/v2\/media?parent=11820"}],"wp:term":[{"taxonomy":"product_brand","embeddable":true,"href":"https:\/\/feliluke.com\/de\/wp-json\/wp\/v2\/product_brand?post=11820"},{"taxonomy":"product_cat","embeddable":true,"href":"https:\/\/feliluke.com\/de\/wp-json\/wp\/v2\/product_cat?post=11820"},{"taxonomy":"product_tag","embeddable":true,"href":"https:\/\/feliluke.com\/de\/wp-json\/wp\/v2\/product_tag?post=11820"}],"curies":[{"name":"wp","href":"https:\/\/api.w.org\/{rel}","templated":true}]}}