{"id":1407,"date":"2023-06-15T06:22:32","date_gmt":"2023-06-14T22:22:32","guid":{"rendered":"https:\/\/feliluke.com\/?post_type=product&#038;p=1407"},"modified":"2025-12-10T23:04:02","modified_gmt":"2025-12-10T15:04:02","slug":"package-delivery-box-white-color","status":"publish","type":"product","link":"https:\/\/feliluke.com\/de\/produkt\/package-delivery-box-white-color\/","title":{"rendered":"Paketversandbox Wei\u00df"},"content":{"rendered":"<ul>\n<li>Wenn Sie regelm\u00e4\u00dfig Pakete erhalten,<strong> Startseite Paketversand Box Wei\u00df<\/strong> ist Ihre L\u00f6sung. Kein Warten mehr zu Hause oder Hetzen mehr, um Lieferungen zu unterschreiben. Sch\u00fctzen Sie Ihre Pakete vor Dieben auf der Veranda mit diesem sicheren und ger\u00e4umigen Paketkasten aus Stahl. Perfekt f\u00fcr Amazon, UPS, FedEx, USPS und andere Kurierdienste.<\/li>\n<\/ul>\n<p>&nbsp;<\/p>\n<ul>\n<li>Abmessungen (B x T x H) \u2013 18 x 15 x 40 Zoll.<\/li>\n<\/ul>","protected":false},"excerpt":{"rendered":"<p>Wenn Sie regelm\u00e4\u00dfig Pakete erhalten, ist die Home Package Delivery Box White Ihre L\u00f6sung. Kein Warten mehr zu Hause oder Hetzen mehr, um f\u00fcr Lieferungen zu unterschreiben. Sch\u00fctzen Sie Ihre Pakete vor Dieben auf der Veranda mit dieser sicheren und ger\u00e4umigen Paketbox aus Stahl. Perfekt f\u00fcr Amazon, UPS, FedEx, USPS und andere Kurierdienste. Abmessungen (B [\u2026]<\/p>","protected":false},"featured_media":11171,"template":"","meta":[],"product_brand":[],"product_cat":[73],"product_tag":[113],"class_list":{"0":"post-1407","1":"product","2":"type-product","3":"status-publish","4":"has-post-thumbnail","6":"product_cat-mail-package-box","7":"product_tag-white-box","9":"first","10":"instock","11":"sale","12":"purchasable","13":"product-type-simple"},"_links":{"self":[{"href":"https:\/\/feliluke.com\/de\/wp-json\/wp\/v2\/product\/1407","targetHints":{"allow":["GET"]}}],"collection":[{"href":"https:\/\/feliluke.com\/de\/wp-json\/wp\/v2\/product"}],"about":[{"href":"https:\/\/feliluke.com\/de\/wp-json\/wp\/v2\/types\/product"}],"wp:featuredmedia":[{"embeddable":true,"href":"https:\/\/feliluke.com\/de\/wp-json\/wp\/v2\/media\/11171"}],"wp:attachment":[{"href":"https:\/\/feliluke.com\/de\/wp-json\/wp\/v2\/media?parent=1407"}],"wp:term":[{"taxonomy":"product_brand","embeddable":true,"href":"https:\/\/feliluke.com\/de\/wp-json\/wp\/v2\/product_brand?post=1407"},{"taxonomy":"product_cat","embeddable":true,"href":"https:\/\/feliluke.com\/de\/wp-json\/wp\/v2\/product_cat?post=1407"},{"taxonomy":"product_tag","embeddable":true,"href":"https:\/\/feliluke.com\/de\/wp-json\/wp\/v2\/product_tag?post=1407"}],"curies":[{"name":"wp","href":"https:\/\/api.w.org\/{rel}","templated":true}]}}