{"id":1550,"date":"2023-06-15T09:50:26","date_gmt":"2023-06-15T01:50:26","guid":{"rendered":"https:\/\/feliluke.com\/?post_type=product&#038;p=1550"},"modified":"2025-01-03T15:39:31","modified_gmt":"2025-01-03T07:39:31","slug":"package-delivery-box-black-color","status":"publish","type":"product","link":"https:\/\/feliluke.com\/de\/produkt\/package-delivery-box-black-color\/","title":{"rendered":"Paketversandbox Schwarz"},"content":{"rendered":"<p>Die schwarze Paketbox von Feliluke sichert Ihre wertvollen Lieferungen mit ihrem wetterfesten und abschlie\u00dfbaren Design. Sie ist f\u00fcr alle Zusteller einfach zu bedienen und f\u00fcr Sie mit Ihrem pers\u00f6nlichen Schl\u00fcssel leicht zug\u00e4nglich. Die Box hat eine klassische schwarze Farbe und ein modernes Design, sodass sie zur \u00c4sthetik Ihres Zuhauses passt und Pakete gleichzeitig vor Diebstahl oder Besch\u00e4digung sch\u00fctzt.<\/p>\n<p>Au\u00dfenma\u00dfe: 40\u2033 H x 18\u2033 B x 15\u2033 T. Gewicht: 36 lbs<\/p>","protected":false},"excerpt":{"rendered":"<p>Alles in einer Box. Die Feliluke-Paketbox hat ein modernes Design, das sowohl Pakete als auch Post empf\u00e4ngt. Sie ist sicher und gro\u00df genug, um Ihre Pakete mehrere Tage lang aufzubewahren. Stellen Sie sie auf Ihre Veranda oder an den Bordstein. Machen Sie sich keine Sorgen mehr um Ihre Pakete. Abmessungen (B x T x H) \u2013 [\u2026]<\/p>","protected":false},"featured_media":11155,"template":"","meta":[],"product_brand":[],"product_cat":[73],"product_tag":[112],"class_list":{"0":"post-1550","1":"product","2":"type-product","3":"status-publish","4":"has-post-thumbnail","6":"product_cat-mail-package-box","7":"product_tag-black-box","9":"first","10":"instock","11":"sale","12":"taxable","13":"shipping-taxable","14":"purchasable","15":"product-type-simple"},"_links":{"self":[{"href":"https:\/\/feliluke.com\/de\/wp-json\/wp\/v2\/product\/1550","targetHints":{"allow":["GET"]}}],"collection":[{"href":"https:\/\/feliluke.com\/de\/wp-json\/wp\/v2\/product"}],"about":[{"href":"https:\/\/feliluke.com\/de\/wp-json\/wp\/v2\/types\/product"}],"wp:featuredmedia":[{"embeddable":true,"href":"https:\/\/feliluke.com\/de\/wp-json\/wp\/v2\/media\/11155"}],"wp:attachment":[{"href":"https:\/\/feliluke.com\/de\/wp-json\/wp\/v2\/media?parent=1550"}],"wp:term":[{"taxonomy":"product_brand","embeddable":true,"href":"https:\/\/feliluke.com\/de\/wp-json\/wp\/v2\/product_brand?post=1550"},{"taxonomy":"product_cat","embeddable":true,"href":"https:\/\/feliluke.com\/de\/wp-json\/wp\/v2\/product_cat?post=1550"},{"taxonomy":"product_tag","embeddable":true,"href":"https:\/\/feliluke.com\/de\/wp-json\/wp\/v2\/product_tag?post=1550"}],"curies":[{"name":"wp","href":"https:\/\/api.w.org\/{rel}","templated":true}]}}