{"id":2934,"date":"2023-06-21T07:39:51","date_gmt":"2023-06-21T07:39:51","guid":{"rendered":"https:\/\/feliluke.com\/?page_id=2934"},"modified":"2023-09-01T13:45:33","modified_gmt":"2023-09-01T05:45:33","slug":"privacy-policy","status":"publish","type":"page","link":"https:\/\/feliluke.com\/es\/privacy-policy\/","title":{"rendered":"pol\u00edtica de privacidad"},"content":{"rendered":"<div data-elementor-type=\"wp-page\" data-elementor-id=\"2934\" class=\"elementor elementor-2934\" data-elementor-post-type=\"page\">\n\t\t\t\t\t\t<section class=\"elementor-section elementor-top-section elementor-element elementor-element-6793ff38 elementor-section-boxed elementor-section-height-default elementor-section-height-default\" data-id=\"6793ff38\" data-element_type=\"section\" data-e-type=\"section\" data-settings=\"{&quot;background_background&quot;:&quot;classic&quot;}\">\n\t\t\t\t\t\t<div class=\"elementor-container elementor-column-gap-default\">\n\t\t\t\t\t<div class=\"elementor-column elementor-col-100 elementor-top-column elementor-element elementor-element-7ea93288\" data-id=\"7ea93288\" data-element_type=\"column\" data-e-type=\"column\">\n\t\t\t<div class=\"elementor-widget-wrap elementor-element-populated\">\n\t\t\t\t\t\t<div class=\"elementor-element elementor-element-78dd3b98 elementor-widget elementor-widget-woocommerce-breadcrumb\" data-id=\"78dd3b98\" data-element_type=\"widget\" data-e-type=\"widget\" data-widget_type=\"woocommerce-breadcrumb.default\">\n\t\t\t\t\t\t<div class=\"elementor-widget-container\">\n\t\t\t\t\t<nav class=\"woocommerce-breadcrumb\" aria-label=\"Breadcrumb\" data-no-translation=\"\" data-trp-gettext=\"\">Inicio<\/nav>\t\t\t\t<\/div>\n\t\t\t\t<\/div>\n\t\t\t\t<div class=\"elementor-element elementor-element-3635c76e elementor-widget elementor-widget-heading\" data-id=\"3635c76e\" data-element_type=\"widget\" data-e-type=\"widget\" data-widget_type=\"heading.default\">\n\t\t\t\t\t\t<div class=\"elementor-widget-container\">\n\t\t\t\t\t<h1 class=\"elementor-heading-title elementor-size-default\">pol\u00edtica de privacidad<\/h1>\t\t\t\t<\/div>\n\t\t\t\t<\/div>\n\t\t\t\t<div class=\"elementor-element elementor-element-70c8c117 elementor-widget elementor-widget-text-editor\" data-id=\"70c8c117\" data-element_type=\"widget\" data-e-type=\"widget\" data-widget_type=\"text-editor.default\">\n\t\t\t\t\t\t<div class=\"elementor-widget-container\">\n\t\t\t\t\t\t\t\t\t<p>Actualizado el 23.06.2023<\/p>\t\t\t\t\t\t\t\t<\/div>\n\t\t\t\t<\/div>\n\t\t\t\t<div class=\"elementor-element elementor-element-5870c908 elementor-widget elementor-widget-text-editor\" data-id=\"5870c908\" data-element_type=\"widget\" data-e-type=\"widget\" data-widget_type=\"text-editor.default\">\n\t\t\t\t\t\t<div class=\"elementor-widget-container\">\n\t\t\t\t\t\t\t\t\t<p>Feliluke Outdoor Furniture es una empresa privada (\u201cnosotros\u201d, \u201cnos\u201d, \u201cnuestro\u201d o \u201cFeliluke\u201d). Este Acuerdo de T\u00e9rminos de Uso (los \u201cT\u00e9rminos de Uso\u201d) rige su relaci\u00f3n (en adelante \u201custed\u201d, \u201csu\u201d o \u201cusuario\u201d) con la Compa\u00f1\u00eda y el uso del Servicio de la Compa\u00f1\u00eda (el \u201cServicio\u201d). Al utilizar el Servicio, usted acepta estos T\u00e9rminos de uso y cualquier modificaci\u00f3n que se pueda realizar a estos T\u00e9rminos de uso de vez en cuando.<\/p><p>La privacidad de nuestros suscriptores es de primordial importancia en Feliluke. Es importante que nuestros suscriptores est\u00e9n completamente informados sobre el uso de su informaci\u00f3n personal antes de optar por suscribirse a Feliluke. Feliluke valora su privacidad electr\u00f3nica.<\/p><p>Feliluke cree en el marketing basado en permisos 100%. Feliluke recopila la informaci\u00f3n que usted proporciona en nuestros sitios web. Para suscribirse, debe proporcionar su nombre, apellido y direcci\u00f3n de correo electr\u00f3nico. Feliluke y\/o nuestros afiliados pueden enviarle de vez en cuando ofertas de bienes y servicios relevantes para las categor\u00edas de inter\u00e9s que haya elegido. Feliluke transmitir\u00e1 ofertas especiales que ser\u00edan valiosas para cualquier consumidor en l\u00ednea a todos los suscriptores de Feliluke.<\/p><p>Los sitios web de Feliluke est\u00e1n destinados a ser utilizados \u00fanicamente por adultos. Feliluke cumple con la Ley de Protecci\u00f3n de la Privacidad Infantil en L\u00ednea y no solicita ni recopila informaci\u00f3n de ni\u00f1os a sabiendas.<\/p><p>\u00bfQU\u00c9 INFORMACI\u00d3N RECOPILAMOS Y QU\u00c9 HACEMOS CON ELLA?<\/p><p>Cuando compras algo en nuestra tienda o te registras en Feliluke, como parte del proceso de compra y venta, recopilamos la informaci\u00f3n personal que nos proporcionas, como tu nombre, direcci\u00f3n y direcci\u00f3n de correo electr\u00f3nico e historial de pedidos. Tambi\u00e9n utilizamos cookies y otras herramientas que recopilan informaci\u00f3n que facilita el uso de nuestra tienda y nuestro sitio web.<\/p><p>Cuando visita nuestro sitio web, cierta informaci\u00f3n se recopila autom\u00e1ticamente. Esto puede incluir informaci\u00f3n como el sistema operativo (SO) que se ejecuta en su dispositivo, la direcci\u00f3n de Protocolo de Internet (IP) (que puede usarse para obtener su geolocalizaci\u00f3n), tiempos de acceso, tipo de navegador e idioma, y el sitio web que visit\u00f3 antes de nuestra visita. sitio. Tambi\u00e9n recopilamos informaci\u00f3n sobre c\u00f3mo utiliza nuestro sitio web, incluidos los elementos con los que ha interactuado, metadatos y otros detalles sobre estos elementos, estados de cambio y otras acciones del usuario.<\/p><p>CORREO DE PROPAGANDA<\/p><p>Al registrarse en Feliluke y proporcionarnos su direcci\u00f3n de correo electr\u00f3nico, est\u00e1 dando su consentimiento para recibir promociones o boletines informativos de Feliluke y\/o nuestros afiliados. Tiene la oportunidad de darse de baja de estos correos electr\u00f3nicos en cualquier momento haciendo clic en el bot\u00f3n &quot;Cancelar suscripci\u00f3n&quot; incluido en la parte inferior de cada correo electr\u00f3nico. Alternativamente, para optar por no recibir promociones por correo electr\u00f3nico \u00fanicamente de Feliluke, puede enviar un correo electr\u00f3nico a <span style=\"color: #ff0000;\"><a style=\"color: #ff0000;\" href=\"mailto:info@feliluke.com\"><span style=\"text-decoration: underline;\"><span style=\"color: #0000ff; text-decoration: underline;\">info@feliluke.com<\/span><\/span><\/a><\/span>. Tenga en cuenta que el ejercicio de un mecanismo de exclusi\u00f3n voluntaria solo se aplica a la empresa con la que ejerci\u00f3 ese derecho.<\/p><p>C\u00d3MO UTILIZAMOS SU INFORMACI\u00d3N<\/p><p>En general, utilizamos la informaci\u00f3n que recopilamos principalmente para proporcionar, mantener, proteger y mejorar nuestro sitio y productos actuales y para desarrollar nuevos productos. Usamos informaci\u00f3n personal recopilada a trav\u00e9s de nuestro sitio como se describe a continuaci\u00f3n y en otras partes de esta Pol\u00edtica para: Identificarlo como usuario en nuestro sistema; Facilitar la creaci\u00f3n y protecci\u00f3n de su Cuenta en nuestra red; Mejorar nuestros productos, sitio web y operaci\u00f3n de nuestro negocio; Comprender y mejorar su experiencia al utilizar nuestro sitio y nuestros productos; Proporcionar y entregar los productos que solicite; Responder a sus comentarios o preguntas y para que nuestro equipo de Atenci\u00f3n al Cliente brinde y mejore el servicio; Enviarle informaci\u00f3n relacionada, incluidas confirmaciones, facturas, avisos t\u00e9cnicos, actualizaciones, alertas de seguridad y mensajes administrativos y de soporte; Comunicarnos con usted sobre promociones, pr\u00f3ximos eventos y noticias sobre productos y servicios ofrecidos por Feliluke y nuestros socios seleccionados, y para otros fines de marketing de Feliluke; Vincular o combinar su informaci\u00f3n con otra informaci\u00f3n que obtenemos de terceros para ayudar a comprender sus necesidades y brindarle un mejor servicio; y Proteger, investigar y disuadir contra actividades fraudulentas, no autorizadas o ilegales.<\/p><p>Feliluke emite cookies \u00fanicamente para asignar un identificador \u00fanico generado aleatoriamente para que Feliluke pueda realizar un seguimiento de las conversiones de los clientes. Nunca se almacena informaci\u00f3n de identificaci\u00f3n personal dentro de la cookie. Feliluke rastrea las respuestas a campa\u00f1as publicitarias; sin embargo, Feliluke no rastrea sus otras actividades de navegaci\u00f3n web. Tenga en cuenta que algunos de los sitios web de nuestros clientes pueden utilizar cookies; por lo tanto, recomendamos que nuestros suscriptores se tomen el tiempo de revisar las pol\u00edticas de privacidad, cuando se proporcionen, de cualquier sitio web antes de ingresar su informaci\u00f3n.<\/p><p>Para los sitios web propiedad de Feliluke y\/o nuestros afiliados y operados por ellos, Feliluke utiliza archivos de registro. Estos archivos de registro pueden incluir direcciones de protocolo de Internet (IP), tipo de navegador, proveedor de servicios de Internet (ISP), p\u00e1ginas de referencia\/salida, tipo de plataforma, marca de fecha\/hora y n\u00famero de clics para analizar tendencias, administrar el sitio y rastrear el movimiento del usuario. en conjunto, y recopilar informaci\u00f3n demogr\u00e1fica amplia para uso agregado.<\/p><p>CONSENTIR<\/p><p>\u00bfC\u00d3MO OBTIENES MI CONSENTIMIENTO?<\/p><p>Al proporcionarnos informaci\u00f3n personal para completar una transacci\u00f3n, realizar un pedido, organizar una entrega o devolver una compra, usted acepta que recopilemos y utilicemos su informaci\u00f3n (la informaci\u00f3n de su tarjeta de cr\u00e9dito se analiza a continuaci\u00f3n). \u00bfC\u00d3MO RETIRA MI CONSENTIMIENTO? Puede retirar su consentimiento para que nos comuniquemos con usted haciendo clic en el bot\u00f3n &quot;Cancelar suscripci\u00f3n&quot; incluido en la parte inferior de cada correo electr\u00f3nico o contact\u00e1ndonos en info@feliluke.<\/p><p>Feliluke mantiene toda la informaci\u00f3n de identificaci\u00f3n personal en su base de datos patentada. Feliluke sigue dedicado a brindar avisos y opciones a todos los suscriptores de Feliluke. Todas y cada una de las ofertas de Feliluke brindan a los suscriptores la opci\u00f3n de cancelar la suscripci\u00f3n y eliminarse de nuestra base de datos. Una vez que un suscriptor se da de baja y elige ser eliminado de nuestra base de datos, ya no recibir\u00e1 ninguna oferta de Feliluke. Espere hasta 72 horas para que se complete el proceso de eliminaci\u00f3n. Sin embargo, tenga en cuenta que el suscriptor a\u00fan puede recibir ofertas de otros sitios web afiliados a los que se suscribi\u00f3. El suscriptor debe visitar esos sitios web para cancelar la suscripci\u00f3n o cancelar la suscripci\u00f3n a trav\u00e9s del enlace proporcionado en los anuncios por correo electr\u00f3nico del sitio web afiliado.<\/p><p>DIVULGACI\u00d3N<\/p><p>No compartimos su informaci\u00f3n personal con terceros sin su consentimiento excepto con lo siguiente:<\/p><p>PROCESANDO PAGO<\/p><p>Nuestra tienda est\u00e1 construida sobre una plataforma de software de comercio electr\u00f3nico llamada Shopify que nos permite venderle nuestros productos y servicios.<\/p><p>PAGO<\/p><p>Si nos proporciona la informaci\u00f3n de su tarjeta de cr\u00e9dito durante el proceso de pago, la enviamos a nuestra pasarela de pago compatible con PCI-DSS para su procesamiento utilizando tecnolog\u00eda de cifrado SSL. La informaci\u00f3n de su tarjeta de cr\u00e9dito nunca se almacena para su uso m\u00e1s all\u00e1 de su transacci\u00f3n actual. Todas las pasarelas de pago directo cumplen con los est\u00e1ndares establecidos por PCI-DSS gestionados por el PCI Security Standards Council, que es un esfuerzo conjunto de marcas como Visa, MasterCard, American Express y Discover. Los requisitos de PCI-DSS ayudan a garantizar el manejo seguro de la informaci\u00f3n de la tarjeta de cr\u00e9dito por parte de nuestra tienda y nuestros procesadores de pagos y proveedores de servicios.<\/p><p>SERVICIOS DE TERCEROS<\/p><p>Nuestra Pol\u00edtica no cubre ning\u00fan servicio de terceros. Para conocer las pr\u00e1cticas de privacidad de esos terceros, lea sus pol\u00edticas de privacidad.<\/p><p>ENLACES<\/p><p>Cuando hace clic en enlaces de nuestra tienda, es posible que lo redireccionen fuera de nuestro sitio. No somos responsables de las pr\u00e1cticas de privacidad de otros sitios web y le recomendamos que lea sus pol\u00edticas de privacidad.<\/p><p>SEGURIDAD<\/p><p>Para proteger su informaci\u00f3n personal, tomamos precauciones razonables y seguimos pr\u00e1cticas industriales generalmente aceptadas para asegurarnos de que no se pierda, utilice indebidamente, acceda, divulgue, altere o destruya de manera inapropiada. Si nos proporciona la informaci\u00f3n de su tarjeta de cr\u00e9dito, la informaci\u00f3n se transmite a nuestro servidor utilizando tecnolog\u00eda de capa de conexi\u00f3n segura (SSL) que emplea el est\u00e1ndar de cifrado AES-256.<\/p><p>MARKETING DE TEXTO Y NOTIFICACIONES<\/p><p>Marketing de texto y notificaciones: al suscribirse a notificaciones de texto, acepta recibir mensajes de texto de marketing automatizados recurrentes en el n\u00famero de tel\u00e9fono proporcionado. El consentimiento no es una condici\u00f3n de compra. Env\u00eda STOP para cancelar la suscripci\u00f3n o AYUDA para obtener ayuda. Se pueden aplicar tarifas de mensajes y datos. Ver T\u00e9rminos de uso y pol\u00edtica de privacidad.<\/p><p>SE APLICA LA LEY ESTADOUNIDENSE<\/p><p>Este sitio est\u00e1 destinado a usuarios ubicados en los Estados Unidos. Al enviarnos su informaci\u00f3n personal desde fuera de los EE. UU., usted acepta la aplicaci\u00f3n de las leyes de los EE. UU. y el uso y divulgaci\u00f3n de su informaci\u00f3n personal de conformidad con esta Pol\u00edtica de privacidad. Depende de usted determinar si acceder a este sitio y comprar nuestros productos es legal donde se encuentra. Usted accede a este sitio y compra nuestros productos bajo su propio riesgo, y es responsable del cumplimiento de todas las leyes, normas, regulaciones y tratados aplicables.<\/p><p>Canad\u00e1: SE APLICA LA LEY<\/p><p>Este sitio est\u00e1 destinado a usuarios ubicados en Canad\u00e1. Al enviarnos su Informaci\u00f3n personal desde fuera de Canad\u00e1, usted acepta la aplicaci\u00f3n de la ley de Canad\u00e1 y el uso y divulgaci\u00f3n de su informaci\u00f3n personal de conformidad con esta Pol\u00edtica de Privacidad. Depende de usted determinar si acceder a este sitio y comprar nuestros productos es legal donde se encuentra. Usted accede a este sitio y compra nuestros productos bajo su propio riesgo, y es responsable del cumplimiento de todas las leyes, normas, regulaciones y tratados aplicables.<\/p><p>CAMBIOS A ESTA POL\u00cdTICA DE PRIVACIDAD<\/p><p>Nos reservamos el derecho de modificar esta Pol\u00edtica de Privacidad en cualquier momento, as\u00ed que rev\u00edsela con frecuencia. Los cambios y aclaraciones entrar\u00e1n en vigor inmediatamente despu\u00e9s de su publicaci\u00f3n en el sitio web. Feliluke anima a los visitantes a consultar esta p\u00e1gina para conocer cualquier cambio en su Pol\u00edtica de Privacidad.<\/p><p>PREGUNTAS E INFORMACI\u00d3N DE CONTACTO<\/p><p>Si desea: acceder, corregir, modificar o eliminar cualquier informaci\u00f3n personal que tengamos sobre usted (aparte de la informaci\u00f3n generada autom\u00e1ticamente por su uso de nuestro sitio), registrar una queja o simplemente desea obtener m\u00e1s informaci\u00f3n, comun\u00edquese con nuestro equipo de servicio al cliente en <span style=\"text-decoration: underline; color: #0000ff;\"><a style=\"color: #0000ff; text-decoration: underline;\" href=\"mailto:info@feliluke.com\">info@feliluke.com<\/a><\/span>.<\/p>\t\t\t\t\t\t\t\t<\/div>\n\t\t\t\t<\/div>\n\t\t\t\t<section class=\"elementor-section elementor-inner-section elementor-element elementor-element-2350ed9a elementor-section-boxed elementor-section-height-default elementor-section-height-default\" data-id=\"2350ed9a\" data-element_type=\"section\" data-e-type=\"section\" data-settings=\"{&quot;background_background&quot;:&quot;gradient&quot;}\">\n\t\t\t\t\t\t<div class=\"elementor-container elementor-column-gap-default\">\n\t\t\t\t\t<div class=\"elementor-column elementor-col-100 elementor-inner-column elementor-element elementor-element-535a65e1\" data-id=\"535a65e1\" data-element_type=\"column\" data-e-type=\"column\">\n\t\t\t<div class=\"elementor-widget-wrap elementor-element-populated\">\n\t\t\t\t\t\t<div class=\"elementor-element elementor-element-3832190d elementor-widget elementor-widget-heading\" data-id=\"3832190d\" data-element_type=\"widget\" data-e-type=\"widget\" data-widget_type=\"heading.default\">\n\t\t\t\t\t\t<div class=\"elementor-widget-container\">\n\t\t\t\t\t<h2 class=\"elementor-heading-title elementor-size-default\">Bolet\u00edn informativo sobre muebles de exterior Feliluke<\/h2>\t\t\t\t<\/div>\n\t\t\t\t<\/div>\n\t\t\t\t<div class=\"elementor-element elementor-element-1f5b5f6e elementor-widget elementor-widget-text-editor\" data-id=\"1f5b5f6e\" data-element_type=\"widget\" data-e-type=\"widget\" data-widget_type=\"text-editor.default\">\n\t\t\t\t\t\t<div class=\"elementor-widget-container\">\n\t\t\t\t\t\t\t\t\t<p>Promociones, Nuevos Productos y Ventas. Directamente a tu bandeja de entrada.<\/p>\t\t\t\t\t\t\t\t<\/div>\n\t\t\t\t<\/div>\n\t\t\t\t<div class=\"elementor-element elementor-element-21050516 elementor-button-align-center elementor-widget elementor-widget-form\" data-id=\"21050516\" data-element_type=\"widget\" data-e-type=\"widget\" data-settings=\"{&quot;step_next_label&quot;:&quot;\\u4e0b\\u4e00\\u4e2a&quot;,&quot;step_previous_label&quot;:&quot;\\u4e0a\\u4e00\\u4e2a&quot;,&quot;button_width&quot;:&quot;100&quot;,&quot;step_type&quot;:&quot;number_text&quot;,&quot;step_icon_shape&quot;:&quot;circle&quot;}\" data-widget_type=\"form.default\">\n\t\t\t\t\t\t<div class=\"elementor-widget-container\">\n\t\t\t\t\t\t\t<form class=\"elementor-form\" method=\"post\" name=\"join newsletter-policy \u9875\u9762\" action=\"\">\n\t\t\t<input type=\"hidden\" name=\"post_id\" value=\"2934\"\/>\n\t\t\t<input type=\"hidden\" name=\"form_id\" value=\"21050516\"\/>\n\t\t\t<input type=\"hidden\" name=\"referer_title\" value=\"Privacy Policy - Feliluke\u00ae Package Delivery Box |Secure Lockable Package Box For Home &amp; Porch\" \/>\n\n\t\t\t\t\t\t\t<input type=\"hidden\" name=\"queried_id\" value=\"2934\"\/>\n\t\t\t\n\t\t\t<div class=\"elementor-form-fields-wrapper elementor-labels-above\">\n\t\t\t\t\t\t\t\t<div class=\"elementor-field-type-email elementor-field-group elementor-column elementor-field-group-email elementor-col-100 elementor-field-required\">\n\t\t\t\t\t\t\t\t\t\t\t\t\t<input size=\"1\" type=\"email\" name=\"form_fields[email]\" id=\"form-field-email\" class=\"elementor-field elementor-size-sm  elementor-field-textual\" placeholder=\"  *Correo electr\u00f3nico\" required=\"required\">\n\t\t\t\t\t\t\t\t\t\t\t<\/div>\n\t\t\t\t\t\t\t\t<div class=\"elementor-field-group elementor-column elementor-field-type-submit elementor-col-100 e-form__buttons\">\n\t\t\t\t\t<button class=\"elementor-button elementor-size-sm\" type=\"submit\">\n\t\t\t\t\t\t<span class=\"elementor-button-content-wrapper\">\n\t\t\t\t\t\t\t\t\t\t\t\t\t\t\t\t\t\t\t\t\t\t<span class=\"elementor-button-text\">Suscribir<\/span>\n\t\t\t\t\t\t\t\t\t\t\t\t\t<\/span>\n\t\t\t\t\t<\/button>\n\t\t\t\t<\/div>\n\t\t\t<\/div>\n\t\t<input type=\"hidden\" name=\"trp-form-language\" value=\"es\"\/><\/form>\n\t\t\t\t\t\t<\/div>\n\t\t\t\t<\/div>\n\t\t\t\t<div class=\"elementor-element elementor-element-228d9bab elementor-widget elementor-widget-text-editor\" data-id=\"228d9bab\" data-element_type=\"widget\" data-e-type=\"widget\" data-widget_type=\"text-editor.default\">\n\t\t\t\t\t\t<div class=\"elementor-widget-container\">\n\t\t\t\t\t\t\t\t\t<p style=\"text-align: center;\">Suscr\u00edbete a nuestro bolet\u00edn<\/p>\t\t\t\t\t\t\t\t<\/div>\n\t\t\t\t<\/div>\n\t\t\t\t\t<\/div>\n\t\t<\/div>\n\t\t\t\t\t<\/div>\n\t\t<\/section>\n\t\t\t\t\t<\/div>\n\t\t<\/div>\n\t\t\t\t\t<\/div>\n\t\t<\/section>\n\t\t\t\t<\/div>","protected":false},"excerpt":{"rendered":"<p>Pol\u00edtica de privacidad Actualizada el 23 de junio de 2023 Feliluke Outdoor Furniture es una empresa privada (\u201cnosotros\u201d, \u201cnos\u201d, \u201cnuestro\u201d o \u201cFeliluke\u201d). Este Acuerdo de T\u00e9rminos de uso (los \u201cT\u00e9rminos de uso\u201d) rige su relaci\u00f3n (en adelante \u201custed\u201d, \u201csu\u201d o \u201cusuario\u201d) con la Compa\u00f1\u00eda y el uso del Servicio de la Compa\u00f1\u00eda (el \u201cServicio\u201d). Al utilizar el Servicio, usted acepta estos T\u00e9rminos de uso y [\u2026]<\/p>","protected":false},"author":1,"featured_media":0,"parent":0,"menu_order":0,"comment_status":"closed","ping_status":"closed","template":"","meta":{"footnotes":""},"class_list":["post-2934","page","type-page","status-publish","hentry"],"_links":{"self":[{"href":"https:\/\/feliluke.com\/es\/wp-json\/wp\/v2\/pages\/2934","targetHints":{"allow":["GET"]}}],"collection":[{"href":"https:\/\/feliluke.com\/es\/wp-json\/wp\/v2\/pages"}],"about":[{"href":"https:\/\/feliluke.com\/es\/wp-json\/wp\/v2\/types\/page"}],"author":[{"embeddable":true,"href":"https:\/\/feliluke.com\/es\/wp-json\/wp\/v2\/users\/1"}],"replies":[{"embeddable":true,"href":"https:\/\/feliluke.com\/es\/wp-json\/wp\/v2\/comments?post=2934"}],"version-history":[{"count":0,"href":"https:\/\/feliluke.com\/es\/wp-json\/wp\/v2\/pages\/2934\/revisions"}],"wp:attachment":[{"href":"https:\/\/feliluke.com\/es\/wp-json\/wp\/v2\/media?parent=2934"}],"curies":[{"name":"wp","href":"https:\/\/api.w.org\/{rel}","templated":true}]}}