{"id":5748,"date":"2023-09-25T16:59:41","date_gmt":"2023-09-25T08:59:41","guid":{"rendered":"https:\/\/feliluke.com\/?page_id=5748"},"modified":"2023-11-30T16:37:34","modified_gmt":"2023-11-30T08:37:34","slug":"delivery-setup","status":"publish","type":"page","link":"https:\/\/feliluke.com\/es\/delivery-setup\/","title":{"rendered":"Configuraci\u00f3n de entrega"},"content":{"rendered":"<div data-elementor-type=\"wp-page\" data-elementor-id=\"5748\" class=\"elementor elementor-5748\" data-elementor-post-type=\"page\">\n\t\t\t\t\t\t<section class=\"elementor-section elementor-top-section elementor-element elementor-element-768176b4 elementor-section-boxed elementor-section-height-default elementor-section-height-default\" data-id=\"768176b4\" data-element_type=\"section\" data-e-type=\"section\">\n\t\t\t\t\t\t<div class=\"elementor-container elementor-column-gap-default\">\n\t\t\t\t\t<div class=\"elementor-column elementor-col-100 elementor-top-column elementor-element elementor-element-72a89891\" data-id=\"72a89891\" data-element_type=\"column\" data-e-type=\"column\">\n\t\t\t<div class=\"elementor-widget-wrap elementor-element-populated\">\n\t\t\t\t\t\t<div class=\"elementor-element elementor-element-36d64a61 elementor-widget elementor-widget-woocommerce-breadcrumb\" data-id=\"36d64a61\" data-element_type=\"widget\" data-e-type=\"widget\" data-widget_type=\"woocommerce-breadcrumb.default\">\n\t\t\t\t\t\t<div class=\"elementor-widget-container\">\n\t\t\t\t\t<nav class=\"woocommerce-breadcrumb\" aria-label=\"Breadcrumb\" data-no-translation=\"\" data-trp-gettext=\"\">Inicio<\/nav>\t\t\t\t<\/div>\n\t\t\t\t<\/div>\n\t\t\t\t\t<\/div>\n\t\t<\/div>\n\t\t\t\t\t<\/div>\n\t\t<\/section>\n\t\t\t\t<section class=\"elementor-section elementor-top-section elementor-element elementor-element-3f8e413e elementor-section-height-min-height elementor-section-content-middle elementor-section-boxed elementor-section-height-default elementor-section-items-middle\" data-id=\"3f8e413e\" data-element_type=\"section\" data-e-type=\"section\" data-settings=\"{&quot;background_background&quot;:&quot;gradient&quot;}\">\n\t\t\t\t\t\t<div class=\"elementor-container elementor-column-gap-default\">\n\t\t\t\t\t<div class=\"elementor-column elementor-col-100 elementor-top-column elementor-element elementor-element-209f76f5\" data-id=\"209f76f5\" data-element_type=\"column\" data-e-type=\"column\" data-settings=\"{&quot;background_background&quot;:&quot;classic&quot;}\">\n\t\t\t<div class=\"elementor-widget-wrap elementor-element-populated\">\n\t\t\t\t\t\t<div class=\"elementor-element elementor-element-255d8b2e elementor-widget elementor-widget-heading\" data-id=\"255d8b2e\" data-element_type=\"widget\" data-e-type=\"widget\" data-widget_type=\"heading.default\">\n\t\t\t\t\t\t<div class=\"elementor-widget-container\">\n\t\t\t\t\t<h1 class=\"elementor-heading-title elementor-size-default\">Configuraci\u00f3n de entrega<\/h1>\t\t\t\t<\/div>\n\t\t\t\t<\/div>\n\t\t\t\t\t<\/div>\n\t\t<\/div>\n\t\t\t\t\t<\/div>\n\t\t<\/section>\n\t\t\t\t<section class=\"elementor-section elementor-top-section elementor-element elementor-element-4037e353 elementor-section-content-middle elementor-section-height-min-height elementor-section-boxed elementor-section-height-default elementor-section-items-middle\" data-id=\"4037e353\" data-element_type=\"section\" data-e-type=\"section\">\n\t\t\t\t\t\t<div class=\"elementor-container elementor-column-gap-default\">\n\t\t\t\t\t<div class=\"elementor-column elementor-col-100 elementor-top-column elementor-element elementor-element-3ebf94de\" data-id=\"3ebf94de\" data-element_type=\"column\" data-e-type=\"column\">\n\t\t\t<div class=\"elementor-widget-wrap elementor-element-populated\">\n\t\t\t\t\t\t<div class=\"elementor-element elementor-element-35b7ee8 elementor-widget elementor-widget-heading\" data-id=\"35b7ee8\" data-element_type=\"widget\" data-e-type=\"widget\" data-widget_type=\"heading.default\">\n\t\t\t\t\t\t<div class=\"elementor-widget-container\">\n\t\t\t\t\t<h2 class=\"elementor-heading-title elementor-size-default\">Instrucciones para proveedores de servicios de entrega\n<\/h2>\t\t\t\t<\/div>\n\t\t\t\t<\/div>\n\t\t\t\t<div class=\"elementor-element elementor-element-ee1b5c1 elementor-widget elementor-widget-text-editor\" data-id=\"ee1b5c1\" data-element_type=\"widget\" data-e-type=\"widget\" data-widget_type=\"text-editor.default\">\n\t\t\t\t\t\t<div class=\"elementor-widget-container\">\n\t\t\t\t\t\t\t\t\t<p>\u00a0Inf\u00f3rmeles sobre la ubicaci\u00f3n de la caja de entrega de su paquete Feliluke y solicite la entrega dentro de ella. A continuaci\u00f3n se muestra un ejemplo de instrucciones claras:<\/p><ul><li>\u201cDeposite la entrega en el buz\u00f3n de entrega de paquetes de Feliluke, situado en el [porche\/camino de entrada\/etc.].<\/li><li>Abra la puerta y coloque de forma segura la entrega en el interior.<\/li><li>Luego, cierra la puerta\u201d.<\/li><\/ul>\t\t\t\t\t\t\t\t<\/div>\n\t\t\t\t<\/div>\n\t\t\t\t<div class=\"elementor-element elementor-element-5c4dfc6 elementor-widget elementor-widget-heading\" data-id=\"5c4dfc6\" data-element_type=\"widget\" data-e-type=\"widget\" data-widget_type=\"heading.default\">\n\t\t\t\t\t\t<div class=\"elementor-widget-container\">\n\t\t\t\t\t<h2 class=\"elementor-heading-title elementor-size-default\">Servicios de entrega comunes<\/h2>\t\t\t\t<\/div>\n\t\t\t\t<\/div>\n\t\t\t\t<div class=\"elementor-element elementor-element-e389c93 elementor-widget elementor-widget-heading\" data-id=\"e389c93\" data-element_type=\"widget\" data-e-type=\"widget\" data-widget_type=\"heading.default\">\n\t\t\t\t\t\t<div class=\"elementor-widget-container\">\n\t\t\t\t\t<h3 class=\"elementor-heading-title elementor-size-default\">UPS<\/h3>\t\t\t\t<\/div>\n\t\t\t\t<\/div>\n\t\t\t\t<div class=\"elementor-element elementor-element-6cf6e4fe elementor-widget elementor-widget-text-editor\" data-id=\"6cf6e4fe\" data-element_type=\"widget\" data-e-type=\"widget\" data-widget_type=\"text-editor.default\">\n\t\t\t\t\t\t<div class=\"elementor-widget-container\">\n\t\t\t\t\t\t\t\t\t<p>Reg\u00edstrese en UPS My Choice, una cuenta gratuita que le permite controlar las entregas de sus paquetes, incluido d\u00f3nde y cu\u00e1ndo llegan. Tenga en cuenta que ciertos servicios pueden implicar tarifas, como alterar sus preferencias de entrega.<\/p><p>Una vez que se haya registrado en My Choice, puede configurar las instrucciones de entrega siguiendo estos pasos:<\/p><ol><li>Iniciar sesi\u00f3n en <strong><a href=\"https:\/\/www.ups.com\/us\/en\/track\/ups-my-choice.page\" target=\"_blank\" rel=\"noopener\">Mi elecci\u00f3n<\/a><\/strong>.<\/li><li>Haga clic en su nombre en la esquina superior derecha para acceder a un men\u00fa desplegable.<\/li><li>Seleccione &quot;Preferencias&quot;.<\/li><li>En la secci\u00f3n &quot;UPS My Choice&quot;, haga clic en &quot;Editar preferencias&quot;.<\/li><li>Seleccione &quot;Instrucciones para el conductor&quot; y un men\u00fa desplegable mostrar\u00e1 una ventana con la etiqueta &quot;C\u00f3digo de seguridad de puerta o edificio&quot;. Aqu\u00ed puede ingresar los detalles de la ubicaci\u00f3n y las instrucciones necesarias.<\/li><li>Luego, simplemente haga clic en &quot;Guardar cambios&quot; y \u00a1listo!<\/li><\/ol>\t\t\t\t\t\t\t\t<\/div>\n\t\t\t\t<\/div>\n\t\t\t\t<div class=\"elementor-element elementor-element-408e66c elementor-widget elementor-widget-image\" data-id=\"408e66c\" data-element_type=\"widget\" data-e-type=\"widget\" data-widget_type=\"image.default\">\n\t\t\t\t\t\t<div class=\"elementor-widget-container\">\n\t\t\t\t\t\t\t\t\t\t\t\t\t\t\t<img fetchpriority=\"high\" decoding=\"async\" width=\"800\" height=\"647\" src=\"https:\/\/feliluke.com\/wp-content\/uploads\/2023\/09\/UPS-MY-CHOICE.png\" class=\"attachment-large size-large wp-image-5896\" alt=\"Permitir a los transportistas de UPS realizar entregas en el casillero de entrega de paquetes de Feliluke\" srcset=\"https:\/\/feliluke.com\/wp-content\/uploads\/2023\/09\/UPS-MY-CHOICE.png 998w, https:\/\/feliluke.com\/wp-content\/uploads\/2023\/09\/UPS-MY-CHOICE-300x243.png 300w, https:\/\/feliluke.com\/wp-content\/uploads\/2023\/09\/UPS-MY-CHOICE-768x621.png 768w, https:\/\/feliluke.com\/wp-content\/uploads\/2023\/09\/UPS-MY-CHOICE-15x12.png 15w, https:\/\/feliluke.com\/wp-content\/uploads\/2023\/09\/UPS-MY-CHOICE-600x485.png 600w\" sizes=\"(max-width: 800px) 100vw, 800px\" \/>\t\t\t\t\t\t\t\t\t\t\t\t\t\t\t<\/div>\n\t\t\t\t<\/div>\n\t\t\t\t<div class=\"elementor-element elementor-element-8c923fc elementor-widget elementor-widget-heading\" data-id=\"8c923fc\" data-element_type=\"widget\" data-e-type=\"widget\" data-widget_type=\"heading.default\">\n\t\t\t\t\t\t<div class=\"elementor-widget-container\">\n\t\t\t\t\t<h3 class=\"elementor-heading-title elementor-size-default\">FEDEX<\/h3>\t\t\t\t<\/div>\n\t\t\t\t<\/div>\n\t\t\t\t<div class=\"elementor-element elementor-element-89bb148 elementor-widget elementor-widget-text-editor\" data-id=\"89bb148\" data-element_type=\"widget\" data-e-type=\"widget\" data-widget_type=\"text-editor.default\">\n\t\t\t\t\t\t<div class=\"elementor-widget-container\">\n\t\t\t\t\t\t\t\t\t<p>Para comenzar, cree una cuenta en el sitio web de FedEx e inicie sesi\u00f3n. Siga estos pasos:<\/p><ol><li>En la esquina superior derecha, haz clic en tu nombre.<\/li><li>En el men\u00fa desplegable, seleccione &quot;Mi perfil&quot;.<\/li><li>En el lado izquierdo, elija &quot;FedEx Delivery Manager&quot;.<\/li><li>Despl\u00e1cese hacia abajo hasta la secci\u00f3n denominada &quot;Direcci\u00f3n(es) de entrega para&quot;. Si su direcci\u00f3n de entrega no aparece en la lista, agr\u00e9guela. Si ya est\u00e1 all\u00ed, haga clic en &quot;Ver\/Editar&quot;.<\/li><li>Dentro de la secci\u00f3n &quot;Instrucciones de entrega&quot;, haga clic en &quot;Editar&quot;.<\/li><li>En esta secci\u00f3n, encontrar\u00e1 un men\u00fa desplegable de ubicaci\u00f3n y un \u00e1rea titulada &quot;Ayude a encontrar su direcci\u00f3n&quot;. Aqu\u00ed puede ingresar sus instrucciones espec\u00edficas de Feliluke. Tenga en cuenta que hay un l\u00edmite de 35 caracteres para este campo.<\/li><\/ol><p>\u00a1Completa estos pasos y estar\u00e1s listo!<\/p><p><a href=\"https:\/\/www.youtube.com\/watch?v=fISJMf4O5yY&amp;t=1s\" target=\"_blank\" rel=\"noopener\"><span style=\"text-decoration: underline;\">**Haga clic en la imagen a continuaci\u00f3n para ver el video de instrucciones.<\/span><\/a><\/p>\t\t\t\t\t\t\t\t<\/div>\n\t\t\t\t<\/div>\n\t\t\t\t<div class=\"elementor-element elementor-element-e2a99c5 elementor-widget elementor-widget-image\" data-id=\"e2a99c5\" data-element_type=\"widget\" data-e-type=\"widget\" data-widget_type=\"image.default\">\n\t\t\t\t\t\t<div class=\"elementor-widget-container\">\n\t\t\t\t\t\t\t\t\t\t\t\t<figure class=\"wp-caption\">\n\t\t\t\t\t\t\t\t\t\t\t<a href=\"https:\/\/www.youtube.com\/watch?v=fISJMf4O5yY&#038;t=1s\" target=\"_blank\" rel=\"noopener\">\n\t\t\t\t\t\t\t<img decoding=\"async\" width=\"800\" height=\"450\" src=\"https:\/\/feliluke.com\/wp-content\/uploads\/2023\/09\/maxresdefault-1024x576.jpg\" class=\"attachment-large size-large wp-image-5848\" alt=\"FedEx Delivery Manager: C\u00f3mo utilizar las Instrucciones de entrega.mp4\" srcset=\"https:\/\/feliluke.com\/wp-content\/uploads\/2023\/09\/maxresdefault-1024x576.jpg 1024w, https:\/\/feliluke.com\/wp-content\/uploads\/2023\/09\/maxresdefault-300x169.jpg 300w, https:\/\/feliluke.com\/wp-content\/uploads\/2023\/09\/maxresdefault-768x432.jpg 768w, https:\/\/feliluke.com\/wp-content\/uploads\/2023\/09\/maxresdefault-18x10.jpg 18w, https:\/\/feliluke.com\/wp-content\/uploads\/2023\/09\/maxresdefault-600x338.jpg 600w, https:\/\/feliluke.com\/wp-content\/uploads\/2023\/09\/maxresdefault.jpg 1280w\" sizes=\"(max-width: 800px) 100vw, 800px\" \/>\t\t\t\t\t\t\t\t<\/a>\n\t\t\t\t\t\t\t\t\t\t\t<figcaption class=\"widget-image-caption wp-caption-text\">FedEx Delivery Manager\u00ae: C\u00f3mo utilizar las Instrucciones de entrega.mp4<\/figcaption>\n\t\t\t\t\t\t\t\t\t\t<\/figure>\n\t\t\t\t\t\t\t\t\t<\/div>\n\t\t\t\t<\/div>\n\t\t\t\t<div class=\"elementor-element elementor-element-22336a1 elementor-widget elementor-widget-heading\" data-id=\"22336a1\" data-element_type=\"widget\" data-e-type=\"widget\" data-widget_type=\"heading.default\">\n\t\t\t\t\t\t<div class=\"elementor-widget-container\">\n\t\t\t\t\t<h3 class=\"elementor-heading-title elementor-size-default\">USPS<\/h3>\t\t\t\t<\/div>\n\t\t\t\t<\/div>\n\t\t\t\t<div class=\"elementor-element elementor-element-f1d48ea elementor-widget elementor-widget-text-editor\" data-id=\"f1d48ea\" data-element_type=\"widget\" data-e-type=\"widget\" data-widget_type=\"text-editor.default\">\n\t\t\t\t\t\t<div class=\"elementor-widget-container\">\n\t\t\t\t\t\t\t\t\t<p>Para comenzar con USPS Informed Delivery, <strong><a href=\"https:\/\/www.usps.com\/\" target=\"_blank\" rel=\"noopener\">haga clic aqu\u00ed<\/a><\/strong>. Una vez que haya completado la configuraci\u00f3n, navegue hasta &quot;Configuraci\u00f3n&quot; para habilitar las alertas de paquetes por mensaje de texto o correo electr\u00f3nico.<\/p><p>Para env\u00edos futuros, si su paquete califica para el servicio USPS Delivery Directions\u2122, puede especificar el lugar de entrega deseado en su direcci\u00f3n, redirigirlo a una direcci\u00f3n diferente o retenerlo en su oficina postal local.<\/p><p>Para enviar su solicitud, simplemente haga clic en &quot;Cambiar instrucciones de entrega&quot; en la p\u00e1gina de resultados de seguimiento. Si no ve el enlace &quot;Cambiar instrucciones de entrega&quot;, significa que su paquete no es elegible para el servicio de Instrucciones de entrega.<\/p>\t\t\t\t\t\t\t\t<\/div>\n\t\t\t\t<\/div>\n\t\t\t\t<div class=\"elementor-element elementor-element-6e9d209 elementor-widget elementor-widget-image\" data-id=\"6e9d209\" data-element_type=\"widget\" data-e-type=\"widget\" data-widget_type=\"image.default\">\n\t\t\t\t\t\t<div class=\"elementor-widget-container\">\n\t\t\t\t\t\t\t\t\t\t\t\t<figure class=\"wp-caption\">\n\t\t\t\t\t\t\t\t\t\t<img decoding=\"async\" width=\"800\" height=\"132\" src=\"https:\/\/feliluke.com\/wp-content\/uploads\/2023\/09\/PPCn3SpRRtTya79tPdfyMNIyaDaLfQpkvChOY5SNZVLkzUW2tg85tRw4W455udLoryrLn_ToCgE_w1707-fcrop64_1_00005a57-1024x169.jpg\" class=\"attachment-large size-large wp-image-5869\" alt=\"c\u00f3mo notar que USPS entrega paquetes a mi correo y buz\u00f3n de paquetes\" srcset=\"https:\/\/feliluke.com\/wp-content\/uploads\/2023\/09\/PPCn3SpRRtTya79tPdfyMNIyaDaLfQpkvChOY5SNZVLkzUW2tg85tRw4W455udLoryrLn_ToCgE_w1707-fcrop64_1_00005a57-1024x169.jpg 1024w, https:\/\/feliluke.com\/wp-content\/uploads\/2023\/09\/PPCn3SpRRtTya79tPdfyMNIyaDaLfQpkvChOY5SNZVLkzUW2tg85tRw4W455udLoryrLn_ToCgE_w1707-fcrop64_1_00005a57-300x50.jpg 300w, https:\/\/feliluke.com\/wp-content\/uploads\/2023\/09\/PPCn3SpRRtTya79tPdfyMNIyaDaLfQpkvChOY5SNZVLkzUW2tg85tRw4W455udLoryrLn_ToCgE_w1707-fcrop64_1_00005a57-768x127.jpg 768w, https:\/\/feliluke.com\/wp-content\/uploads\/2023\/09\/PPCn3SpRRtTya79tPdfyMNIyaDaLfQpkvChOY5SNZVLkzUW2tg85tRw4W455udLoryrLn_ToCgE_w1707-fcrop64_1_00005a57-1536x254.jpg 1536w, https:\/\/feliluke.com\/wp-content\/uploads\/2023\/09\/PPCn3SpRRtTya79tPdfyMNIyaDaLfQpkvChOY5SNZVLkzUW2tg85tRw4W455udLoryrLn_ToCgE_w1707-fcrop64_1_00005a57-18x3.jpg 18w, https:\/\/feliluke.com\/wp-content\/uploads\/2023\/09\/PPCn3SpRRtTya79tPdfyMNIyaDaLfQpkvChOY5SNZVLkzUW2tg85tRw4W455udLoryrLn_ToCgE_w1707-fcrop64_1_00005a57-1320x218.jpg 1320w, https:\/\/feliluke.com\/wp-content\/uploads\/2023\/09\/PPCn3SpRRtTya79tPdfyMNIyaDaLfQpkvChOY5SNZVLkzUW2tg85tRw4W455udLoryrLn_ToCgE_w1707-fcrop64_1_00005a57-600x99.jpg 600w, https:\/\/feliluke.com\/wp-content\/uploads\/2023\/09\/PPCn3SpRRtTya79tPdfyMNIyaDaLfQpkvChOY5SNZVLkzUW2tg85tRw4W455udLoryrLn_ToCgE_w1707-fcrop64_1_00005a57.jpg 1707w\" sizes=\"(max-width: 800px) 100vw, 800px\" \/>\t\t\t\t\t\t\t\t\t\t\t<figcaption class=\"widget-image-caption wp-caption-text\"><\/figcaption>\n\t\t\t\t\t\t\t\t\t\t<\/figure>\n\t\t\t\t\t\t\t\t\t<\/div>\n\t\t\t\t<\/div>\n\t\t\t\t<div class=\"elementor-element elementor-element-4e000d7 elementor-widget elementor-widget-heading\" data-id=\"4e000d7\" data-element_type=\"widget\" data-e-type=\"widget\" data-widget_type=\"heading.default\">\n\t\t\t\t\t\t<div class=\"elementor-widget-container\">\n\t\t\t\t\t<h3 class=\"elementor-heading-title elementor-size-default\">AMAZONAS<\/h3>\t\t\t\t<\/div>\n\t\t\t\t<\/div>\n\t\t\t\t<div class=\"elementor-element elementor-element-73913e1 elementor-widget elementor-widget-text-editor\" data-id=\"73913e1\" data-element_type=\"widget\" data-e-type=\"widget\" data-widget_type=\"text-editor.default\">\n\t\t\t\t\t\t<div class=\"elementor-widget-container\">\n\t\t\t\t\t\t\t\t\t<ol><li>Comience estableciendo una cuenta de compras personal en <span style=\"text-decoration: underline;\"><a href=\"https:\/\/www.amazon.com\/\" target=\"_blank\" rel=\"noopener\"><strong>Amazon.com<\/strong><\/a><\/span>.<\/li><li>Dentro de la configuraci\u00f3n de &quot;Su cuenta&quot;, navegue hasta &quot;Sus direcciones&quot;.<\/li><li>Para actualizar una direcci\u00f3n, elija &quot;Editar&quot; para la direcci\u00f3n en cuesti\u00f3n.<\/li><li>Especifique la ubicaci\u00f3n de su Feliluke Box en su residencia, ya sea en su porche delantero, puerta trasera, porche lateral u otra \u00e1rea designada.<\/li><li>Contin\u00fae con &quot;Agregar instrucciones de entrega&quot;, donde podr\u00e1 detallar el uso de su caja de entrega de paquetes s\u00faper grande Feliluke, especificar su ubicaci\u00f3n exacta en su hogar y brindar instrucciones sobre c\u00f3mo acceder a ella.<\/li><li>Complete el proceso seleccionando &quot;Guardar cambios&quot;.<\/li><li>\u00a0<\/li><\/ol><p>Estos pasos garantizar\u00e1n entregas fluidas y eficientes con su Feliluke Package Delivery Box.<\/p>\t\t\t\t\t\t\t\t<\/div>\n\t\t\t\t<\/div>\n\t\t\t\t<div class=\"elementor-element elementor-element-60335ac elementor-widget elementor-widget-image\" data-id=\"60335ac\" data-element_type=\"widget\" data-e-type=\"widget\" data-widget_type=\"image.default\">\n\t\t\t\t\t\t<div class=\"elementor-widget-container\">\n\t\t\t\t\t\t\t\t\t\t\t\t<figure class=\"wp-caption\">\n\t\t\t\t\t\t\t\t\t\t<img loading=\"lazy\" decoding=\"async\" width=\"583\" height=\"360\" src=\"https:\/\/feliluke.com\/wp-content\/uploads\/2023\/09\/AMAZON.png\" class=\"attachment-large size-large wp-image-5888\" alt=\"Permitir a los transportistas de Amazon realizar entregas en la caja de entrega de paquetes de Feliluke\" srcset=\"https:\/\/feliluke.com\/wp-content\/uploads\/2023\/09\/AMAZON.png 583w, https:\/\/feliluke.com\/wp-content\/uploads\/2023\/09\/AMAZON-300x185.png 300w, https:\/\/feliluke.com\/wp-content\/uploads\/2023\/09\/AMAZON-18x12.png 18w\" sizes=\"(max-width: 583px) 100vw, 583px\" \/>\t\t\t\t\t\t\t\t\t\t\t<figcaption class=\"widget-image-caption wp-caption-text\">Permitir a los transportistas de Amazon realizar entregas en la caja de entrega de paquetes de Feliluke<\/figcaption>\n\t\t\t\t\t\t\t\t\t\t<\/figure>\n\t\t\t\t\t\t\t\t\t<\/div>\n\t\t\t\t<\/div>\n\t\t\t\t<div class=\"elementor-element elementor-element-7015a02 elementor-cta--layout-image-right elementor-cta--mobile-layout-image-above elementor-cta--valign-middle elementor-widget__width-initial elementor-cta--skin-classic elementor-animated-content elementor-bg-transform elementor-bg-transform-zoom-in elementor-widget elementor-widget-call-to-action\" data-id=\"7015a02\" data-element_type=\"widget\" data-e-type=\"widget\" data-widget_type=\"call-to-action.default\">\n\t\t\t\t\t\t<div class=\"elementor-widget-container\">\n\t\t\t\t\t\t\t<div class=\"elementor-cta\">\n\t\t\t\t\t<div class=\"elementor-cta__bg-wrapper\">\n\t\t\t\t<div class=\"elementor-cta__bg elementor-bg\" style=\"background-image: url(https:\/\/feliluke.com\/wp-content\/uploads\/2023\/06\/1-1-300x300.jpg);\" role=\"img\" aria-label=\"se\u00f1al de entrega de paquetes feluke pegatinas\"><\/div>\n\t\t\t\t<div class=\"elementor-cta__bg-overlay\"><\/div>\n\t\t\t<\/div>\n\t\t\t\t\t\t\t<div class=\"elementor-cta__content\">\n\t\t\t\t\n\t\t\t\t\t\t\t\t\t<h2 class=\"elementor-cta__title elementor-cta__content-item elementor-content-item\">\n\t\t\t\t\t\tEtiquetas engomadas de la muestra del paquete\t\t\t\t\t<\/h2>\n\t\t\t\t\n\t\t\t\t\t\t\t\t\t<div class=\"elementor-cta__description elementor-cta__content-item elementor-content-item\">\n\t\t\t\t\t\ttama\u00f1o perfecto y visibilidad clara \t\t\t\t\t<\/div>\n\t\t\t\t\n\t\t\t\t\t\t\t\t\t<div class=\"elementor-cta__button-wrapper elementor-cta__content-item elementor-content-item\">\n\t\t\t\t\t<a class=\"elementor-cta__button elementor-button elementor-size-md\">\n\t\t\t\t\t\tA\u00f1adir a la cesta\t\t\t\t\t<\/a>\n\t\t\t\t\t<\/div>\n\t\t\t\t\t\t\t<\/div>\n\t\t\t\t\t\t\t<div class=\"elementor-ribbon elementor-ribbon-right\">\n\t\t\t\t<div class=\"elementor-ribbon-inner\">\u00a1CALIENTE!<\/div>\n\t\t\t<\/div>\n\t\t\t\t<\/div>\n\t\t\t\t\t\t<\/div>\n\t\t\t\t<\/div>\n\t\t\t\t\t<\/div>\n\t\t<\/div>\n\t\t\t\t\t<\/div>\n\t\t<\/section>\n\t\t\t\t<\/div>","protected":false},"excerpt":{"rendered":"<p>C\u00f3mo notificar a sus proveedores de servicios de entrega c\u00f3mo utilizar su nueva casilla de correo o entrega de paquetes Feliluke. Configure todos sus operadores comunes con facilidad.<\/p>","protected":false},"author":1,"featured_media":5749,"parent":0,"menu_order":0,"comment_status":"closed","ping_status":"closed","template":"","meta":{"footnotes":""},"class_list":["post-5748","page","type-page","status-publish","has-post-thumbnail","hentry"],"_links":{"self":[{"href":"https:\/\/feliluke.com\/es\/wp-json\/wp\/v2\/pages\/5748","targetHints":{"allow":["GET"]}}],"collection":[{"href":"https:\/\/feliluke.com\/es\/wp-json\/wp\/v2\/pages"}],"about":[{"href":"https:\/\/feliluke.com\/es\/wp-json\/wp\/v2\/types\/page"}],"author":[{"embeddable":true,"href":"https:\/\/feliluke.com\/es\/wp-json\/wp\/v2\/users\/1"}],"replies":[{"embeddable":true,"href":"https:\/\/feliluke.com\/es\/wp-json\/wp\/v2\/comments?post=5748"}],"version-history":[{"count":0,"href":"https:\/\/feliluke.com\/es\/wp-json\/wp\/v2\/pages\/5748\/revisions"}],"wp:featuredmedia":[{"embeddable":true,"href":"https:\/\/feliluke.com\/es\/wp-json\/wp\/v2\/media\/5749"}],"wp:attachment":[{"href":"https:\/\/feliluke.com\/es\/wp-json\/wp\/v2\/media?parent=5748"}],"curies":[{"name":"wp","href":"https:\/\/api.w.org\/{rel}","templated":true}]}}