{"id":1550,"date":"2023-06-15T09:50:26","date_gmt":"2023-06-15T01:50:26","guid":{"rendered":"https:\/\/feliluke.com\/?post_type=product&#038;p=1550"},"modified":"2025-01-03T15:39:31","modified_gmt":"2025-01-03T07:39:31","slug":"package-delivery-box-black-color","status":"publish","type":"product","link":"https:\/\/feliluke.com\/es\/producto\/package-delivery-box-black-color\/","title":{"rendered":"Caja de entrega de paquetes negra"},"content":{"rendered":"<p>La caja de entrega de paquetes negra de Feliluke asegura sus valiosas entregas con su dise\u00f1o resistente a la intemperie y con cerradura. Es f\u00e1cil de usar para todos los repartidores y de f\u00e1cil acceso para usted con su clave personal. La caja presenta un color negro cl\u00e1sico y un dise\u00f1o moderno, lo que garantiza que coincida con la est\u00e9tica de su hogar y al mismo tiempo protege los paquetes de da\u00f1os o piratas en el porche.<\/p>\n<p>Dimensiones externas: 40\u2033 H x 18\u2033 W x 15\u2033 D. Peso: 36 lbs<\/p>","protected":false},"excerpt":{"rendered":"<p>Todo en una sola caja. La caja de entrega de paquetes Feliluke tiene un dise\u00f1o moderno que recibe tanto paquetes como correo. Es seguro y lo suficientemente grande como para guardar sus paquetes durante varios d\u00edas. Col\u00f3quelo en su porche o en la acera. Ya no te preocupes por tus paquetes.  Dimensiones (ancho x profundidad x alto) \u2013 [\u2026]<\/p>","protected":false},"featured_media":11155,"template":"","meta":[],"product_brand":[],"product_cat":[73],"product_tag":[112],"class_list":{"0":"post-1550","1":"product","2":"type-product","3":"status-publish","4":"has-post-thumbnail","6":"product_cat-mail-package-box","7":"product_tag-black-box","9":"first","10":"instock","11":"sale","12":"taxable","13":"shipping-taxable","14":"purchasable","15":"product-type-simple"},"_links":{"self":[{"href":"https:\/\/feliluke.com\/es\/wp-json\/wp\/v2\/product\/1550","targetHints":{"allow":["GET"]}}],"collection":[{"href":"https:\/\/feliluke.com\/es\/wp-json\/wp\/v2\/product"}],"about":[{"href":"https:\/\/feliluke.com\/es\/wp-json\/wp\/v2\/types\/product"}],"wp:featuredmedia":[{"embeddable":true,"href":"https:\/\/feliluke.com\/es\/wp-json\/wp\/v2\/media\/11155"}],"wp:attachment":[{"href":"https:\/\/feliluke.com\/es\/wp-json\/wp\/v2\/media?parent=1550"}],"wp:term":[{"taxonomy":"product_brand","embeddable":true,"href":"https:\/\/feliluke.com\/es\/wp-json\/wp\/v2\/product_brand?post=1550"},{"taxonomy":"product_cat","embeddable":true,"href":"https:\/\/feliluke.com\/es\/wp-json\/wp\/v2\/product_cat?post=1550"},{"taxonomy":"product_tag","embeddable":true,"href":"https:\/\/feliluke.com\/es\/wp-json\/wp\/v2\/product_tag?post=1550"}],"curies":[{"name":"wp","href":"https:\/\/api.w.org\/{rel}","templated":true}]}}