{"id":2934,"date":"2023-06-21T07:39:51","date_gmt":"2023-06-21T07:39:51","guid":{"rendered":"https:\/\/feliluke.com\/?page_id=2934"},"modified":"2023-09-01T13:45:33","modified_gmt":"2023-09-01T05:45:33","slug":"privacy-policy","status":"publish","type":"page","link":"https:\/\/feliluke.com\/fr\/privacy-policy\/","title":{"rendered":"politique de confidentialit\u00e9"},"content":{"rendered":"<div data-elementor-type=\"wp-page\" data-elementor-id=\"2934\" class=\"elementor elementor-2934\" data-elementor-post-type=\"page\">\n\t\t\t\t\t\t<section class=\"elementor-section elementor-top-section elementor-element elementor-element-6793ff38 elementor-section-boxed elementor-section-height-default elementor-section-height-default\" data-id=\"6793ff38\" data-element_type=\"section\" data-e-type=\"section\" data-settings=\"{&quot;background_background&quot;:&quot;classic&quot;}\">\n\t\t\t\t\t\t<div class=\"elementor-container elementor-column-gap-default\">\n\t\t\t\t\t<div class=\"elementor-column elementor-col-100 elementor-top-column elementor-element elementor-element-7ea93288\" data-id=\"7ea93288\" data-element_type=\"column\" data-e-type=\"column\">\n\t\t\t<div class=\"elementor-widget-wrap elementor-element-populated\">\n\t\t\t\t\t\t<div class=\"elementor-element elementor-element-78dd3b98 elementor-widget elementor-widget-woocommerce-breadcrumb\" data-id=\"78dd3b98\" data-element_type=\"widget\" data-e-type=\"widget\" data-widget_type=\"woocommerce-breadcrumb.default\">\n\t\t\t\t\t\t<div class=\"elementor-widget-container\">\n\t\t\t\t\t<nav class=\"woocommerce-breadcrumb\" aria-label=\"Breadcrumb\" data-no-translation=\"\" data-trp-gettext=\"\">Accueil<\/nav>\t\t\t\t<\/div>\n\t\t\t\t<\/div>\n\t\t\t\t<div class=\"elementor-element elementor-element-3635c76e elementor-widget elementor-widget-heading\" data-id=\"3635c76e\" data-element_type=\"widget\" data-e-type=\"widget\" data-widget_type=\"heading.default\">\n\t\t\t\t\t\t<div class=\"elementor-widget-container\">\n\t\t\t\t\t<h1 class=\"elementor-heading-title elementor-size-default\">politique de confidentialit\u00e9<\/h1>\t\t\t\t<\/div>\n\t\t\t\t<\/div>\n\t\t\t\t<div class=\"elementor-element elementor-element-70c8c117 elementor-widget elementor-widget-text-editor\" data-id=\"70c8c117\" data-element_type=\"widget\" data-e-type=\"widget\" data-widget_type=\"text-editor.default\">\n\t\t\t\t\t\t<div class=\"elementor-widget-container\">\n\t\t\t\t\t\t\t\t\t<p>Mis \u00e0 jour le 23\/06\/2023<\/p>\t\t\t\t\t\t\t\t<\/div>\n\t\t\t\t<\/div>\n\t\t\t\t<div class=\"elementor-element elementor-element-5870c908 elementor-widget elementor-widget-text-editor\" data-id=\"5870c908\" data-element_type=\"widget\" data-e-type=\"widget\" data-widget_type=\"text-editor.default\">\n\t\t\t\t\t\t<div class=\"elementor-widget-container\">\n\t\t\t\t\t\t\t\t\t<p>Feliluke Outdoor Furniture est une soci\u00e9t\u00e9 priv\u00e9e (\u00ab nous \u00bb, \u00ab notre \u00bb ou \u00ab Feliluke \u00bb). Le pr\u00e9sent Contrat de Conditions d&#039;Utilisation (les \u00ab Conditions d&#039;Utilisation \u00bb) r\u00e9git votre relation (ci-apr\u00e8s \u00ab vous \u00bb, \u00ab votre \u00bb ou \u00ab utilisateur \u00bb) avec la Soci\u00e9t\u00e9 et l&#039;utilisation du Service de la Soci\u00e9t\u00e9 (le \u00ab Service \u00bb). En utilisant le Service, vous acceptez les pr\u00e9sentes Conditions d&#039;Utilisation et toutes les modifications qui peuvent y \u00eatre apport\u00e9es de temps \u00e0 autre.<\/p><p>La confidentialit\u00e9 de nos abonn\u00e9s est d&#039;une importance primordiale chez Feliluke. Il est important que nos abonn\u00e9s soient pleinement inform\u00e9s de l&#039;utilisation de leurs informations personnelles avant de choisir de s&#039;abonner \u00e0 Feliluke. Feliluke attache une grande importance \u00e0 votre vie priv\u00e9e \u00e9lectronique.<\/p><p>Feliluke croit au marketing bas\u00e9 sur la permission 100%. Feliluke collecte les informations que vous fournissez sur nos sites Web. Pour vous abonner, vous devez fournir votre pr\u00e9nom, votre nom et votre adresse e-mail. Feliluke et\/ou nos soci\u00e9t\u00e9s affili\u00e9es peuvent de temps \u00e0 autre vous envoyer des offres de biens et de services correspondant aux cat\u00e9gories d&#039;int\u00e9r\u00eat que vous avez choisies. Feliluke diffusera des offres sp\u00e9ciales qui pourraient \u00eatre utiles \u00e0 tout consommateur en ligne \u00e0 tous les abonn\u00e9s Feliluke.<\/p><p>Les sites Web de Feliluke sont destin\u00e9s \u00e0 \u00eatre utilis\u00e9s uniquement par des adultes. Feliluke se conforme \u00e0 la loi sur la protection de la vie priv\u00e9e des enfants en ligne et ne sollicite ni ne collecte sciemment d&#039;informations aupr\u00e8s des enfants.<\/p><p>QUELLES INFORMATIONS RECUEILLONS-NOUS ET QU&#039;EN FAISONS-NOUS ?<\/p><p>Lorsque vous achetez quelque chose dans notre boutique ou que vous vous inscrivez sur Feliluke, dans le cadre du processus d&#039;achat et de vente, nous collectons les informations personnelles que vous nous fournissez, telles que votre nom, votre adresse, votre adresse e-mail et l&#039;historique de vos commandes. Nous utilisons \u00e9galement des cookies et d&#039;autres outils qui collectent des informations qui facilitent l&#039;utilisation de notre boutique et de notre site Web.<\/p><p>Lorsque vous visitez notre site Web, certaines informations sont automatiquement collect\u00e9es. Il peut s&#039;agir d&#039;informations telles que le syst\u00e8me d&#039;exploitation (OS) ex\u00e9cut\u00e9 sur votre appareil, l&#039;adresse IP (Internet Protocol) (qui peut \u00eatre utilis\u00e9e pour obtenir votre g\u00e9olocalisation), les heures d&#039;acc\u00e8s, le type de navigateur et la langue, ainsi que le site Web que vous avez visit\u00e9 avant notre site. Nous collectons \u00e9galement des informations sur la fa\u00e7on dont vous utilisez notre site Web, y compris les \u00e9l\u00e9ments avec lesquels vous avez interagi, les m\u00e9tadonn\u00e9es et autres d\u00e9tails sur ces \u00e9l\u00e9ments, les \u00e9tats de changement et autres actions de l&#039;utilisateur.<\/p><p>MARKETING PAR COURRIEL<\/p><p>En vous inscrivant sur Feliluke et en nous fournissant votre adresse e-mail, vous donnez votre consentement pour recevoir des promotions ou des newsletters de Feliluke et\/ou de nos affili\u00e9s. Vous avez la possibilit\u00e9 de vous d\u00e9sabonner de ces e-mails \u00e0 tout moment en cliquant sur le bouton \u00ab Se d\u00e9sabonner \u00bb inclus au bas de chaque e-mail. Alternativement, pour vous d\u00e9sabonner des promotions par e-mail de Feliluke uniquement, vous pouvez envoyer un e-mail \u00e0 <span style=\"color: #ff0000;\"><a style=\"color: #ff0000;\" href=\"mailto:info@feliluke.com\"><span style=\"text-decoration: underline;\"><span style=\"color: #0000ff; text-decoration: underline;\">info@feliluke.com<\/span><\/span><\/a><\/span>Veuillez noter que l\u2019exercice d\u2019un m\u00e9canisme de retrait ne s\u2019applique qu\u2019\u00e0 l\u2019entreprise aupr\u00e8s de laquelle vous avez exerc\u00e9 ce droit.<\/p><p>COMMENT NOUS UTILISONS VOS INFORMATIONS<\/p><p>En g\u00e9n\u00e9ral, nous utilisons les informations que nous collectons principalement pour fournir, maintenir, prot\u00e9ger et am\u00e9liorer notre site et nos produits actuels et pour d\u00e9velopper de nouveaux produits. Nous utilisons les informations personnelles collect\u00e9es via notre site comme d\u00e9crit ci-dessous et d\u00e9crit ailleurs dans la pr\u00e9sente politique pour : vous identifier en tant qu&#039;utilisateur dans notre syst\u00e8me ; faciliter la cr\u00e9ation et la s\u00e9curisation de votre compte sur notre r\u00e9seau ; am\u00e9liorer nos produits, notre site Web et le fonctionnement de notre entreprise ; comprendre et am\u00e9liorer votre exp\u00e9rience d&#039;utilisation de notre site et de nos produits ; fournir et livrer les produits que vous demandez ; r\u00e9pondre \u00e0 vos commentaires ou questions et pour que notre \u00e9quipe du service client fournisse et am\u00e9liore le service ; vous envoyer des informations connexes, y compris des confirmations, des factures, des avis techniques, des mises \u00e0 jour, des alertes de s\u00e9curit\u00e9 et des messages d&#039;assistance et d&#039;administration ; communiquer avec vous au sujet des promotions, des \u00e9v\u00e9nements \u00e0 venir et des actualit\u00e9s sur les produits et services propos\u00e9s par Feliluke et nos partenaires s\u00e9lectionn\u00e9s, et \u00e0 d&#039;autres fins de marketing de Feliluke ; lier ou combiner vos informations avec d&#039;autres informations que nous obtenons de tiers pour nous aider \u00e0 comprendre vos besoins et vous fournir un meilleur service ; et prot\u00e9ger, enqu\u00eater et dissuader les activit\u00e9s frauduleuses, non autoris\u00e9es ou ill\u00e9gales.<\/p><p>Feliluke \u00e9met des cookies uniquement pour attribuer un identifiant unique g\u00e9n\u00e9r\u00e9 de mani\u00e8re al\u00e9atoire afin que Feliluke puisse suivre les conversions des clients. Aucune information personnellement identifiable n&#039;est jamais stock\u00e9e dans le cookie. Feliluke suit les r\u00e9ponses aux campagnes publicitaires, cependant, Feliluke ne suit pas vos autres activit\u00e9s de navigation sur le Web. Veuillez noter que certains sites Web de nos clients peuvent utiliser des cookies ; par cons\u00e9quent, il est recommand\u00e9 \u00e0 nos abonn\u00e9s de prendre le temps de consulter les politiques de confidentialit\u00e9, lorsqu&#039;elles sont fournies, de tout site Web avant de saisir leurs informations.<\/p><p>Pour les sites Web d\u00e9tenus et exploit\u00e9s par Feliluke et\/ou nos soci\u00e9t\u00e9s affili\u00e9es, Feliluke utilise des fichiers journaux. Ces fichiers journaux peuvent inclure des adresses de protocole Internet (IP), le type de navigateur, le fournisseur d&#039;acc\u00e8s Internet (FAI), les pages de renvoi\/sortie, le type de plate-forme, l&#039;horodatage et le nombre de clics pour analyser les tendances, administrer le site, suivre les mouvements des utilisateurs dans leur ensemble et recueillir des informations d\u00e9mographiques g\u00e9n\u00e9rales pour une utilisation globale.<\/p><p>CONSENTEMENT<\/p><p>COMMENT OBTENEZ-VOUS MON CONSENTEMENT ?<\/p><p>En nous fournissant des renseignements personnels pour conclure une transaction, passer une commande, organiser une livraison ou retourner un achat, vous consentez \u00e0 ce que nous recueillions et utilisions vos renseignements (les renseignements relatifs \u00e0 votre carte de cr\u00e9dit sont d\u00e9crits ci-dessous). COMMENT PUIS-JE RETIRER MON CONSENTEMENT ? Vous pouvez retirer votre consentement pour que nous vous contactions en cliquant sur le bouton \u00ab Se d\u00e9sabonner \u00bb inclus au bas de chaque e-mail ou en nous contactant \u00e0 info@feliluke.<\/p><p>Feliluke conserve toutes les informations personnelles identifiables dans sa base de donn\u00e9es exclusive. Feliluke s&#039;engage \u00e0 informer et \u00e0 proposer des choix \u00e0 tous les abonn\u00e9s de Feliluke. Chaque offre de Feliluke offre aux abonn\u00e9s la possibilit\u00e9 de se d\u00e9sabonner et de se retirer de notre base de donn\u00e9es. Une fois qu&#039;un abonn\u00e9 se d\u00e9sabonne et choisit d&#039;\u00eatre retir\u00e9 de notre base de donn\u00e9es, il ne recevra plus aucune offre de Feliluke. Veuillez pr\u00e9voir jusqu&#039;\u00e0 72 heures pour que le processus de suppression soit termin\u00e9. Veuillez noter, cependant, que l&#039;abonn\u00e9 peut toujours recevoir des offres d&#039;autres sites Web affili\u00e9s auxquels il s&#039;est abonn\u00e9. L&#039;abonn\u00e9 doit soit visiter ces sites Web pour se d\u00e9sabonner, soit se d\u00e9sabonner via le lien fourni dans les publicit\u00e9s par e-mail du site Web affili\u00e9.<\/p><p>DIVULGATION<\/p><p>Nous ne partageons pas vos informations personnelles avec des tiers sans votre consentement, sauf dans les cas suivants\u00a0:<\/p><p>TRAITEMENT DES PAIEMENTS<\/p><p>Notre boutique est construite sur une plateforme logicielle de commerce \u00e9lectronique appel\u00e9e Shopify qui nous permet de vous vendre nos produits et services.<\/p><p>PAIEMENT<\/p><p>Si vous nous fournissez vos informations de carte de cr\u00e9dit pendant le processus de paiement, nous les envoyons \u00e0 notre passerelle de paiement conforme \u00e0 la norme PCI-DSS pour traitement \u00e0 l&#039;aide de la technologie de cryptage SSL. Vos informations de carte de cr\u00e9dit ne sont jamais stock\u00e9es pour une utilisation au-del\u00e0 de votre transaction en cours. Toutes les passerelles de paiement direct sont conformes aux normes d\u00e9finies par PCI-DSS, g\u00e9r\u00e9es par le PCI Security Standards Council, qui est un effort conjoint de marques telles que Visa, MasterCard, American Express et Discover. Les exigences PCI-DSS contribuent \u00e0 garantir le traitement s\u00e9curis\u00e9 des informations de carte de cr\u00e9dit par notre boutique et nos processeurs de paiement et prestataires de services.<\/p><p>SERVICES DE TIERS<\/p><p>Notre politique ne couvre aucun service tiers. Pour en savoir plus sur les pratiques de confidentialit\u00e9 de ces tiers, veuillez lire leurs politiques de confidentialit\u00e9.<\/p><p>LINKS<\/p><p>Lorsque vous cliquez sur des liens pr\u00e9sents sur notre boutique, ils peuvent vous rediriger hors de notre site. Nous ne sommes pas responsables des pratiques de confidentialit\u00e9 des autres sites Web et vous encourageons \u00e0 lire leurs politiques de confidentialit\u00e9.<\/p><p>S\u00c9CURIT\u00c9<\/p><p>Pour prot\u00e9ger vos informations personnelles, nous prenons des pr\u00e9cautions raisonnables et suivons les pratiques g\u00e9n\u00e9ralement accept\u00e9es dans l&#039;industrie pour nous assurer qu&#039;elles ne soient pas perdues, utilis\u00e9es \u00e0 mauvais escient, consult\u00e9es, divulgu\u00e9es, modifi\u00e9es ou d\u00e9truites de mani\u00e8re inappropri\u00e9e. Si vous nous fournissez vos informations de carte de cr\u00e9dit, elles sont transmises \u00e0 notre serveur \u00e0 l&#039;aide de la technologie SSL (Secure Socket Layer) qui utilise la norme de cryptage AES-256.<\/p><p>MARKETING TEXTE ET NOTIFICATIONS<\/p><p>Marketing par SMS et notifications : En vous abonnant aux notifications par SMS, vous acceptez de recevoir des SMS marketing automatis\u00e9s r\u00e9currents au num\u00e9ro de t\u00e9l\u00e9phone fourni. Le consentement n&#039;est pas une condition d&#039;achat. Envoyez STOP pour vous d\u00e9sabonner ou HELP pour obtenir de l&#039;aide. Des frais de messagerie et de donn\u00e9es peuvent s&#039;appliquer. Consultez les conditions d&#039;utilisation et la politique de confidentialit\u00e9.<\/p><p>LA LOI AM\u00c9RICAINE S&#039;APPLIQUE<\/p><p>Ce site est destin\u00e9 aux utilisateurs situ\u00e9s aux \u00c9tats-Unis. En nous envoyant vos informations personnelles depuis un pays situ\u00e9 hors des \u00c9tats-Unis, vous consentez \u00e0 l&#039;application de la loi am\u00e9ricaine et \u00e0 l&#039;utilisation et \u00e0 la divulgation de vos informations personnelles conform\u00e9ment \u00e0 la pr\u00e9sente politique de confidentialit\u00e9. Il vous appartient de d\u00e9terminer si l&#039;acc\u00e8s \u00e0 ce site et l&#039;achat de nos produits sont l\u00e9gaux l\u00e0 o\u00f9 vous vous trouvez. Vous acc\u00e9dez \u00e0 ce site et achetez nos produits \u00e0 vos propres risques et vous \u00eates responsable du respect de toutes les lois, r\u00e8gles, r\u00e9glementations et trait\u00e9s applicables.<\/p><p>La loi canadienne s&#039;applique<\/p><p>Ce site est destin\u00e9 aux utilisateurs situ\u00e9s au Canada. En nous envoyant vos renseignements personnels depuis l&#039;ext\u00e9rieur du Canada, vous consentez \u00e0 l&#039;application des lois canadiennes et \u00e0 l&#039;utilisation et \u00e0 la divulgation de vos renseignements personnels conform\u00e9ment \u00e0 la pr\u00e9sente politique de confidentialit\u00e9. Il vous appartient de d\u00e9terminer si l&#039;acc\u00e8s \u00e0 ce site et l&#039;achat de nos produits sont l\u00e9gaux l\u00e0 o\u00f9 vous vous trouvez. Vous acc\u00e9dez \u00e0 ce site et achetez nos produits \u00e0 vos propres risques et vous \u00eates responsable du respect de toutes les lois, r\u00e8gles, r\u00e9glementations et trait\u00e9s applicables.<\/p><p>MODIFICATIONS APPORT\u00c9ES \u00c0 CETTE POLITIQUE DE CONFIDENTIALIT\u00c9<\/p><p>Nous nous r\u00e9servons le droit de modifier cette politique de confidentialit\u00e9 \u00e0 tout moment, veuillez donc la consulter fr\u00e9quemment. Les modifications et les clarifications prendront effet imm\u00e9diatement apr\u00e8s leur publication sur le site Web. Feliluke encourage les visiteurs \u00e0 consulter cette page pour tout changement apport\u00e9 \u00e0 sa politique de confidentialit\u00e9.<\/p><p>QUESTIONS ET COORDONN\u00c9ES<\/p><p>Si vous souhaitez : acc\u00e9der, corriger, modifier ou supprimer toute information personnelle que nous avons \u00e0 votre sujet (autre que les informations g\u00e9n\u00e9r\u00e9es automatiquement par votre utilisation de notre site), d\u00e9poser une plainte ou simplement obtenir plus d&#039;informations, contactez notre \u00e9quipe du service client \u00e0 <span style=\"text-decoration: underline; color: #0000ff;\"><a style=\"color: #0000ff; text-decoration: underline;\" href=\"mailto:info@feliluke.com\">info@feliluke.com<\/a><\/span>.<\/p>\t\t\t\t\t\t\t\t<\/div>\n\t\t\t\t<\/div>\n\t\t\t\t<section class=\"elementor-section elementor-inner-section elementor-element elementor-element-2350ed9a elementor-section-boxed elementor-section-height-default elementor-section-height-default\" data-id=\"2350ed9a\" data-element_type=\"section\" data-e-type=\"section\" data-settings=\"{&quot;background_background&quot;:&quot;gradient&quot;}\">\n\t\t\t\t\t\t<div class=\"elementor-container elementor-column-gap-default\">\n\t\t\t\t\t<div class=\"elementor-column elementor-col-100 elementor-inner-column elementor-element elementor-element-535a65e1\" data-id=\"535a65e1\" data-element_type=\"column\" data-e-type=\"column\">\n\t\t\t<div class=\"elementor-widget-wrap elementor-element-populated\">\n\t\t\t\t\t\t<div class=\"elementor-element elementor-element-3832190d elementor-widget elementor-widget-heading\" data-id=\"3832190d\" data-element_type=\"widget\" data-e-type=\"widget\" data-widget_type=\"heading.default\">\n\t\t\t\t\t\t<div class=\"elementor-widget-container\">\n\t\t\t\t\t<h2 class=\"elementor-heading-title elementor-size-default\">Bulletin d&#039;information sur les meubles d&#039;ext\u00e9rieur Feliluke<\/h2>\t\t\t\t<\/div>\n\t\t\t\t<\/div>\n\t\t\t\t<div class=\"elementor-element elementor-element-1f5b5f6e elementor-widget elementor-widget-text-editor\" data-id=\"1f5b5f6e\" data-element_type=\"widget\" data-e-type=\"widget\" data-widget_type=\"text-editor.default\">\n\t\t\t\t\t\t<div class=\"elementor-widget-container\">\n\t\t\t\t\t\t\t\t\t<p>Promotions, nouveaux produits et ventes. Directement dans votre bo\u00eete de r\u00e9ception.<\/p>\t\t\t\t\t\t\t\t<\/div>\n\t\t\t\t<\/div>\n\t\t\t\t<div class=\"elementor-element elementor-element-21050516 elementor-button-align-center elementor-widget elementor-widget-form\" data-id=\"21050516\" data-element_type=\"widget\" data-e-type=\"widget\" data-settings=\"{&quot;step_next_label&quot;:&quot;\\u4e0b\\u4e00\\u4e2a&quot;,&quot;step_previous_label&quot;:&quot;\\u4e0a\\u4e00\\u4e2a&quot;,&quot;button_width&quot;:&quot;100&quot;,&quot;step_type&quot;:&quot;number_text&quot;,&quot;step_icon_shape&quot;:&quot;circle&quot;}\" data-widget_type=\"form.default\">\n\t\t\t\t\t\t<div class=\"elementor-widget-container\">\n\t\t\t\t\t\t\t<form class=\"elementor-form\" method=\"post\" name=\"join newsletter-policy \u9875\u9762\" action=\"\">\n\t\t\t<input type=\"hidden\" name=\"post_id\" value=\"2934\"\/>\n\t\t\t<input type=\"hidden\" name=\"form_id\" value=\"21050516\"\/>\n\t\t\t<input type=\"hidden\" name=\"referer_title\" value=\"Privacy Policy - Feliluke\u00ae Package Delivery Box |Secure Lockable Package Box For Home &amp; Porch\" \/>\n\n\t\t\t\t\t\t\t<input type=\"hidden\" name=\"queried_id\" value=\"2934\"\/>\n\t\t\t\n\t\t\t<div class=\"elementor-form-fields-wrapper elementor-labels-above\">\n\t\t\t\t\t\t\t\t<div class=\"elementor-field-type-email elementor-field-group elementor-column elementor-field-group-email elementor-col-100 elementor-field-required\">\n\t\t\t\t\t\t\t\t\t\t\t\t\t<input size=\"1\" type=\"email\" name=\"form_fields[email]\" id=\"form-field-email\" class=\"elementor-field elementor-size-sm  elementor-field-textual\" placeholder=\"  *E-mail\" required=\"required\">\n\t\t\t\t\t\t\t\t\t\t\t<\/div>\n\t\t\t\t\t\t\t\t<div class=\"elementor-field-group elementor-column elementor-field-type-submit elementor-col-100 e-form__buttons\">\n\t\t\t\t\t<button class=\"elementor-button elementor-size-sm\" type=\"submit\">\n\t\t\t\t\t\t<span class=\"elementor-button-content-wrapper\">\n\t\t\t\t\t\t\t\t\t\t\t\t\t\t\t\t\t\t\t\t\t\t<span class=\"elementor-button-text\">S&#039;abonner<\/span>\n\t\t\t\t\t\t\t\t\t\t\t\t\t<\/span>\n\t\t\t\t\t<\/button>\n\t\t\t\t<\/div>\n\t\t\t<\/div>\n\t\t<input type=\"hidden\" name=\"trp-form-language\" value=\"fr\"\/><\/form>\n\t\t\t\t\t\t<\/div>\n\t\t\t\t<\/div>\n\t\t\t\t<div class=\"elementor-element elementor-element-228d9bab elementor-widget elementor-widget-text-editor\" data-id=\"228d9bab\" data-element_type=\"widget\" data-e-type=\"widget\" data-widget_type=\"text-editor.default\">\n\t\t\t\t\t\t<div class=\"elementor-widget-container\">\n\t\t\t\t\t\t\t\t\t<p style=\"text-align: center;\">Abonnez-vous \u00e0 notre newsletter<\/p>\t\t\t\t\t\t\t\t<\/div>\n\t\t\t\t<\/div>\n\t\t\t\t\t<\/div>\n\t\t<\/div>\n\t\t\t\t\t<\/div>\n\t\t<\/section>\n\t\t\t\t\t<\/div>\n\t\t<\/div>\n\t\t\t\t\t<\/div>\n\t\t<\/section>\n\t\t\t\t<\/div>","protected":false},"excerpt":{"rendered":"<p>Politique de confidentialit\u00e9 Mise \u00e0 jour le 23\/06\/2023 Feliluke Outdoor Furniture est une soci\u00e9t\u00e9 priv\u00e9e (\u00ab nous \u00bb, \u00ab notre \u00bb ou \u00ab Feliluke \u00bb). Le pr\u00e9sent accord sur les conditions d&#039;utilisation (les \u00ab Conditions d&#039;utilisation \u00bb) r\u00e9git votre relation (ci-apr\u00e8s \u00ab vous \u00bb, \u00ab votre \u00bb ou \u00ab utilisateur \u00bb) avec la Soci\u00e9t\u00e9 et l&#039;utilisation du Service de la Soci\u00e9t\u00e9 (le \u00ab Service \u00bb). En utilisant le Service, vous acceptez les pr\u00e9sentes Conditions d&#039;utilisation et [\u2026]<\/p>","protected":false},"author":1,"featured_media":0,"parent":0,"menu_order":0,"comment_status":"closed","ping_status":"closed","template":"","meta":{"footnotes":""},"class_list":["post-2934","page","type-page","status-publish","hentry"],"_links":{"self":[{"href":"https:\/\/feliluke.com\/fr\/wp-json\/wp\/v2\/pages\/2934","targetHints":{"allow":["GET"]}}],"collection":[{"href":"https:\/\/feliluke.com\/fr\/wp-json\/wp\/v2\/pages"}],"about":[{"href":"https:\/\/feliluke.com\/fr\/wp-json\/wp\/v2\/types\/page"}],"author":[{"embeddable":true,"href":"https:\/\/feliluke.com\/fr\/wp-json\/wp\/v2\/users\/1"}],"replies":[{"embeddable":true,"href":"https:\/\/feliluke.com\/fr\/wp-json\/wp\/v2\/comments?post=2934"}],"version-history":[{"count":0,"href":"https:\/\/feliluke.com\/fr\/wp-json\/wp\/v2\/pages\/2934\/revisions"}],"wp:attachment":[{"href":"https:\/\/feliluke.com\/fr\/wp-json\/wp\/v2\/media?parent=2934"}],"curies":[{"name":"wp","href":"https:\/\/api.w.org\/{rel}","templated":true}]}}