{"id":5748,"date":"2023-09-25T16:59:41","date_gmt":"2023-09-25T08:59:41","guid":{"rendered":"https:\/\/feliluke.com\/?page_id=5748"},"modified":"2023-11-30T16:37:34","modified_gmt":"2023-11-30T08:37:34","slug":"delivery-setup","status":"publish","type":"page","link":"https:\/\/feliluke.com\/fr\/delivery-setup\/","title":{"rendered":"Configuration de la livraison"},"content":{"rendered":"<div data-elementor-type=\"wp-page\" data-elementor-id=\"5748\" class=\"elementor elementor-5748\" data-elementor-post-type=\"page\">\n\t\t\t\t\t\t<section class=\"elementor-section elementor-top-section elementor-element elementor-element-768176b4 elementor-section-boxed elementor-section-height-default elementor-section-height-default\" data-id=\"768176b4\" data-element_type=\"section\" data-e-type=\"section\">\n\t\t\t\t\t\t<div class=\"elementor-container elementor-column-gap-default\">\n\t\t\t\t\t<div class=\"elementor-column elementor-col-100 elementor-top-column elementor-element elementor-element-72a89891\" data-id=\"72a89891\" data-element_type=\"column\" data-e-type=\"column\">\n\t\t\t<div class=\"elementor-widget-wrap elementor-element-populated\">\n\t\t\t\t\t\t<div class=\"elementor-element elementor-element-36d64a61 elementor-widget elementor-widget-woocommerce-breadcrumb\" data-id=\"36d64a61\" data-element_type=\"widget\" data-e-type=\"widget\" data-widget_type=\"woocommerce-breadcrumb.default\">\n\t\t\t\t\t\t<div class=\"elementor-widget-container\">\n\t\t\t\t\t<nav class=\"woocommerce-breadcrumb\" aria-label=\"Breadcrumb\" data-no-translation=\"\" data-trp-gettext=\"\">Accueil<\/nav>\t\t\t\t<\/div>\n\t\t\t\t<\/div>\n\t\t\t\t\t<\/div>\n\t\t<\/div>\n\t\t\t\t\t<\/div>\n\t\t<\/section>\n\t\t\t\t<section class=\"elementor-section elementor-top-section elementor-element elementor-element-3f8e413e elementor-section-height-min-height elementor-section-content-middle elementor-section-boxed elementor-section-height-default elementor-section-items-middle\" data-id=\"3f8e413e\" data-element_type=\"section\" data-e-type=\"section\" data-settings=\"{&quot;background_background&quot;:&quot;gradient&quot;}\">\n\t\t\t\t\t\t<div class=\"elementor-container elementor-column-gap-default\">\n\t\t\t\t\t<div class=\"elementor-column elementor-col-100 elementor-top-column elementor-element elementor-element-209f76f5\" data-id=\"209f76f5\" data-element_type=\"column\" data-e-type=\"column\" data-settings=\"{&quot;background_background&quot;:&quot;classic&quot;}\">\n\t\t\t<div class=\"elementor-widget-wrap elementor-element-populated\">\n\t\t\t\t\t\t<div class=\"elementor-element elementor-element-255d8b2e elementor-widget elementor-widget-heading\" data-id=\"255d8b2e\" data-element_type=\"widget\" data-e-type=\"widget\" data-widget_type=\"heading.default\">\n\t\t\t\t\t\t<div class=\"elementor-widget-container\">\n\t\t\t\t\t<h1 class=\"elementor-heading-title elementor-size-default\">Configuration de la livraison<\/h1>\t\t\t\t<\/div>\n\t\t\t\t<\/div>\n\t\t\t\t\t<\/div>\n\t\t<\/div>\n\t\t\t\t\t<\/div>\n\t\t<\/section>\n\t\t\t\t<section class=\"elementor-section elementor-top-section elementor-element elementor-element-4037e353 elementor-section-content-middle elementor-section-height-min-height elementor-section-boxed elementor-section-height-default elementor-section-items-middle\" data-id=\"4037e353\" data-element_type=\"section\" data-e-type=\"section\">\n\t\t\t\t\t\t<div class=\"elementor-container elementor-column-gap-default\">\n\t\t\t\t\t<div class=\"elementor-column elementor-col-100 elementor-top-column elementor-element elementor-element-3ebf94de\" data-id=\"3ebf94de\" data-element_type=\"column\" data-e-type=\"column\">\n\t\t\t<div class=\"elementor-widget-wrap elementor-element-populated\">\n\t\t\t\t\t\t<div class=\"elementor-element elementor-element-35b7ee8 elementor-widget elementor-widget-heading\" data-id=\"35b7ee8\" data-element_type=\"widget\" data-e-type=\"widget\" data-widget_type=\"heading.default\">\n\t\t\t\t\t\t<div class=\"elementor-widget-container\">\n\t\t\t\t\t<h2 class=\"elementor-heading-title elementor-size-default\">Instructions pour les prestataires de services de livraison\n<\/h2>\t\t\t\t<\/div>\n\t\t\t\t<\/div>\n\t\t\t\t<div class=\"elementor-element elementor-element-ee1b5c1 elementor-widget elementor-widget-text-editor\" data-id=\"ee1b5c1\" data-element_type=\"widget\" data-e-type=\"widget\" data-widget_type=\"text-editor.default\">\n\t\t\t\t\t\t<div class=\"elementor-widget-container\">\n\t\t\t\t\t\t\t\t\t<p>\u00a0Informez-les de l&#039;emplacement de votre bo\u00eete de livraison de colis Feliluke et demandez la livraison \u00e0 l&#039;int\u00e9rieur de celle-ci. Voici un exemple d&#039;instructions claires :<\/p><ul><li>\u00ab Veuillez d\u00e9poser la livraison dans la bo\u00eete de d\u00e9p\u00f4t de colis de Feliluke, situ\u00e9e sur le [porche\/l&#039;all\u00e9e\/etc.].<\/li><li>Ouvrez la porte et placez la livraison en toute s\u00e9curit\u00e9 \u00e0 l&#039;int\u00e9rieur.<\/li><li>Alors, ferme la porte.<\/li><\/ul>\t\t\t\t\t\t\t\t<\/div>\n\t\t\t\t<\/div>\n\t\t\t\t<div class=\"elementor-element elementor-element-5c4dfc6 elementor-widget elementor-widget-heading\" data-id=\"5c4dfc6\" data-element_type=\"widget\" data-e-type=\"widget\" data-widget_type=\"heading.default\">\n\t\t\t\t\t\t<div class=\"elementor-widget-container\">\n\t\t\t\t\t<h2 class=\"elementor-heading-title elementor-size-default\">Services de livraison courants<\/h2>\t\t\t\t<\/div>\n\t\t\t\t<\/div>\n\t\t\t\t<div class=\"elementor-element elementor-element-e389c93 elementor-widget elementor-widget-heading\" data-id=\"e389c93\" data-element_type=\"widget\" data-e-type=\"widget\" data-widget_type=\"heading.default\">\n\t\t\t\t\t\t<div class=\"elementor-widget-container\">\n\t\t\t\t\t<h3 class=\"elementor-heading-title elementor-size-default\">UPS<\/h3>\t\t\t\t<\/div>\n\t\t\t\t<\/div>\n\t\t\t\t<div class=\"elementor-element elementor-element-6cf6e4fe elementor-widget elementor-widget-text-editor\" data-id=\"6cf6e4fe\" data-element_type=\"widget\" data-e-type=\"widget\" data-widget_type=\"text-editor.default\">\n\t\t\t\t\t\t<div class=\"elementor-widget-container\">\n\t\t\t\t\t\t\t\t\t<p>Inscrivez-vous \u00e0 UPS My Choice, un compte gratuit qui vous permet de contr\u00f4ler vos livraisons de colis, notamment le lieu et l&#039;heure de leur arriv\u00e9e. Veuillez noter que certains services peuvent entra\u00eener des frais, comme la modification de vos pr\u00e9f\u00e9rences de livraison.<\/p><p>Une fois inscrit \u00e0 My Choice, vous pouvez d\u00e9finir des instructions de livraison en suivant ces \u00e9tapes\u00a0:<\/p><ol><li>Connectez-vous \u00e0 <strong><a href=\"https:\/\/www.ups.com\/us\/en\/track\/ups-my-choice.page\" target=\"_blank\" rel=\"noopener\">Mon choix<\/a><\/strong>.<\/li><li>Cliquez sur votre nom dans le coin sup\u00e9rieur droit pour acc\u00e9der \u00e0 un menu d\u00e9roulant.<\/li><li>S\u00e9lectionnez \u00ab\u00a0Pr\u00e9f\u00e9rences\u00a0\u00bb.<\/li><li>Dans la section \u00ab UPS My Choice \u00bb, cliquez sur \u00ab Modifier les pr\u00e9f\u00e9rences \u00bb.<\/li><li>S\u00e9lectionnez \u00ab Instructions pour le conducteur \u00bb et une liste d\u00e9roulante s&#039;affichera avec le nom \u00ab Code de s\u00e9curit\u00e9 du portail ou du b\u00e2timent \u00bb. Vous pouvez y saisir les d\u00e9tails de l&#039;emplacement et toutes les instructions n\u00e9cessaires.<\/li><li>Ensuite, cliquez simplement sur \u00ab\u00a0Enregistrer les modifications\u00a0\u00bb et le tour est jou\u00e9\u00a0!<\/li><\/ol>\t\t\t\t\t\t\t\t<\/div>\n\t\t\t\t<\/div>\n\t\t\t\t<div class=\"elementor-element elementor-element-408e66c elementor-widget elementor-widget-image\" data-id=\"408e66c\" data-element_type=\"widget\" data-e-type=\"widget\" data-widget_type=\"image.default\">\n\t\t\t\t\t\t<div class=\"elementor-widget-container\">\n\t\t\t\t\t\t\t\t\t\t\t\t\t\t\t<img fetchpriority=\"high\" decoding=\"async\" width=\"800\" height=\"647\" src=\"https:\/\/feliluke.com\/wp-content\/uploads\/2023\/09\/UPS-MY-CHOICE.png\" class=\"attachment-large size-large wp-image-5896\" alt=\"Permettre aux transporteurs UPS de livrer dans le casier de livraison de colis Feliluke\" srcset=\"https:\/\/feliluke.com\/wp-content\/uploads\/2023\/09\/UPS-MY-CHOICE.png 998w, https:\/\/feliluke.com\/wp-content\/uploads\/2023\/09\/UPS-MY-CHOICE-300x243.png 300w, https:\/\/feliluke.com\/wp-content\/uploads\/2023\/09\/UPS-MY-CHOICE-768x621.png 768w, https:\/\/feliluke.com\/wp-content\/uploads\/2023\/09\/UPS-MY-CHOICE-15x12.png 15w, https:\/\/feliluke.com\/wp-content\/uploads\/2023\/09\/UPS-MY-CHOICE-600x485.png 600w\" sizes=\"(max-width: 800px) 100vw, 800px\" \/>\t\t\t\t\t\t\t\t\t\t\t\t\t\t\t<\/div>\n\t\t\t\t<\/div>\n\t\t\t\t<div class=\"elementor-element elementor-element-8c923fc elementor-widget elementor-widget-heading\" data-id=\"8c923fc\" data-element_type=\"widget\" data-e-type=\"widget\" data-widget_type=\"heading.default\">\n\t\t\t\t\t\t<div class=\"elementor-widget-container\">\n\t\t\t\t\t<h3 class=\"elementor-heading-title elementor-size-default\">FEDEX<\/h3>\t\t\t\t<\/div>\n\t\t\t\t<\/div>\n\t\t\t\t<div class=\"elementor-element elementor-element-89bb148 elementor-widget elementor-widget-text-editor\" data-id=\"89bb148\" data-element_type=\"widget\" data-e-type=\"widget\" data-widget_type=\"text-editor.default\">\n\t\t\t\t\t\t<div class=\"elementor-widget-container\">\n\t\t\t\t\t\t\t\t\t<p>Pour commencer, cr\u00e9ez un compte sur le site Web de FedEx et connectez-vous. Suivez ces \u00e9tapes\u00a0:<\/p><ol><li>Dans le coin sup\u00e9rieur droit, cliquez sur votre nom.<\/li><li>Dans le menu d\u00e9roulant, s\u00e9lectionnez \u00ab Mon profil \u00bb.<\/li><li>Sur le c\u00f4t\u00e9 gauche, choisissez \u00ab FedEx Delivery Manager \u00bb.<\/li><li>Faites d\u00e9filer la page jusqu&#039;\u00e0 la section intitul\u00e9e \u00ab Adresse(s) de livraison pour \u00bb. Si votre adresse de livraison n&#039;est pas r\u00e9pertori\u00e9e, ajoutez-la. Si elle y figure d\u00e9j\u00e0, cliquez sur \u00ab Afficher\/Modifier \u00bb.<\/li><li>Dans la section \u00ab Instructions de livraison \u00bb, cliquez sur \u00ab Modifier \u00bb.<\/li><li>Dans cette section, vous trouverez un menu d\u00e9roulant d&#039;emplacement et une zone intitul\u00e9e \u00ab Aide pour trouver votre adresse \u00bb. Ici, vous pouvez saisir vos instructions sp\u00e9cifiques \u00e0 Feliluke. Veuillez garder \u00e0 l&#039;esprit que ce champ est limit\u00e9 \u00e0 35 caract\u00e8res.<\/li><\/ol><p>Suivez ces \u00e9tapes et vous serez pr\u00eat\u00a0!<\/p><p><a href=\"https:\/\/www.youtube.com\/watch?v=fISJMf4O5yY&amp;t=1s\" target=\"_blank\" rel=\"noopener\"><span style=\"text-decoration: underline;\">**Cliquez sur l&#039;image ci-dessous pour regarder la vid\u00e9o d&#039;instructions.<\/span><\/a><\/p>\t\t\t\t\t\t\t\t<\/div>\n\t\t\t\t<\/div>\n\t\t\t\t<div class=\"elementor-element elementor-element-e2a99c5 elementor-widget elementor-widget-image\" data-id=\"e2a99c5\" data-element_type=\"widget\" data-e-type=\"widget\" data-widget_type=\"image.default\">\n\t\t\t\t\t\t<div class=\"elementor-widget-container\">\n\t\t\t\t\t\t\t\t\t\t\t\t<figure class=\"wp-caption\">\n\t\t\t\t\t\t\t\t\t\t\t<a href=\"https:\/\/www.youtube.com\/watch?v=fISJMf4O5yY&#038;t=1s\" target=\"_blank\" rel=\"noopener\">\n\t\t\t\t\t\t\t<img decoding=\"async\" width=\"800\" height=\"450\" src=\"https:\/\/feliluke.com\/wp-content\/uploads\/2023\/09\/maxresdefault-1024x576.jpg\" class=\"attachment-large size-large wp-image-5848\" alt=\"FedEx Delivery Manager : Comment utiliser les instructions de livraison.mp4\" srcset=\"https:\/\/feliluke.com\/wp-content\/uploads\/2023\/09\/maxresdefault-1024x576.jpg 1024w, https:\/\/feliluke.com\/wp-content\/uploads\/2023\/09\/maxresdefault-300x169.jpg 300w, https:\/\/feliluke.com\/wp-content\/uploads\/2023\/09\/maxresdefault-768x432.jpg 768w, https:\/\/feliluke.com\/wp-content\/uploads\/2023\/09\/maxresdefault-18x10.jpg 18w, https:\/\/feliluke.com\/wp-content\/uploads\/2023\/09\/maxresdefault-600x338.jpg 600w, https:\/\/feliluke.com\/wp-content\/uploads\/2023\/09\/maxresdefault.jpg 1280w\" sizes=\"(max-width: 800px) 100vw, 800px\" \/>\t\t\t\t\t\t\t\t<\/a>\n\t\t\t\t\t\t\t\t\t\t\t<figcaption class=\"widget-image-caption wp-caption-text\">FedEx Delivery Manager\u00ae : Comment utiliser les instructions de livraison.mp4<\/figcaption>\n\t\t\t\t\t\t\t\t\t\t<\/figure>\n\t\t\t\t\t\t\t\t\t<\/div>\n\t\t\t\t<\/div>\n\t\t\t\t<div class=\"elementor-element elementor-element-22336a1 elementor-widget elementor-widget-heading\" data-id=\"22336a1\" data-element_type=\"widget\" data-e-type=\"widget\" data-widget_type=\"heading.default\">\n\t\t\t\t\t\t<div class=\"elementor-widget-container\">\n\t\t\t\t\t<h3 class=\"elementor-heading-title elementor-size-default\">Service postal des \u00c9tats-Unis<\/h3>\t\t\t\t<\/div>\n\t\t\t\t<\/div>\n\t\t\t\t<div class=\"elementor-element elementor-element-f1d48ea elementor-widget elementor-widget-text-editor\" data-id=\"f1d48ea\" data-element_type=\"widget\" data-e-type=\"widget\" data-widget_type=\"text-editor.default\">\n\t\t\t\t\t\t<div class=\"elementor-widget-container\">\n\t\t\t\t\t\t\t\t\t<p>Pour commencer \u00e0 utiliser USPS Informed Delivery, <strong><a href=\"https:\/\/www.usps.com\/\" target=\"_blank\" rel=\"noopener\">Cliquez ici<\/a><\/strong>Une fois la configuration termin\u00e9e, acc\u00e9dez \u00e0 \u00ab\u00a0Param\u00e8tres\u00a0\u00bb pour activer les alertes de colis par SMS ou par e-mail.<\/p><p>Pour les exp\u00e9ditions futures, si votre colis est \u00e9ligible au service USPS Delivery Instructions\u2122, vous pouvez sp\u00e9cifier le lieu de livraison souhait\u00e9 \u00e0 votre adresse, le rediriger vers une adresse diff\u00e9rente ou le conserver dans votre bureau de poste local.<\/p><p>Pour soumettre votre demande, cliquez simplement sur \u00ab Modifier les instructions de livraison \u00bb sur la page des r\u00e9sultats de suivi. Si vous ne voyez pas le lien \u00ab Modifier les instructions de livraison \u00bb, cela signifie que votre colis n&#039;est pas \u00e9ligible au service Instructions de livraison.<\/p>\t\t\t\t\t\t\t\t<\/div>\n\t\t\t\t<\/div>\n\t\t\t\t<div class=\"elementor-element elementor-element-6e9d209 elementor-widget elementor-widget-image\" data-id=\"6e9d209\" data-element_type=\"widget\" data-e-type=\"widget\" data-widget_type=\"image.default\">\n\t\t\t\t\t\t<div class=\"elementor-widget-container\">\n\t\t\t\t\t\t\t\t\t\t\t\t<figure class=\"wp-caption\">\n\t\t\t\t\t\t\t\t\t\t<img decoding=\"async\" width=\"800\" height=\"132\" src=\"https:\/\/feliluke.com\/wp-content\/uploads\/2023\/09\/PPCn3SpRRtTya79tPdfyMNIyaDaLfQpkvChOY5SNZVLkzUW2tg85tRw4W455udLoryrLn_ToCgE_w1707-fcrop64_1_00005a57-1024x169.jpg\" class=\"attachment-large size-large wp-image-5869\" alt=\"comment remarquer que l&#039;USPS livre des colis dans ma bo\u00eete aux lettres et \u00e0 colis\" srcset=\"https:\/\/feliluke.com\/wp-content\/uploads\/2023\/09\/PPCn3SpRRtTya79tPdfyMNIyaDaLfQpkvChOY5SNZVLkzUW2tg85tRw4W455udLoryrLn_ToCgE_w1707-fcrop64_1_00005a57-1024x169.jpg 1024w, https:\/\/feliluke.com\/wp-content\/uploads\/2023\/09\/PPCn3SpRRtTya79tPdfyMNIyaDaLfQpkvChOY5SNZVLkzUW2tg85tRw4W455udLoryrLn_ToCgE_w1707-fcrop64_1_00005a57-300x50.jpg 300w, https:\/\/feliluke.com\/wp-content\/uploads\/2023\/09\/PPCn3SpRRtTya79tPdfyMNIyaDaLfQpkvChOY5SNZVLkzUW2tg85tRw4W455udLoryrLn_ToCgE_w1707-fcrop64_1_00005a57-768x127.jpg 768w, https:\/\/feliluke.com\/wp-content\/uploads\/2023\/09\/PPCn3SpRRtTya79tPdfyMNIyaDaLfQpkvChOY5SNZVLkzUW2tg85tRw4W455udLoryrLn_ToCgE_w1707-fcrop64_1_00005a57-1536x254.jpg 1536w, https:\/\/feliluke.com\/wp-content\/uploads\/2023\/09\/PPCn3SpRRtTya79tPdfyMNIyaDaLfQpkvChOY5SNZVLkzUW2tg85tRw4W455udLoryrLn_ToCgE_w1707-fcrop64_1_00005a57-18x3.jpg 18w, https:\/\/feliluke.com\/wp-content\/uploads\/2023\/09\/PPCn3SpRRtTya79tPdfyMNIyaDaLfQpkvChOY5SNZVLkzUW2tg85tRw4W455udLoryrLn_ToCgE_w1707-fcrop64_1_00005a57-1320x218.jpg 1320w, https:\/\/feliluke.com\/wp-content\/uploads\/2023\/09\/PPCn3SpRRtTya79tPdfyMNIyaDaLfQpkvChOY5SNZVLkzUW2tg85tRw4W455udLoryrLn_ToCgE_w1707-fcrop64_1_00005a57-600x99.jpg 600w, https:\/\/feliluke.com\/wp-content\/uploads\/2023\/09\/PPCn3SpRRtTya79tPdfyMNIyaDaLfQpkvChOY5SNZVLkzUW2tg85tRw4W455udLoryrLn_ToCgE_w1707-fcrop64_1_00005a57.jpg 1707w\" sizes=\"(max-width: 800px) 100vw, 800px\" \/>\t\t\t\t\t\t\t\t\t\t\t<figcaption class=\"widget-image-caption wp-caption-text\"><\/figcaption>\n\t\t\t\t\t\t\t\t\t\t<\/figure>\n\t\t\t\t\t\t\t\t\t<\/div>\n\t\t\t\t<\/div>\n\t\t\t\t<div class=\"elementor-element elementor-element-4e000d7 elementor-widget elementor-widget-heading\" data-id=\"4e000d7\" data-element_type=\"widget\" data-e-type=\"widget\" data-widget_type=\"heading.default\">\n\t\t\t\t\t\t<div class=\"elementor-widget-container\">\n\t\t\t\t\t<h3 class=\"elementor-heading-title elementor-size-default\">AMAZONE<\/h3>\t\t\t\t<\/div>\n\t\t\t\t<\/div>\n\t\t\t\t<div class=\"elementor-element elementor-element-73913e1 elementor-widget elementor-widget-text-editor\" data-id=\"73913e1\" data-element_type=\"widget\" data-e-type=\"widget\" data-widget_type=\"text-editor.default\">\n\t\t\t\t\t\t<div class=\"elementor-widget-container\">\n\t\t\t\t\t\t\t\t\t<ol><li>Commencez par cr\u00e9er un compte d&#039;achat personnel sur <span style=\"text-decoration: underline;\"><a href=\"https:\/\/www.amazon.com\/\" target=\"_blank\" rel=\"noopener\"><strong>Amazon.com<\/strong><\/a><\/span>.<\/li><li>Dans les param\u00e8tres \u00ab\u00a0Votre compte\u00a0\u00bb, acc\u00e9dez \u00e0 \u00ab\u00a0Vos adresses\u00a0\u00bb.<\/li><li>Pour mettre \u00e0 jour une adresse, choisissez \u00ab\u00a0Modifier\u00a0\u00bb pour l\u2019adresse en question.<\/li><li>Pr\u00e9cisez l&#039;emplacement de votre Feliluke Box dans votre r\u00e9sidence, que ce soit sur votre porche d&#039;entr\u00e9e, votre porte arri\u00e8re, votre porche lat\u00e9ral ou une autre zone d\u00e9sign\u00e9e.<\/li><li>Passez \u00e0 \u00ab\u00a0Ajouter des instructions de livraison\u00a0\u00bb, o\u00f9 vous pouvez d\u00e9tailler l\u2019utilisation de votre bo\u00eete de livraison de colis Feliluke Super Large, sp\u00e9cifier son emplacement exact chez vous et fournir des instructions sur la fa\u00e7on d\u2019y acc\u00e9der.<\/li><li>Terminez le processus en s\u00e9lectionnant \u00ab\u00a0Enregistrer les modifications\u00a0\u00bb.<\/li><li>\u00a0<\/li><\/ol><p>Ces \u00e9tapes garantiront des livraisons fluides et efficaces avec votre bo\u00eete de livraison de colis Feliluke.<\/p>\t\t\t\t\t\t\t\t<\/div>\n\t\t\t\t<\/div>\n\t\t\t\t<div class=\"elementor-element elementor-element-60335ac elementor-widget elementor-widget-image\" data-id=\"60335ac\" data-element_type=\"widget\" data-e-type=\"widget\" data-widget_type=\"image.default\">\n\t\t\t\t\t\t<div class=\"elementor-widget-container\">\n\t\t\t\t\t\t\t\t\t\t\t\t<figure class=\"wp-caption\">\n\t\t\t\t\t\t\t\t\t\t<img loading=\"lazy\" decoding=\"async\" width=\"583\" height=\"360\" src=\"https:\/\/feliluke.com\/wp-content\/uploads\/2023\/09\/AMAZON.png\" class=\"attachment-large size-large wp-image-5888\" alt=\"Permettre aux transporteurs Amazon de livrer dans la bo\u00eete de livraison de colis Feliluke\" srcset=\"https:\/\/feliluke.com\/wp-content\/uploads\/2023\/09\/AMAZON.png 583w, https:\/\/feliluke.com\/wp-content\/uploads\/2023\/09\/AMAZON-300x185.png 300w, https:\/\/feliluke.com\/wp-content\/uploads\/2023\/09\/AMAZON-18x12.png 18w\" sizes=\"(max-width: 583px) 100vw, 583px\" \/>\t\t\t\t\t\t\t\t\t\t\t<figcaption class=\"widget-image-caption wp-caption-text\">Permettre aux transporteurs Amazon de livrer dans la bo\u00eete de livraison de colis Feliluke<\/figcaption>\n\t\t\t\t\t\t\t\t\t\t<\/figure>\n\t\t\t\t\t\t\t\t\t<\/div>\n\t\t\t\t<\/div>\n\t\t\t\t<div class=\"elementor-element elementor-element-7015a02 elementor-cta--layout-image-right elementor-cta--mobile-layout-image-above elementor-cta--valign-middle elementor-widget__width-initial elementor-cta--skin-classic elementor-animated-content elementor-bg-transform elementor-bg-transform-zoom-in elementor-widget elementor-widget-call-to-action\" data-id=\"7015a02\" data-element_type=\"widget\" data-e-type=\"widget\" data-widget_type=\"call-to-action.default\">\n\t\t\t\t\t\t<div class=\"elementor-widget-container\">\n\t\t\t\t\t\t\t<div class=\"elementor-cta\">\n\t\t\t\t\t<div class=\"elementor-cta__bg-wrapper\">\n\t\t\t\t<div class=\"elementor-cta__bg elementor-bg\" style=\"background-image: url(https:\/\/feliluke.com\/wp-content\/uploads\/2023\/06\/1-1-300x300.jpg);\" role=\"img\" aria-label=\"autocollants de livraison de colis Feliluke\"><\/div>\n\t\t\t\t<div class=\"elementor-cta__bg-overlay\"><\/div>\n\t\t\t<\/div>\n\t\t\t\t\t\t\t<div class=\"elementor-cta__content\">\n\t\t\t\t\n\t\t\t\t\t\t\t\t\t<h2 class=\"elementor-cta__title elementor-cta__content-item elementor-content-item\">\n\t\t\t\t\t\tAutocollants pour panneaux d&#039;emballage\t\t\t\t\t<\/h2>\n\t\t\t\t\n\t\t\t\t\t\t\t\t\t<div class=\"elementor-cta__description elementor-cta__content-item elementor-content-item\">\n\t\t\t\t\t\ttaille parfaite et visibilit\u00e9 claire \t\t\t\t\t<\/div>\n\t\t\t\t\n\t\t\t\t\t\t\t\t\t<div class=\"elementor-cta__button-wrapper elementor-cta__content-item elementor-content-item\">\n\t\t\t\t\t<a class=\"elementor-cta__button elementor-button elementor-size-md\">\n\t\t\t\t\t\tAjouter au panier\t\t\t\t\t<\/a>\n\t\t\t\t\t<\/div>\n\t\t\t\t\t\t\t<\/div>\n\t\t\t\t\t\t\t<div class=\"elementor-ribbon elementor-ribbon-right\">\n\t\t\t\t<div class=\"elementor-ribbon-inner\">CHAUD!<\/div>\n\t\t\t<\/div>\n\t\t\t\t<\/div>\n\t\t\t\t\t\t<\/div>\n\t\t\t\t<\/div>\n\t\t\t\t\t<\/div>\n\t\t<\/div>\n\t\t\t\t\t<\/div>\n\t\t<\/section>\n\t\t\t\t<\/div>","protected":false},"excerpt":{"rendered":"<p>Comment informer vos prestataires de services de livraison de l&#039;utilisation de votre nouvelle bo\u00eete de livraison de courrier ou de colis Feliluke. Configurez facilement tous vos transporteurs communs.<\/p>","protected":false},"author":1,"featured_media":5749,"parent":0,"menu_order":0,"comment_status":"closed","ping_status":"closed","template":"","meta":{"footnotes":""},"class_list":["post-5748","page","type-page","status-publish","has-post-thumbnail","hentry"],"_links":{"self":[{"href":"https:\/\/feliluke.com\/fr\/wp-json\/wp\/v2\/pages\/5748","targetHints":{"allow":["GET"]}}],"collection":[{"href":"https:\/\/feliluke.com\/fr\/wp-json\/wp\/v2\/pages"}],"about":[{"href":"https:\/\/feliluke.com\/fr\/wp-json\/wp\/v2\/types\/page"}],"author":[{"embeddable":true,"href":"https:\/\/feliluke.com\/fr\/wp-json\/wp\/v2\/users\/1"}],"replies":[{"embeddable":true,"href":"https:\/\/feliluke.com\/fr\/wp-json\/wp\/v2\/comments?post=5748"}],"version-history":[{"count":0,"href":"https:\/\/feliluke.com\/fr\/wp-json\/wp\/v2\/pages\/5748\/revisions"}],"wp:featuredmedia":[{"embeddable":true,"href":"https:\/\/feliluke.com\/fr\/wp-json\/wp\/v2\/media\/5749"}],"wp:attachment":[{"href":"https:\/\/feliluke.com\/fr\/wp-json\/wp\/v2\/media?parent=5748"}],"curies":[{"name":"wp","href":"https:\/\/api.w.org\/{rel}","templated":true}]}}