{"id":1407,"date":"2023-06-15T06:22:32","date_gmt":"2023-06-14T22:22:32","guid":{"rendered":"https:\/\/feliluke.com\/?post_type=product&#038;p=1407"},"modified":"2025-12-10T23:04:02","modified_gmt":"2025-12-10T15:04:02","slug":"package-delivery-box-white-color","status":"publish","type":"product","link":"https:\/\/feliluke.com\/fr\/produit\/package-delivery-box-white-color\/","title":{"rendered":"Bo\u00eete de livraison de colis blanche"},"content":{"rendered":"<ul>\n<li>Si vous recevez r\u00e9guli\u00e8rement des colis, le<strong> Bo\u00eete de livraison de colis \u00e0 domicile blanche<\/strong> est votre solution. Plus besoin d&#039;attendre \u00e0 la maison ou de se pr\u00e9cipiter pour signer les livraisons. Prot\u00e9gez vos colis des voleurs de porche gr\u00e2ce \u00e0 cette bo\u00eete de d\u00e9p\u00f4t de colis en acier s\u00e9curis\u00e9e et spacieuse. Parfait pour Amazon, UPS, FedEx, USPS et autres livraisons par courrier.<\/li>\n<\/ul>\n<p>&nbsp;<\/p>\n<ul>\n<li>Dimensions (L x P x H) \u2013 18 x 15 x 40 pouces.<\/li>\n<\/ul>","protected":false},"excerpt":{"rendered":"<p>Si vous recevez r\u00e9guli\u00e8rement des colis, la bo\u00eete de livraison de colis \u00e0 domicile blanche est votre solution. Plus besoin d&#039;attendre \u00e0 la maison ou de vous pr\u00e9cipiter pour signer les livraisons. Prot\u00e9gez vos colis des voleurs de porche avec cette bo\u00eete de d\u00e9p\u00f4t de colis en acier s\u00e9curis\u00e9e et spacieuse. Parfait pour les livraisons Amazon, UPS, FedEx, USPS et autres services de messagerie. Dimensions (L x l x H) [\u2026]<\/p>","protected":false},"featured_media":11171,"template":"","meta":[],"product_brand":[],"product_cat":[73],"product_tag":[113],"class_list":{"0":"post-1407","1":"product","2":"type-product","3":"status-publish","4":"has-post-thumbnail","6":"product_cat-mail-package-box","7":"product_tag-white-box","9":"first","10":"instock","11":"sale","12":"purchasable","13":"product-type-simple"},"_links":{"self":[{"href":"https:\/\/feliluke.com\/fr\/wp-json\/wp\/v2\/product\/1407","targetHints":{"allow":["GET"]}}],"collection":[{"href":"https:\/\/feliluke.com\/fr\/wp-json\/wp\/v2\/product"}],"about":[{"href":"https:\/\/feliluke.com\/fr\/wp-json\/wp\/v2\/types\/product"}],"wp:featuredmedia":[{"embeddable":true,"href":"https:\/\/feliluke.com\/fr\/wp-json\/wp\/v2\/media\/11171"}],"wp:attachment":[{"href":"https:\/\/feliluke.com\/fr\/wp-json\/wp\/v2\/media?parent=1407"}],"wp:term":[{"taxonomy":"product_brand","embeddable":true,"href":"https:\/\/feliluke.com\/fr\/wp-json\/wp\/v2\/product_brand?post=1407"},{"taxonomy":"product_cat","embeddable":true,"href":"https:\/\/feliluke.com\/fr\/wp-json\/wp\/v2\/product_cat?post=1407"},{"taxonomy":"product_tag","embeddable":true,"href":"https:\/\/feliluke.com\/fr\/wp-json\/wp\/v2\/product_tag?post=1407"}],"curies":[{"name":"wp","href":"https:\/\/api.w.org\/{rel}","templated":true}]}}