{"id":1550,"date":"2023-06-15T09:50:26","date_gmt":"2023-06-15T01:50:26","guid":{"rendered":"https:\/\/feliluke.com\/?post_type=product&#038;p=1550"},"modified":"2025-01-03T15:39:31","modified_gmt":"2025-01-03T07:39:31","slug":"package-delivery-box-black-color","status":"publish","type":"product","link":"https:\/\/feliluke.com\/fr\/produit\/package-delivery-box-black-color\/","title":{"rendered":"Bo\u00eete de livraison de colis noire"},"content":{"rendered":"<p>La bo\u00eete de livraison noire de Feliluke s\u00e9curise vos pr\u00e9cieuses livraisons gr\u00e2ce \u00e0 sa conception r\u00e9sistante aux intemp\u00e9ries et verrouillable. C&#039;est simple \u00e0 utiliser pour tous les chauffeurs-livreurs et facile d&#039;acc\u00e8s pour vous avec votre cl\u00e9 personnelle. La bo\u00eete pr\u00e9sente une couleur noire classique et un design moderne, garantissant qu&#039;elle correspond \u00e0 l&#039;esth\u00e9tique de votre maison tout en prot\u00e9geant les colis contre les pirates ou les dommages du porche.<\/p>\n<p>Dimensions ext\u00e9rieures : 40\u2033 H x 18\u2033 L x 15\u2033 P. Poids : 36 lb<\/p>","protected":false},"excerpt":{"rendered":"<p>Le tout dans une seule bo\u00eete. La bo\u00eete de livraison de colis Feliluke est un design moderne qui re\u00e7oit \u00e0 la fois les colis et le courrier. Il est s\u00e9curis\u00e9 et suffisamment grand pour contenir vos colis plusieurs jours. Placez-le sur votre porche ou sur votre trottoir. Ne vous souciez plus de vos colis.  Dimensions (L x P x H) \u2013 [\u2026]<\/p>","protected":false},"featured_media":11155,"template":"","meta":[],"product_brand":[],"product_cat":[73],"product_tag":[112],"class_list":{"0":"post-1550","1":"product","2":"type-product","3":"status-publish","4":"has-post-thumbnail","6":"product_cat-mail-package-box","7":"product_tag-black-box","9":"first","10":"instock","11":"sale","12":"taxable","13":"shipping-taxable","14":"purchasable","15":"product-type-simple"},"_links":{"self":[{"href":"https:\/\/feliluke.com\/fr\/wp-json\/wp\/v2\/product\/1550","targetHints":{"allow":["GET"]}}],"collection":[{"href":"https:\/\/feliluke.com\/fr\/wp-json\/wp\/v2\/product"}],"about":[{"href":"https:\/\/feliluke.com\/fr\/wp-json\/wp\/v2\/types\/product"}],"wp:featuredmedia":[{"embeddable":true,"href":"https:\/\/feliluke.com\/fr\/wp-json\/wp\/v2\/media\/11155"}],"wp:attachment":[{"href":"https:\/\/feliluke.com\/fr\/wp-json\/wp\/v2\/media?parent=1550"}],"wp:term":[{"taxonomy":"product_brand","embeddable":true,"href":"https:\/\/feliluke.com\/fr\/wp-json\/wp\/v2\/product_brand?post=1550"},{"taxonomy":"product_cat","embeddable":true,"href":"https:\/\/feliluke.com\/fr\/wp-json\/wp\/v2\/product_cat?post=1550"},{"taxonomy":"product_tag","embeddable":true,"href":"https:\/\/feliluke.com\/fr\/wp-json\/wp\/v2\/product_tag?post=1550"}],"curies":[{"name":"wp","href":"https:\/\/api.w.org\/{rel}","templated":true}]}}