{"id":1646,"date":"2023-06-16T03:52:29","date_gmt":"2023-06-15T19:52:29","guid":{"rendered":"https:\/\/feliluke.com\/?post_type=product&#038;p=1646"},"modified":"2025-01-10T15:23:45","modified_gmt":"2025-01-10T07:23:45","slug":"package-delivery-sign-stickers","status":"publish","type":"product","link":"https:\/\/feliluke.com\/fr\/produit\/package-delivery-sign-stickers\/","title":{"rendered":"AUTOCOLLANTS DE SIGNALISATION DE LIVRAISON DE COLIS"},"content":{"rendered":"<p>Am\u00e9liorez l\u2019efficacit\u00e9 de la livraison des colis gr\u00e2ce \u00e0 notre signalisation optimale de haute qualit\u00e9. Fabriqu\u00e9s \u00e0 partir d&#039;un mat\u00e9riau PVC durable, ces autocollants imperm\u00e9ables et r\u00e9sistants aux UV pr\u00e9sentent un design accrocheur pour une visibilit\u00e9 facile. Parfaitement dimensionn\u00e9s \u00e0 10 x 7 pouces, ils sont id\u00e9aux pour n\u2019importe quelle maison ou espace.<\/p>","protected":false},"excerpt":{"rendered":"<p>Am\u00e9liorez l\u2019efficacit\u00e9 de la livraison des colis gr\u00e2ce \u00e0 notre signalisation optimale de haute qualit\u00e9. Fabriqu\u00e9s \u00e0 partir d&#039;un mat\u00e9riau PVC durable, ces autocollants imperm\u00e9ables et r\u00e9sistants aux UV pr\u00e9sentent un design accrocheur pour une visibilit\u00e9 facile. Parfaitement dimensionn\u00e9s \u00e0 10 x 7 pouces, ils sont id\u00e9aux pour n\u2019importe quelle maison ou espace.<\/p>","protected":false},"featured_media":1649,"template":"","meta":[],"product_brand":[],"product_cat":[74],"product_tag":[157],"class_list":{"0":"post-1646","1":"product","2":"type-product","3":"status-publish","4":"has-post-thumbnail","6":"product_cat-stickers","7":"product_tag-sticker","9":"first","10":"instock","11":"sale","12":"taxable","13":"shipping-taxable","14":"purchasable","15":"product-type-simple"},"_links":{"self":[{"href":"https:\/\/feliluke.com\/fr\/wp-json\/wp\/v2\/product\/1646","targetHints":{"allow":["GET"]}}],"collection":[{"href":"https:\/\/feliluke.com\/fr\/wp-json\/wp\/v2\/product"}],"about":[{"href":"https:\/\/feliluke.com\/fr\/wp-json\/wp\/v2\/types\/product"}],"wp:featuredmedia":[{"embeddable":true,"href":"https:\/\/feliluke.com\/fr\/wp-json\/wp\/v2\/media\/1649"}],"wp:attachment":[{"href":"https:\/\/feliluke.com\/fr\/wp-json\/wp\/v2\/media?parent=1646"}],"wp:term":[{"taxonomy":"product_brand","embeddable":true,"href":"https:\/\/feliluke.com\/fr\/wp-json\/wp\/v2\/product_brand?post=1646"},{"taxonomy":"product_cat","embeddable":true,"href":"https:\/\/feliluke.com\/fr\/wp-json\/wp\/v2\/product_cat?post=1646"},{"taxonomy":"product_tag","embeddable":true,"href":"https:\/\/feliluke.com\/fr\/wp-json\/wp\/v2\/product_tag?post=1646"}],"curies":[{"name":"wp","href":"https:\/\/api.w.org\/{rel}","templated":true}]}}