{"id":5748,"date":"2023-09-25T16:59:41","date_gmt":"2023-09-25T08:59:41","guid":{"rendered":"https:\/\/feliluke.com\/?page_id=5748"},"modified":"2023-11-30T16:37:34","modified_gmt":"2023-11-30T08:37:34","slug":"delivery-setup","status":"publish","type":"page","link":"https:\/\/feliluke.com\/it\/delivery-setup\/","title":{"rendered":"Impostazione della consegna"},"content":{"rendered":"<div data-elementor-type=\"wp-page\" data-elementor-id=\"5748\" class=\"elementor elementor-5748\" data-elementor-post-type=\"page\">\n\t\t\t\t\t\t<section class=\"elementor-section elementor-top-section elementor-element elementor-element-768176b4 elementor-section-boxed elementor-section-height-default elementor-section-height-default\" data-id=\"768176b4\" data-element_type=\"section\" data-e-type=\"section\">\n\t\t\t\t\t\t<div class=\"elementor-container elementor-column-gap-default\">\n\t\t\t\t\t<div class=\"elementor-column elementor-col-100 elementor-top-column elementor-element elementor-element-72a89891\" data-id=\"72a89891\" data-element_type=\"column\" data-e-type=\"column\">\n\t\t\t<div class=\"elementor-widget-wrap elementor-element-populated\">\n\t\t\t\t\t\t<div class=\"elementor-element elementor-element-36d64a61 elementor-widget elementor-widget-woocommerce-breadcrumb\" data-id=\"36d64a61\" data-element_type=\"widget\" data-e-type=\"widget\" data-widget_type=\"woocommerce-breadcrumb.default\">\n\t\t\t\t\t\t<div class=\"elementor-widget-container\">\n\t\t\t\t\t<nav class=\"woocommerce-breadcrumb\" aria-label=\"Breadcrumb\" data-no-translation=\"\" data-trp-gettext=\"\">Casa<\/nav>\t\t\t\t<\/div>\n\t\t\t\t<\/div>\n\t\t\t\t\t<\/div>\n\t\t<\/div>\n\t\t\t\t\t<\/div>\n\t\t<\/section>\n\t\t\t\t<section class=\"elementor-section elementor-top-section elementor-element elementor-element-3f8e413e elementor-section-height-min-height elementor-section-content-middle elementor-section-boxed elementor-section-height-default elementor-section-items-middle\" data-id=\"3f8e413e\" data-element_type=\"section\" data-e-type=\"section\" data-settings=\"{&quot;background_background&quot;:&quot;gradient&quot;}\">\n\t\t\t\t\t\t<div class=\"elementor-container elementor-column-gap-default\">\n\t\t\t\t\t<div class=\"elementor-column elementor-col-100 elementor-top-column elementor-element elementor-element-209f76f5\" data-id=\"209f76f5\" data-element_type=\"column\" data-e-type=\"column\" data-settings=\"{&quot;background_background&quot;:&quot;classic&quot;}\">\n\t\t\t<div class=\"elementor-widget-wrap elementor-element-populated\">\n\t\t\t\t\t\t<div class=\"elementor-element elementor-element-255d8b2e elementor-widget elementor-widget-heading\" data-id=\"255d8b2e\" data-element_type=\"widget\" data-e-type=\"widget\" data-widget_type=\"heading.default\">\n\t\t\t\t\t\t<div class=\"elementor-widget-container\">\n\t\t\t\t\t<h1 class=\"elementor-heading-title elementor-size-default\">Impostazione della consegna<\/h1>\t\t\t\t<\/div>\n\t\t\t\t<\/div>\n\t\t\t\t\t<\/div>\n\t\t<\/div>\n\t\t\t\t\t<\/div>\n\t\t<\/section>\n\t\t\t\t<section class=\"elementor-section elementor-top-section elementor-element elementor-element-4037e353 elementor-section-content-middle elementor-section-height-min-height elementor-section-boxed elementor-section-height-default elementor-section-items-middle\" data-id=\"4037e353\" data-element_type=\"section\" data-e-type=\"section\">\n\t\t\t\t\t\t<div class=\"elementor-container elementor-column-gap-default\">\n\t\t\t\t\t<div class=\"elementor-column elementor-col-100 elementor-top-column elementor-element elementor-element-3ebf94de\" data-id=\"3ebf94de\" data-element_type=\"column\" data-e-type=\"column\">\n\t\t\t<div class=\"elementor-widget-wrap elementor-element-populated\">\n\t\t\t\t\t\t<div class=\"elementor-element elementor-element-35b7ee8 elementor-widget elementor-widget-heading\" data-id=\"35b7ee8\" data-element_type=\"widget\" data-e-type=\"widget\" data-widget_type=\"heading.default\">\n\t\t\t\t\t\t<div class=\"elementor-widget-container\">\n\t\t\t\t\t<h2 class=\"elementor-heading-title elementor-size-default\">Istruzioni per i fornitori di servizi di consegna\n<\/h2>\t\t\t\t<\/div>\n\t\t\t\t<\/div>\n\t\t\t\t<div class=\"elementor-element elementor-element-ee1b5c1 elementor-widget elementor-widget-text-editor\" data-id=\"ee1b5c1\" data-element_type=\"widget\" data-e-type=\"widget\" data-widget_type=\"text-editor.default\">\n\t\t\t\t\t\t<div class=\"elementor-widget-container\">\n\t\t\t\t\t\t\t\t\t<p>\u00a0Informali della posizione della scatola di consegna del tuo pacco Feliluke e richiedi la consegna al suo interno. Ecco un esempio di istruzioni chiare:<\/p><ul><li>&quot;Si prega di depositare la consegna nella cassetta di deposito pacchi Feliluke, situata sul [portico\/vialetto\/ecc.].<\/li><li>Aprire lo sportello e riporre la consegna in modo sicuro all&#039;interno.<\/li><li>Poi chiudi la porta.&quot;<\/li><\/ul>\t\t\t\t\t\t\t\t<\/div>\n\t\t\t\t<\/div>\n\t\t\t\t<div class=\"elementor-element elementor-element-5c4dfc6 elementor-widget elementor-widget-heading\" data-id=\"5c4dfc6\" data-element_type=\"widget\" data-e-type=\"widget\" data-widget_type=\"heading.default\">\n\t\t\t\t\t\t<div class=\"elementor-widget-container\">\n\t\t\t\t\t<h2 class=\"elementor-heading-title elementor-size-default\">Servizi di consegna comuni<\/h2>\t\t\t\t<\/div>\n\t\t\t\t<\/div>\n\t\t\t\t<div class=\"elementor-element elementor-element-e389c93 elementor-widget elementor-widget-heading\" data-id=\"e389c93\" data-element_type=\"widget\" data-e-type=\"widget\" data-widget_type=\"heading.default\">\n\t\t\t\t\t\t<div class=\"elementor-widget-container\">\n\t\t\t\t\t<h3 class=\"elementor-heading-title elementor-size-default\">UPS<\/h3>\t\t\t\t<\/div>\n\t\t\t\t<\/div>\n\t\t\t\t<div class=\"elementor-element elementor-element-6cf6e4fe elementor-widget elementor-widget-text-editor\" data-id=\"6cf6e4fe\" data-element_type=\"widget\" data-e-type=\"widget\" data-widget_type=\"text-editor.default\">\n\t\t\t\t\t\t<div class=\"elementor-widget-container\">\n\t\t\t\t\t\t\t\t\t<p>Registrati a UPS My Choice, un account gratuito che ti consente di controllare le consegne dei tuoi pacchi, incluso dove e quando arrivano. Nota che alcuni servizi potrebbero comportare dei costi, come la modifica delle tue preferenze di consegna.<\/p><p>Una volta effettuata la registrazione a My Choice, puoi impostare le istruzioni per la consegna seguendo questi passaggi:<\/p><ol><li>Accedi a <strong><a href=\"https:\/\/www.ups.com\/us\/en\/track\/ups-my-choice.page\" target=\"_blank\" rel=\"noopener\">La mia scelta<\/a><\/strong>.<\/li><li>Clicca sul tuo nome nell&#039;angolo in alto a destra per accedere al menu a discesa.<\/li><li>Seleziona \u201cPreferenze\u201d.<\/li><li>Nella sezione &quot;UPS My Choice&quot;, fare clic su &quot;Modifica preferenze&quot;.<\/li><li>Seleziona &quot;Istruzioni per il conducente&quot; e un menu a discesa visualizzer\u00e0 una finestra denominata &quot;Codice di sicurezza del cancello o dell&#039;edificio&quot;. Qui puoi inserire i dettagli della posizione e tutte le istruzioni necessarie.<\/li><li>Dopodich\u00e9, clicca semplicemente su &quot;Salva modifiche&quot; e il gioco \u00e8 fatto!<\/li><\/ol>\t\t\t\t\t\t\t\t<\/div>\n\t\t\t\t<\/div>\n\t\t\t\t<div class=\"elementor-element elementor-element-408e66c elementor-widget elementor-widget-image\" data-id=\"408e66c\" data-element_type=\"widget\" data-e-type=\"widget\" data-widget_type=\"image.default\">\n\t\t\t\t\t\t<div class=\"elementor-widget-container\">\n\t\t\t\t\t\t\t\t\t\t\t\t\t\t\t<img fetchpriority=\"high\" decoding=\"async\" width=\"800\" height=\"647\" src=\"https:\/\/feliluke.com\/wp-content\/uploads\/2023\/09\/UPS-MY-CHOICE.png\" class=\"attachment-large size-large wp-image-5896\" alt=\"Abilitare i corrieri UPS a consegnare nell&#039;armadietto di consegna pacchi Feliluke\" srcset=\"https:\/\/feliluke.com\/wp-content\/uploads\/2023\/09\/UPS-MY-CHOICE.png 998w, https:\/\/feliluke.com\/wp-content\/uploads\/2023\/09\/UPS-MY-CHOICE-300x243.png 300w, https:\/\/feliluke.com\/wp-content\/uploads\/2023\/09\/UPS-MY-CHOICE-768x621.png 768w, https:\/\/feliluke.com\/wp-content\/uploads\/2023\/09\/UPS-MY-CHOICE-15x12.png 15w, https:\/\/feliluke.com\/wp-content\/uploads\/2023\/09\/UPS-MY-CHOICE-600x485.png 600w\" sizes=\"(max-width: 800px) 100vw, 800px\" \/>\t\t\t\t\t\t\t\t\t\t\t\t\t\t\t<\/div>\n\t\t\t\t<\/div>\n\t\t\t\t<div class=\"elementor-element elementor-element-8c923fc elementor-widget elementor-widget-heading\" data-id=\"8c923fc\" data-element_type=\"widget\" data-e-type=\"widget\" data-widget_type=\"heading.default\">\n\t\t\t\t\t\t<div class=\"elementor-widget-container\">\n\t\t\t\t\t<h3 class=\"elementor-heading-title elementor-size-default\">Fedex<\/h3>\t\t\t\t<\/div>\n\t\t\t\t<\/div>\n\t\t\t\t<div class=\"elementor-element elementor-element-89bb148 elementor-widget elementor-widget-text-editor\" data-id=\"89bb148\" data-element_type=\"widget\" data-e-type=\"widget\" data-widget_type=\"text-editor.default\">\n\t\t\t\t\t\t<div class=\"elementor-widget-container\">\n\t\t\t\t\t\t\t\t\t<p>Per iniziare, crea un account sul sito web di FedEx e accedi. Segui questi passaggi:<\/p><ol><li>Nell&#039;angolo in alto a destra, clicca sul tuo nome.<\/li><li>Nel menu a discesa, seleziona &quot;Il mio profilo&quot;.<\/li><li>Sul lato sinistro, seleziona &quot;FedEx Delivery Manager&quot;.<\/li><li>Scorri verso il basso fino alla sezione etichettata &quot;Indirizzo(i) di consegna per&quot;. Se il tuo indirizzo di consegna non \u00e8 elencato, aggiungilo. Se \u00e8 gi\u00e0 presente, fai clic su &quot;Visualizza\/Modifica&quot;.<\/li><li>Nella sezione \u201cIstruzioni per la consegna\u201d, fare clic su \u201cModifica\u201d.<\/li><li>In questa sezione, troverai un menu a discesa per la posizione e un&#039;area intitolata &quot;Aiuto per trovare il tuo indirizzo&quot;. Qui, puoi inserire le tue istruzioni specifiche per Feliluke. Tieni presente che c&#039;\u00e8 un limite di 35 caratteri per questo campo.<\/li><\/ol><p>Completa questi passaggi e sarai pronto!<\/p><p><a href=\"https:\/\/www.youtube.com\/watch?v=fISJMf4O5yY&amp;t=1s\" target=\"_blank\" rel=\"noopener\"><span style=\"text-decoration: underline;\">**Clicca sull&#039;immagine qui sotto per guardare il video con le istruzioni.<\/span><\/a><\/p>\t\t\t\t\t\t\t\t<\/div>\n\t\t\t\t<\/div>\n\t\t\t\t<div class=\"elementor-element elementor-element-e2a99c5 elementor-widget elementor-widget-image\" data-id=\"e2a99c5\" data-element_type=\"widget\" data-e-type=\"widget\" data-widget_type=\"image.default\">\n\t\t\t\t\t\t<div class=\"elementor-widget-container\">\n\t\t\t\t\t\t\t\t\t\t\t\t<figure class=\"wp-caption\">\n\t\t\t\t\t\t\t\t\t\t\t<a href=\"https:\/\/www.youtube.com\/watch?v=fISJMf4O5yY&#038;t=1s\" target=\"_blank\" rel=\"noopener\">\n\t\t\t\t\t\t\t<img decoding=\"async\" width=\"800\" height=\"450\" src=\"https:\/\/feliluke.com\/wp-content\/uploads\/2023\/09\/maxresdefault-1024x576.jpg\" class=\"attachment-large size-large wp-image-5848\" alt=\"FedEx Delivery Manager: come utilizzare le istruzioni di consegna.mp4\" srcset=\"https:\/\/feliluke.com\/wp-content\/uploads\/2023\/09\/maxresdefault-1024x576.jpg 1024w, https:\/\/feliluke.com\/wp-content\/uploads\/2023\/09\/maxresdefault-300x169.jpg 300w, https:\/\/feliluke.com\/wp-content\/uploads\/2023\/09\/maxresdefault-768x432.jpg 768w, https:\/\/feliluke.com\/wp-content\/uploads\/2023\/09\/maxresdefault-18x10.jpg 18w, https:\/\/feliluke.com\/wp-content\/uploads\/2023\/09\/maxresdefault-600x338.jpg 600w, https:\/\/feliluke.com\/wp-content\/uploads\/2023\/09\/maxresdefault.jpg 1280w\" sizes=\"(max-width: 800px) 100vw, 800px\" \/>\t\t\t\t\t\t\t\t<\/a>\n\t\t\t\t\t\t\t\t\t\t\t<figcaption class=\"widget-image-caption wp-caption-text\">FedEx Delivery Manager\u00ae: come utilizzare le istruzioni di consegna.mp4<\/figcaption>\n\t\t\t\t\t\t\t\t\t\t<\/figure>\n\t\t\t\t\t\t\t\t\t<\/div>\n\t\t\t\t<\/div>\n\t\t\t\t<div class=\"elementor-element elementor-element-22336a1 elementor-widget elementor-widget-heading\" data-id=\"22336a1\" data-element_type=\"widget\" data-e-type=\"widget\" data-widget_type=\"heading.default\">\n\t\t\t\t\t\t<div class=\"elementor-widget-container\">\n\t\t\t\t\t<h3 class=\"elementor-heading-title elementor-size-default\">Servizio postale degli Stati Uniti<\/h3>\t\t\t\t<\/div>\n\t\t\t\t<\/div>\n\t\t\t\t<div class=\"elementor-element elementor-element-f1d48ea elementor-widget elementor-widget-text-editor\" data-id=\"f1d48ea\" data-element_type=\"widget\" data-e-type=\"widget\" data-widget_type=\"text-editor.default\">\n\t\t\t\t\t\t<div class=\"elementor-widget-container\">\n\t\t\t\t\t\t\t\t\t<p>Per iniziare con la consegna informata USPS, <strong><a href=\"https:\/\/www.usps.com\/\" target=\"_blank\" rel=\"noopener\">clicca qui<\/a><\/strong>Una volta completata la configurazione, vai su &quot;Impostazioni&quot; per abilitare gli avvisi sui pacchi tramite SMS o e-mail.<\/p><p>Per le spedizioni future, se il tuo pacco \u00e8 idoneo al servizio USPS Delivery Instructions\u2122, puoi specificare il luogo di consegna desiderato al tuo indirizzo, reindirizzarlo a un indirizzo diverso o conservarlo presso l&#039;ufficio postale locale.<\/p><p>Per inviare la tua richiesta, clicca semplicemente su &quot;Change Delivery Instructions&quot; nella pagina dei risultati di tracciamento. Se non vedi il link &quot;Change Delivery Instructions&quot;, significa che il tuo pacco non \u00e8 idoneo per il servizio Delivery Instructions.<\/p>\t\t\t\t\t\t\t\t<\/div>\n\t\t\t\t<\/div>\n\t\t\t\t<div class=\"elementor-element elementor-element-6e9d209 elementor-widget elementor-widget-image\" data-id=\"6e9d209\" data-element_type=\"widget\" data-e-type=\"widget\" data-widget_type=\"image.default\">\n\t\t\t\t\t\t<div class=\"elementor-widget-container\">\n\t\t\t\t\t\t\t\t\t\t\t\t<figure class=\"wp-caption\">\n\t\t\t\t\t\t\t\t\t\t<img decoding=\"async\" width=\"800\" height=\"132\" src=\"https:\/\/feliluke.com\/wp-content\/uploads\/2023\/09\/PPCn3SpRRtTya79tPdfyMNIyaDaLfQpkvChOY5SNZVLkzUW2tg85tRw4W455udLoryrLn_ToCgE_w1707-fcrop64_1_00005a57-1024x169.jpg\" class=\"attachment-large size-large wp-image-5869\" alt=\"come notare i pacchi consegnati dall&#039;USPS alla mia casella di posta e pacchi\" srcset=\"https:\/\/feliluke.com\/wp-content\/uploads\/2023\/09\/PPCn3SpRRtTya79tPdfyMNIyaDaLfQpkvChOY5SNZVLkzUW2tg85tRw4W455udLoryrLn_ToCgE_w1707-fcrop64_1_00005a57-1024x169.jpg 1024w, https:\/\/feliluke.com\/wp-content\/uploads\/2023\/09\/PPCn3SpRRtTya79tPdfyMNIyaDaLfQpkvChOY5SNZVLkzUW2tg85tRw4W455udLoryrLn_ToCgE_w1707-fcrop64_1_00005a57-300x50.jpg 300w, https:\/\/feliluke.com\/wp-content\/uploads\/2023\/09\/PPCn3SpRRtTya79tPdfyMNIyaDaLfQpkvChOY5SNZVLkzUW2tg85tRw4W455udLoryrLn_ToCgE_w1707-fcrop64_1_00005a57-768x127.jpg 768w, https:\/\/feliluke.com\/wp-content\/uploads\/2023\/09\/PPCn3SpRRtTya79tPdfyMNIyaDaLfQpkvChOY5SNZVLkzUW2tg85tRw4W455udLoryrLn_ToCgE_w1707-fcrop64_1_00005a57-1536x254.jpg 1536w, https:\/\/feliluke.com\/wp-content\/uploads\/2023\/09\/PPCn3SpRRtTya79tPdfyMNIyaDaLfQpkvChOY5SNZVLkzUW2tg85tRw4W455udLoryrLn_ToCgE_w1707-fcrop64_1_00005a57-18x3.jpg 18w, https:\/\/feliluke.com\/wp-content\/uploads\/2023\/09\/PPCn3SpRRtTya79tPdfyMNIyaDaLfQpkvChOY5SNZVLkzUW2tg85tRw4W455udLoryrLn_ToCgE_w1707-fcrop64_1_00005a57-1320x218.jpg 1320w, https:\/\/feliluke.com\/wp-content\/uploads\/2023\/09\/PPCn3SpRRtTya79tPdfyMNIyaDaLfQpkvChOY5SNZVLkzUW2tg85tRw4W455udLoryrLn_ToCgE_w1707-fcrop64_1_00005a57-600x99.jpg 600w, https:\/\/feliluke.com\/wp-content\/uploads\/2023\/09\/PPCn3SpRRtTya79tPdfyMNIyaDaLfQpkvChOY5SNZVLkzUW2tg85tRw4W455udLoryrLn_ToCgE_w1707-fcrop64_1_00005a57.jpg 1707w\" sizes=\"(max-width: 800px) 100vw, 800px\" \/>\t\t\t\t\t\t\t\t\t\t\t<figcaption class=\"widget-image-caption wp-caption-text\"><\/figcaption>\n\t\t\t\t\t\t\t\t\t\t<\/figure>\n\t\t\t\t\t\t\t\t\t<\/div>\n\t\t\t\t<\/div>\n\t\t\t\t<div class=\"elementor-element elementor-element-4e000d7 elementor-widget elementor-widget-heading\" data-id=\"4e000d7\" data-element_type=\"widget\" data-e-type=\"widget\" data-widget_type=\"heading.default\">\n\t\t\t\t\t\t<div class=\"elementor-widget-container\">\n\t\t\t\t\t<h3 class=\"elementor-heading-title elementor-size-default\">AMAZZONIA<\/h3>\t\t\t\t<\/div>\n\t\t\t\t<\/div>\n\t\t\t\t<div class=\"elementor-element elementor-element-73913e1 elementor-widget elementor-widget-text-editor\" data-id=\"73913e1\" data-element_type=\"widget\" data-e-type=\"widget\" data-widget_type=\"text-editor.default\">\n\t\t\t\t\t\t<div class=\"elementor-widget-container\">\n\t\t\t\t\t\t\t\t\t<ol><li>Inizia creando un account personale per gli acquisti su <span style=\"text-decoration: underline;\"><a href=\"https:\/\/www.amazon.com\/\" target=\"_blank\" rel=\"noopener\"><strong>Amazon.com<\/strong><\/a><\/span>.<\/li><li>Nelle impostazioni &quot;Il tuo account&quot;, vai a &quot;I tuoi indirizzi&quot;.<\/li><li>Per aggiornare un indirizzo, seleziona &quot;Modifica&quot; per l&#039;indirizzo in questione.<\/li><li>Specifica dove collocare la Feliluke Box nella tua residenza: sul portico anteriore, sulla porta sul retro, sul portico laterale o in un&#039;altra area designata.<\/li><li>Procedi a &quot;Aggiungi istruzioni per la consegna&quot;, dove puoi descrivere in dettaglio l&#039;uso della tua scatola per la consegna dei pacchi super grandi Feliluke, specificare la sua posizione esatta a casa tua e fornire istruzioni su come accedervi.<\/li><li>Completa il processo selezionando &quot;Salva modifiche&quot;.<\/li><li>\u00a0<\/li><\/ol><p>Questi passaggi garantiranno consegne fluide ed efficienti con la tua Feliluke Package Delivery Box.<\/p>\t\t\t\t\t\t\t\t<\/div>\n\t\t\t\t<\/div>\n\t\t\t\t<div class=\"elementor-element elementor-element-60335ac elementor-widget elementor-widget-image\" data-id=\"60335ac\" data-element_type=\"widget\" data-e-type=\"widget\" data-widget_type=\"image.default\">\n\t\t\t\t\t\t<div class=\"elementor-widget-container\">\n\t\t\t\t\t\t\t\t\t\t\t\t<figure class=\"wp-caption\">\n\t\t\t\t\t\t\t\t\t\t<img loading=\"lazy\" decoding=\"async\" width=\"583\" height=\"360\" src=\"https:\/\/feliluke.com\/wp-content\/uploads\/2023\/09\/AMAZON.png\" class=\"attachment-large size-large wp-image-5888\" alt=\"Abilitare i corrieri Amazon a consegnare nella scatola di consegna dei pacchi Feliluke\" srcset=\"https:\/\/feliluke.com\/wp-content\/uploads\/2023\/09\/AMAZON.png 583w, https:\/\/feliluke.com\/wp-content\/uploads\/2023\/09\/AMAZON-300x185.png 300w, https:\/\/feliluke.com\/wp-content\/uploads\/2023\/09\/AMAZON-18x12.png 18w\" sizes=\"(max-width: 583px) 100vw, 583px\" \/>\t\t\t\t\t\t\t\t\t\t\t<figcaption class=\"widget-image-caption wp-caption-text\">Abilitare i corrieri Amazon a consegnare nella scatola di consegna dei pacchi Feliluke<\/figcaption>\n\t\t\t\t\t\t\t\t\t\t<\/figure>\n\t\t\t\t\t\t\t\t\t<\/div>\n\t\t\t\t<\/div>\n\t\t\t\t<div class=\"elementor-element elementor-element-7015a02 elementor-cta--layout-image-right elementor-cta--mobile-layout-image-above elementor-cta--valign-middle elementor-widget__width-initial elementor-cta--skin-classic elementor-animated-content elementor-bg-transform elementor-bg-transform-zoom-in elementor-widget elementor-widget-call-to-action\" data-id=\"7015a02\" data-element_type=\"widget\" data-e-type=\"widget\" data-widget_type=\"call-to-action.default\">\n\t\t\t\t\t\t<div class=\"elementor-widget-container\">\n\t\t\t\t\t\t\t<div class=\"elementor-cta\">\n\t\t\t\t\t<div class=\"elementor-cta__bg-wrapper\">\n\t\t\t\t<div class=\"elementor-cta__bg elementor-bg\" style=\"background-image: url(https:\/\/feliluke.com\/wp-content\/uploads\/2023\/06\/1-1-300x300.jpg);\" role=\"img\" aria-label=\"adesivi per segnaletica di consegna del pacco feliluke\"><\/div>\n\t\t\t\t<div class=\"elementor-cta__bg-overlay\"><\/div>\n\t\t\t<\/div>\n\t\t\t\t\t\t\t<div class=\"elementor-cta__content\">\n\t\t\t\t\n\t\t\t\t\t\t\t\t\t<h2 class=\"elementor-cta__title elementor-cta__content-item elementor-content-item\">\n\t\t\t\t\t\tAdesivi per cartellini del pacchetto\t\t\t\t\t<\/h2>\n\t\t\t\t\n\t\t\t\t\t\t\t\t\t<div class=\"elementor-cta__description elementor-cta__content-item elementor-content-item\">\n\t\t\t\t\t\tdimensioni perfette e visibilit\u00e0 chiara \t\t\t\t\t<\/div>\n\t\t\t\t\n\t\t\t\t\t\t\t\t\t<div class=\"elementor-cta__button-wrapper elementor-cta__content-item elementor-content-item\">\n\t\t\t\t\t<a class=\"elementor-cta__button elementor-button elementor-size-md\">\n\t\t\t\t\t\tAggiungi al carrello\t\t\t\t\t<\/a>\n\t\t\t\t\t<\/div>\n\t\t\t\t\t\t\t<\/div>\n\t\t\t\t\t\t\t<div class=\"elementor-ribbon elementor-ribbon-right\">\n\t\t\t\t<div class=\"elementor-ribbon-inner\">CALDO!<\/div>\n\t\t\t<\/div>\n\t\t\t\t<\/div>\n\t\t\t\t\t\t<\/div>\n\t\t\t\t<\/div>\n\t\t\t\t\t<\/div>\n\t\t<\/div>\n\t\t\t\t\t<\/div>\n\t\t<\/section>\n\t\t\t\t<\/div>","protected":false},"excerpt":{"rendered":"<p>Come notificare ai tuoi fornitori di servizi di consegna come utilizzare la tua nuova casella di posta o di consegna pacchi Feliluke. Imposta tutti i tuoi corrieri comuni con facilit\u00e0.<\/p>","protected":false},"author":1,"featured_media":5749,"parent":0,"menu_order":0,"comment_status":"closed","ping_status":"closed","template":"","meta":{"footnotes":""},"class_list":["post-5748","page","type-page","status-publish","has-post-thumbnail","hentry"],"_links":{"self":[{"href":"https:\/\/feliluke.com\/it\/wp-json\/wp\/v2\/pages\/5748","targetHints":{"allow":["GET"]}}],"collection":[{"href":"https:\/\/feliluke.com\/it\/wp-json\/wp\/v2\/pages"}],"about":[{"href":"https:\/\/feliluke.com\/it\/wp-json\/wp\/v2\/types\/page"}],"author":[{"embeddable":true,"href":"https:\/\/feliluke.com\/it\/wp-json\/wp\/v2\/users\/1"}],"replies":[{"embeddable":true,"href":"https:\/\/feliluke.com\/it\/wp-json\/wp\/v2\/comments?post=5748"}],"version-history":[{"count":0,"href":"https:\/\/feliluke.com\/it\/wp-json\/wp\/v2\/pages\/5748\/revisions"}],"wp:featuredmedia":[{"embeddable":true,"href":"https:\/\/feliluke.com\/it\/wp-json\/wp\/v2\/media\/5749"}],"wp:attachment":[{"href":"https:\/\/feliluke.com\/it\/wp-json\/wp\/v2\/media?parent=5748"}],"curies":[{"name":"wp","href":"https:\/\/api.w.org\/{rel}","templated":true}]}}