{"id":2934,"date":"2023-06-21T07:39:51","date_gmt":"2023-06-21T07:39:51","guid":{"rendered":"https:\/\/feliluke.com\/?page_id=2934"},"modified":"2023-09-01T13:45:33","modified_gmt":"2023-09-01T05:45:33","slug":"privacy-policy","status":"publish","type":"page","link":"https:\/\/feliluke.com\/pt\/privacy-policy\/","title":{"rendered":"pol\u00edtica de Privacidade"},"content":{"rendered":"<div data-elementor-type=\"wp-page\" data-elementor-id=\"2934\" class=\"elementor elementor-2934\" data-elementor-post-type=\"page\">\n\t\t\t\t\t\t<section class=\"elementor-section elementor-top-section elementor-element elementor-element-6793ff38 elementor-section-boxed elementor-section-height-default elementor-section-height-default\" data-id=\"6793ff38\" data-element_type=\"section\" data-e-type=\"section\" data-settings=\"{&quot;background_background&quot;:&quot;classic&quot;}\">\n\t\t\t\t\t\t<div class=\"elementor-container elementor-column-gap-default\">\n\t\t\t\t\t<div class=\"elementor-column elementor-col-100 elementor-top-column elementor-element elementor-element-7ea93288\" data-id=\"7ea93288\" data-element_type=\"column\" data-e-type=\"column\">\n\t\t\t<div class=\"elementor-widget-wrap elementor-element-populated\">\n\t\t\t\t\t\t<div class=\"elementor-element elementor-element-78dd3b98 elementor-widget elementor-widget-woocommerce-breadcrumb\" data-id=\"78dd3b98\" data-element_type=\"widget\" data-e-type=\"widget\" data-widget_type=\"woocommerce-breadcrumb.default\">\n\t\t\t\t\t\t<div class=\"elementor-widget-container\">\n\t\t\t\t\t<nav class=\"woocommerce-breadcrumb\" aria-label=\"Breadcrumb\" data-no-translation=\"\" data-trp-gettext=\"\">In\u00edcio<\/nav>\t\t\t\t<\/div>\n\t\t\t\t<\/div>\n\t\t\t\t<div class=\"elementor-element elementor-element-3635c76e elementor-widget elementor-widget-heading\" data-id=\"3635c76e\" data-element_type=\"widget\" data-e-type=\"widget\" data-widget_type=\"heading.default\">\n\t\t\t\t\t\t<div class=\"elementor-widget-container\">\n\t\t\t\t\t<h1 class=\"elementor-heading-title elementor-size-default\">pol\u00edtica de Privacidade<\/h1>\t\t\t\t<\/div>\n\t\t\t\t<\/div>\n\t\t\t\t<div class=\"elementor-element elementor-element-70c8c117 elementor-widget elementor-widget-text-editor\" data-id=\"70c8c117\" data-element_type=\"widget\" data-e-type=\"widget\" data-widget_type=\"text-editor.default\">\n\t\t\t\t\t\t<div class=\"elementor-widget-container\">\n\t\t\t\t\t\t\t\t\t<p>Atualizado em 23\/06\/2023<\/p>\t\t\t\t\t\t\t\t<\/div>\n\t\t\t\t<\/div>\n\t\t\t\t<div class=\"elementor-element elementor-element-5870c908 elementor-widget elementor-widget-text-editor\" data-id=\"5870c908\" data-element_type=\"widget\" data-e-type=\"widget\" data-widget_type=\"text-editor.default\">\n\t\t\t\t\t\t<div class=\"elementor-widget-container\">\n\t\t\t\t\t\t\t\t\t<p>Feliluke Outdoor Furniture \u00e9 uma empresa privada (\u201cn\u00f3s\u201d, \u201cnos\u201d, \u201cnosso\u201d ou \u201cFeliluke\u201d). Este Contrato de Termos de Uso (os \u201cTermos de Uso\u201d) rege o seu relacionamento (doravante \u201cvoc\u00ea\u201d, \u201cseu\u201d ou \u201cusu\u00e1rio\u201d) com a Empresa e o uso do Servi\u00e7o da Empresa (o \u201cServi\u00e7o\u201d). Ao utilizar o Servi\u00e7o, voc\u00ea aceita estes Termos de Uso e quaisquer modifica\u00e7\u00f5es que possam ser feitas nestes Termos de Uso de tempos em tempos.<\/p><p>A privacidade dos nossos assinantes \u00e9 de primordial import\u00e2ncia na Feliluke. \u00c9 importante que nossos assinantes estejam totalmente informados sobre o uso de suas informa\u00e7\u00f5es pessoais antes de optarem por assinar o Feliluke. Feliluke valoriza sua privacidade eletr\u00f4nica.<\/p><p>Feliluke acredita no marketing baseado em permiss\u00e3o 100%. Feliluke coleta as informa\u00e7\u00f5es que voc\u00ea fornece em nossos sites. Para se inscrever, voc\u00ea deve fornecer seu nome, sobrenome e endere\u00e7o de e-mail. A Feliluke e\/ou nossas afiliadas podem, de tempos em tempos, enviar-lhe ofertas de bens e servi\u00e7os relevantes para as categorias de interesse que voc\u00ea escolheu. Feliluke transmitir\u00e1 ofertas especiais que seriam de valor para qualquer consumidor online para todos os assinantes do Feliluke.<\/p><p>Os sites Feliluke destinam-se ao uso apenas por adultos. Feliluke cumpre a Lei de Prote\u00e7\u00e3o \u00e0 Privacidade Online de Crian\u00e7as e n\u00e3o solicita ou coleta intencionalmente informa\u00e7\u00f5es de crian\u00e7as.<\/p><p>QUE INFORMA\u00c7\u00d5ES COLETAMOS E O QUE FAZEMOS COM ELA?<\/p><p>Quando voc\u00ea compra algo em nossa loja ou se cadastra na Feliluke, como parte do processo de compra e venda, coletamos as informa\u00e7\u00f5es pessoais que voc\u00ea nos fornece, como seu nome, endere\u00e7o e e-mail e hist\u00f3rico de pedidos. Tamb\u00e9m utilizamos cookies, e outras ferramentas, que coletam informa\u00e7\u00f5es que facilitam a utiliza\u00e7\u00e3o de nossa loja e de nosso site.<\/p><p>Quando voc\u00ea visita nosso site, algumas informa\u00e7\u00f5es s\u00e3o coletadas automaticamente. Isso pode incluir informa\u00e7\u00f5es como o sistema operacional (SO) em execu\u00e7\u00e3o no seu dispositivo, endere\u00e7o de protocolo de Internet (IP) (que pode ser usado para obter sua geolocaliza\u00e7\u00e3o), hor\u00e1rios de acesso, tipo de navegador e idioma, e o site que voc\u00ea visitou antes de nosso site. Tamb\u00e9m coletamos informa\u00e7\u00f5es sobre como voc\u00ea usa nosso site, incluindo os elementos com os quais voc\u00ea interagiu, metadados e outros detalhes sobre esses elementos, altera\u00e7\u00f5es de estado e outras a\u00e7\u00f5es do usu\u00e1rio.<\/p><p>MARKETING DE EMAIL<\/p><p>Ao se inscrever na Feliluke e nos fornecer seu endere\u00e7o de e-mail, voc\u00ea concorda em receber promo\u00e7\u00f5es ou newsletters da Feliluke e\/ou de nossos afiliados. Voc\u00ea tem a oportunidade de cancelar a assinatura desses e-mails a qualquer momento clicando no bot\u00e3o \u201cCancelar inscri\u00e7\u00e3o\u201d inclu\u00eddo na parte inferior de cada e-mail. Alternativamente, para cancelar o recebimento de promo\u00e7\u00f5es por e-mail apenas da Feliluke, voc\u00ea pode enviar um e-mail para <span style=\"color: #ff0000;\"><a style=\"color: #ff0000;\" href=\"mailto:info@feliluke.com\"><span style=\"text-decoration: underline;\"><span style=\"color: #0000ff; text-decoration: underline;\">info@feliluke.com<\/span><\/span><\/a><\/span>. Tenha em aten\u00e7\u00e3o que o exerc\u00edcio de um mecanismo de opt-out s\u00f3 se aplica \u00e0 empresa com a qual exerceu esse direito.<\/p><p>COMO USAMOS SUAS INFORMA\u00c7\u00d5ES<\/p><p>Em geral, utilizamos as informa\u00e7\u00f5es que coletamos principalmente para fornecer, manter, proteger e melhorar nosso site e produtos atuais e para desenvolver novos produtos. Usamos informa\u00e7\u00f5es pessoais coletadas em nosso site conforme descrito abaixo e em outras partes desta Pol\u00edtica para: Identificar voc\u00ea como usu\u00e1rio em nosso sistema; Facilitar a cria\u00e7\u00e3o e seguran\u00e7a da sua Conta na nossa rede; Melhorar nossos produtos, site e opera\u00e7\u00e3o de nossos neg\u00f3cios; Compreender e melhorar a sua experi\u00eancia ao utilizar o nosso site e produtos; Fornecer e entregar os produtos que voc\u00ea solicitar; Responder aos seus coment\u00e1rios ou perguntas e para que nossa equipe de Atendimento ao Cliente forne\u00e7a e melhore o servi\u00e7o; Enviar-lhe informa\u00e7\u00f5es relacionadas, incluindo confirma\u00e7\u00f5es, faturas, avisos t\u00e9cnicos, atualiza\u00e7\u00f5es, alertas de seguran\u00e7a e mensagens administrativas e de suporte; Comunicar com voc\u00ea sobre promo\u00e7\u00f5es, pr\u00f3ximos eventos e novidades sobre produtos e servi\u00e7os oferecidos pela Feliluke e nossos parceiros selecionados, e para outros fins de marketing da Feliluke; Vincular ou combinar suas informa\u00e7\u00f5es com outras informa\u00e7\u00f5es que obtemos de terceiros para ajudar a entender suas necessidades e fornecer-lhe um melhor servi\u00e7o; e Proteger, investigar e impedir atividades fraudulentas, n\u00e3o autorizadas ou ilegais.<\/p><p>Feliluke emite cookies exclusivamente para atribuir um identificador exclusivo gerado aleatoriamente para que Feliluke rastreie as convers\u00f5es dos clientes. Nenhuma informa\u00e7\u00e3o pessoalmente identific\u00e1vel \u00e9 armazenada no cookie. Feliluke rastreia respostas a campanhas publicit\u00e1rias, no entanto, Feliluke n\u00e3o rastreia suas outras atividades de navega\u00e7\u00e3o na web. Tenha em aten\u00e7\u00e3o que alguns dos websites dos nossos clientes podem utilizar cookies; portanto, \u00e9 recomend\u00e1vel que nossos assinantes reservem um tempo para revisar as pol\u00edticas de privacidade, quando fornecidas, de quaisquer sites antes de inserir suas informa\u00e7\u00f5es.<\/p><p>Para sites de propriedade e operados pela Feliluke e\/ou nossas afiliadas, a Feliluke usa arquivos de log. Esses arquivos de log podem incluir endere\u00e7os de protocolo de internet (IP), tipo de navegador, provedor de servi\u00e7os de internet (ISP), p\u00e1ginas de refer\u00eancia\/sa\u00edda, tipo de plataforma, carimbo de data\/hora e n\u00famero de cliques para analisar tend\u00eancias, administrar o site, rastrear o movimento do usu\u00e1rio no agregado e reunir informa\u00e7\u00f5es demogr\u00e1ficas amplas para uso agregado.<\/p><p>CONSENTIMENTO<\/p><p>COMO OBTER MEU CONSENTIMENTO?<\/p><p>Ao nos fornecer informa\u00e7\u00f5es pessoais para concluir uma transa\u00e7\u00e3o, fazer um pedido, providenciar uma entrega ou devolver uma compra, voc\u00ea concorda com a coleta e uso de suas informa\u00e7\u00f5es (as informa\u00e7\u00f5es do seu cart\u00e3o de cr\u00e9dito s\u00e3o discutidas abaixo). COMO POSSO RETIRAR MEU CONSENTIMENTO? Voc\u00ea pode retirar seu consentimento para entrarmos em contato com voc\u00ea clicando no bot\u00e3o \u201cCancelar inscri\u00e7\u00e3o\u201d inclu\u00eddo na parte inferior de cada e-mail ou entrando em contato conosco pelo e-mail info@feliluke.<\/p><p>Feliluke mant\u00e9m todas as informa\u00e7\u00f5es de identifica\u00e7\u00e3o pessoal em seu banco de dados propriet\u00e1rio. Feliluke continua empenhado em fornecer avisos e op\u00e7\u00f5es a todos os assinantes do Feliluke. Cada oferta da Feliluke oferece aos assinantes a op\u00e7\u00e3o de cancelar a assinatura e remover-se de nosso banco de dados. Depois que um assinante cancelar a assinatura e optar por ser removido de nosso banco de dados, o assinante n\u00e3o receber\u00e1 mais ofertas da Feliluke. Aguarde at\u00e9 72 horas para que o processo de remo\u00e7\u00e3o seja conclu\u00eddo. Observe, entretanto, que o assinante ainda poder\u00e1 receber ofertas de outros sites afiliados nos quais ele se inscreveu. O assinante deve visitar esses sites para cancelar a assinatura ou cancelar a assinatura por meio do link fornecido nos an\u00fancios por e-mail do site afiliado.<\/p><p>DIVULGA\u00c7\u00c3O<\/p><p>N\u00e3o compartilhamos suas informa\u00e7\u00f5es pessoais com terceiros sem o seu consentimento, exceto com o seguinte:<\/p><p>PROCESSO DE PAGAMENTO<\/p><p>Nossa loja \u00e9 constru\u00edda em uma plataforma de software de com\u00e9rcio eletr\u00f4nico chamada Shopify, que nos permite vender nossos produtos e servi\u00e7os para voc\u00ea.<\/p><p>PAGAMENTO<\/p><p>Se voc\u00ea nos fornecer as informa\u00e7\u00f5es do seu cart\u00e3o de cr\u00e9dito durante o processo de pagamento, n\u00f3s as enviaremos para nosso gateway de pagamento compat\u00edvel com PCI-DSS para processamento usando a tecnologia de criptografia SSL. As informa\u00e7\u00f5es do seu cart\u00e3o de cr\u00e9dito nunca s\u00e3o armazenadas para uso al\u00e9m da transa\u00e7\u00e3o atual. Todos os gateways de pagamento direto cumprem os padr\u00f5es definidos pelo PCI-DSS gerenciados pelo PCI Security Standards Council, que \u00e9 um esfor\u00e7o conjunto de marcas como Visa, MasterCard, American Express e Discover. Os requisitos do PCI-DSS ajudam a garantir o manuseio seguro das informa\u00e7\u00f5es do cart\u00e3o de cr\u00e9dito por nossa loja e por nossos processadores de pagamento e provedores de servi\u00e7os.<\/p><p>SERVI\u00c7OS TERCEIRIZADOS<\/p><p>Nossa Pol\u00edtica n\u00e3o cobre quaisquer servi\u00e7os de terceiros. Para saber mais sobre as pr\u00e1ticas de privacidade desses terceiros, leia suas pol\u00edticas de privacidade.<\/p><p>LIGA\u00c7\u00d5ES<\/p><p>Quando voc\u00ea clica em links em nossa loja, eles podem direcion\u00e1-lo para fora do nosso site. N\u00e3o somos respons\u00e1veis pelas pr\u00e1ticas de privacidade de outros sites e encorajamos voc\u00ea a ler suas pol\u00edticas de privacidade.<\/p><p>SEGURAN\u00c7A<\/p><p>Para proteger as suas informa\u00e7\u00f5es pessoais, tomamos precau\u00e7\u00f5es razo\u00e1veis e seguimos as pr\u00e1ticas geralmente aceites da ind\u00fastria para garantir que n\u00e3o sejam perdidas, utilizadas indevidamente, acedidas, divulgadas, alteradas ou destru\u00eddas de forma inadequada. Se voc\u00ea nos fornecer as informa\u00e7\u00f5es do seu cart\u00e3o de cr\u00e9dito, as informa\u00e7\u00f5es ser\u00e3o transmitidas ao nosso servidor usando a tecnologia Secure Socket Layer (SSL), que emprega o padr\u00e3o de criptografia AES-256.<\/p><p>MARKETING DE TEXTO E NOTIFICA\u00c7\u00d5ES<\/p><p>Marketing de texto e notifica\u00e7\u00f5es: ao assinar notifica\u00e7\u00f5es de texto, voc\u00ea concorda em receber mensagens de texto de marketing automatizadas recorrentes no n\u00famero de telefone fornecido. O consentimento n\u00e3o \u00e9 uma condi\u00e7\u00e3o de compra. Envie uma mensagem de texto PARAR para cancelar a inscri\u00e7\u00e3o ou AJUDA para obter ajuda. Taxas de mensagens e dados podem ser aplicadas. Veja os Termos de uso e a pol\u00edtica de privacidade.<\/p><p>A LEI DOS EUA SE APLICA<\/p><p>Este site \u00e9 destinado a usu\u00e1rios localizados nos Estados Unidos. Ao nos enviar suas informa\u00e7\u00f5es pessoais de fora dos EUA, voc\u00ea concorda com a aplica\u00e7\u00e3o da lei dos EUA e com o uso e divulga\u00e7\u00e3o de suas informa\u00e7\u00f5es pessoais de acordo com esta Pol\u00edtica de Privacidade. Cabe a voc\u00ea determinar se o acesso a este site e a compra de nossos produtos s\u00e3o legais onde voc\u00ea est\u00e1. Voc\u00ea acessa este site e compra nossos produtos por sua conta e risco e \u00e9 respons\u00e1vel pelo cumprimento de todas as leis, regras, regulamentos e tratados aplic\u00e1veis.<\/p><p>A LEI DO Canad\u00e1 SE APLICA<\/p><p>Este site \u00e9 destinado a usu\u00e1rios localizados no Canad\u00e1. Ao nos enviar suas informa\u00e7\u00f5es pessoais de fora do Canad\u00e1, voc\u00ea concorda com a aplica\u00e7\u00e3o da lei canadense e com o uso e divulga\u00e7\u00e3o de suas informa\u00e7\u00f5es pessoais de acordo com esta Pol\u00edtica de Privacidade. Cabe a voc\u00ea determinar se o acesso a este site e a compra de nossos produtos s\u00e3o legais onde voc\u00ea est\u00e1. Voc\u00ea acessa este site e compra nossos produtos por sua conta e risco e \u00e9 respons\u00e1vel pelo cumprimento de todas as leis, regras, regulamentos e tratados aplic\u00e1veis.<\/p><p>ALTERA\u00c7\u00d5ES A ESTA POL\u00cdTICA DE PRIVACIDADE<\/p><p>Reservamo-nos o direito de modificar esta Pol\u00edtica de Privacidade a qualquer momento, portanto, revise-a com frequ\u00eancia. As altera\u00e7\u00f5es e esclarecimentos entrar\u00e3o em vigor imediatamente ap\u00f3s a sua publica\u00e7\u00e3o no site. Feliluke incentiva os visitantes a verificar esta p\u00e1gina para quaisquer altera\u00e7\u00f5es em sua Pol\u00edtica de Privacidade.<\/p><p>PERGUNTAS E INFORMA\u00c7\u00d5ES DE CONTATO<\/p><p>Se desejar: acessar, corrigir, alterar ou excluir qualquer informa\u00e7\u00e3o pessoal que tenhamos sobre voc\u00ea (al\u00e9m das informa\u00e7\u00f5es geradas automaticamente pelo uso do nosso site), registrar uma reclama\u00e7\u00e3o ou simplesmente desejar mais informa\u00e7\u00f5es, entre em contato com nossa equipe de atendimento ao cliente em <span style=\"text-decoration: underline; color: #0000ff;\"><a style=\"color: #0000ff; text-decoration: underline;\" href=\"mailto:info@feliluke.com\">info@feliluke.com<\/a><\/span>.<\/p>\t\t\t\t\t\t\t\t<\/div>\n\t\t\t\t<\/div>\n\t\t\t\t<section class=\"elementor-section elementor-inner-section elementor-element elementor-element-2350ed9a elementor-section-boxed elementor-section-height-default elementor-section-height-default\" data-id=\"2350ed9a\" data-element_type=\"section\" data-e-type=\"section\" data-settings=\"{&quot;background_background&quot;:&quot;gradient&quot;}\">\n\t\t\t\t\t\t<div class=\"elementor-container elementor-column-gap-default\">\n\t\t\t\t\t<div class=\"elementor-column elementor-col-100 elementor-inner-column elementor-element elementor-element-535a65e1\" data-id=\"535a65e1\" data-element_type=\"column\" data-e-type=\"column\">\n\t\t\t<div class=\"elementor-widget-wrap elementor-element-populated\">\n\t\t\t\t\t\t<div class=\"elementor-element elementor-element-3832190d elementor-widget elementor-widget-heading\" data-id=\"3832190d\" data-element_type=\"widget\" data-e-type=\"widget\" data-widget_type=\"heading.default\">\n\t\t\t\t\t\t<div class=\"elementor-widget-container\">\n\t\t\t\t\t<h2 class=\"elementor-heading-title elementor-size-default\">Boletim informativo de m\u00f3veis para exteriores Feliluke<\/h2>\t\t\t\t<\/div>\n\t\t\t\t<\/div>\n\t\t\t\t<div class=\"elementor-element elementor-element-1f5b5f6e elementor-widget elementor-widget-text-editor\" data-id=\"1f5b5f6e\" data-element_type=\"widget\" data-e-type=\"widget\" data-widget_type=\"text-editor.default\">\n\t\t\t\t\t\t<div class=\"elementor-widget-container\">\n\t\t\t\t\t\t\t\t\t<p>Promo\u00e7\u00f5es, Novos Produtos e Vendas. Diretamente para sua caixa de entrada.<\/p>\t\t\t\t\t\t\t\t<\/div>\n\t\t\t\t<\/div>\n\t\t\t\t<div class=\"elementor-element elementor-element-21050516 elementor-button-align-center elementor-widget elementor-widget-form\" data-id=\"21050516\" data-element_type=\"widget\" data-e-type=\"widget\" data-settings=\"{&quot;step_next_label&quot;:&quot;\\u4e0b\\u4e00\\u4e2a&quot;,&quot;step_previous_label&quot;:&quot;\\u4e0a\\u4e00\\u4e2a&quot;,&quot;button_width&quot;:&quot;100&quot;,&quot;step_type&quot;:&quot;number_text&quot;,&quot;step_icon_shape&quot;:&quot;circle&quot;}\" data-widget_type=\"form.default\">\n\t\t\t\t\t\t<div class=\"elementor-widget-container\">\n\t\t\t\t\t\t\t<form class=\"elementor-form\" method=\"post\" name=\"join newsletter-policy \u9875\u9762\" action=\"\">\n\t\t\t<input type=\"hidden\" name=\"post_id\" value=\"2934\"\/>\n\t\t\t<input type=\"hidden\" name=\"form_id\" value=\"21050516\"\/>\n\t\t\t<input type=\"hidden\" name=\"referer_title\" value=\"Privacy Policy - Feliluke\u00ae Package Delivery Box |Secure Lockable Package Box For Home &amp; Porch\" \/>\n\n\t\t\t\t\t\t\t<input type=\"hidden\" name=\"queried_id\" value=\"2934\"\/>\n\t\t\t\n\t\t\t<div class=\"elementor-form-fields-wrapper elementor-labels-above\">\n\t\t\t\t\t\t\t\t<div class=\"elementor-field-type-email elementor-field-group elementor-column elementor-field-group-email elementor-col-100 elementor-field-required\">\n\t\t\t\t\t\t\t\t\t\t\t\t\t<input size=\"1\" type=\"email\" name=\"form_fields[email]\" id=\"form-field-email\" class=\"elementor-field elementor-size-sm  elementor-field-textual\" placeholder=\"  *E-mail\" required=\"required\">\n\t\t\t\t\t\t\t\t\t\t\t<\/div>\n\t\t\t\t\t\t\t\t<div class=\"elementor-field-group elementor-column elementor-field-type-submit elementor-col-100 e-form__buttons\">\n\t\t\t\t\t<button class=\"elementor-button elementor-size-sm\" type=\"submit\">\n\t\t\t\t\t\t<span class=\"elementor-button-content-wrapper\">\n\t\t\t\t\t\t\t\t\t\t\t\t\t\t\t\t\t\t\t\t\t\t<span class=\"elementor-button-text\">Se inscrever<\/span>\n\t\t\t\t\t\t\t\t\t\t\t\t\t<\/span>\n\t\t\t\t\t<\/button>\n\t\t\t\t<\/div>\n\t\t\t<\/div>\n\t\t<input type=\"hidden\" name=\"trp-form-language\" value=\"pt\"\/><\/form>\n\t\t\t\t\t\t<\/div>\n\t\t\t\t<\/div>\n\t\t\t\t<div class=\"elementor-element elementor-element-228d9bab elementor-widget elementor-widget-text-editor\" data-id=\"228d9bab\" data-element_type=\"widget\" data-e-type=\"widget\" data-widget_type=\"text-editor.default\">\n\t\t\t\t\t\t<div class=\"elementor-widget-container\">\n\t\t\t\t\t\t\t\t\t<p style=\"text-align: center;\">Assine a nossa newsletter<\/p>\t\t\t\t\t\t\t\t<\/div>\n\t\t\t\t<\/div>\n\t\t\t\t\t<\/div>\n\t\t<\/div>\n\t\t\t\t\t<\/div>\n\t\t<\/section>\n\t\t\t\t\t<\/div>\n\t\t<\/div>\n\t\t\t\t\t<\/div>\n\t\t<\/section>\n\t\t\t\t<\/div>","protected":false},"excerpt":{"rendered":"<p>Pol\u00edtica de Privacidade Atualizada em 23\/06\/2023 A Feliluke Outdoor Furniture \u00e9 uma empresa privada (\u201cn\u00f3s\u201d, \u201cnos\u201d, \u201cnosso\u201d ou \u201cFeliluke\u201d). Este Contrato de Termos de Uso (os \u201cTermos de Uso\u201d) rege seu (doravante \u201cvoc\u00ea\u201d, \u201cseu\u201d ou \u201cusu\u00e1rio\u201d) relacionamento com a Empresa e o uso do Servi\u00e7o da Empresa (o \u201cServi\u00e7o\u201d). Ao usar o Servi\u00e7o, voc\u00ea aceita estes Termos de Uso e [\u2026]<\/p>","protected":false},"author":1,"featured_media":0,"parent":0,"menu_order":0,"comment_status":"closed","ping_status":"closed","template":"","meta":{"footnotes":""},"class_list":["post-2934","page","type-page","status-publish","hentry"],"_links":{"self":[{"href":"https:\/\/feliluke.com\/pt\/wp-json\/wp\/v2\/pages\/2934","targetHints":{"allow":["GET"]}}],"collection":[{"href":"https:\/\/feliluke.com\/pt\/wp-json\/wp\/v2\/pages"}],"about":[{"href":"https:\/\/feliluke.com\/pt\/wp-json\/wp\/v2\/types\/page"}],"author":[{"embeddable":true,"href":"https:\/\/feliluke.com\/pt\/wp-json\/wp\/v2\/users\/1"}],"replies":[{"embeddable":true,"href":"https:\/\/feliluke.com\/pt\/wp-json\/wp\/v2\/comments?post=2934"}],"version-history":[{"count":0,"href":"https:\/\/feliluke.com\/pt\/wp-json\/wp\/v2\/pages\/2934\/revisions"}],"wp:attachment":[{"href":"https:\/\/feliluke.com\/pt\/wp-json\/wp\/v2\/media?parent=2934"}],"curies":[{"name":"wp","href":"https:\/\/api.w.org\/{rel}","templated":true}]}}