{"id":5748,"date":"2023-09-25T16:59:41","date_gmt":"2023-09-25T08:59:41","guid":{"rendered":"https:\/\/feliluke.com\/?page_id=5748"},"modified":"2023-11-30T16:37:34","modified_gmt":"2023-11-30T08:37:34","slug":"delivery-setup","status":"publish","type":"page","link":"https:\/\/feliluke.com\/pt\/delivery-setup\/","title":{"rendered":"Configura\u00e7\u00e3o de entrega"},"content":{"rendered":"<div data-elementor-type=\"wp-page\" data-elementor-id=\"5748\" class=\"elementor elementor-5748\" data-elementor-post-type=\"page\">\n\t\t\t\t\t\t<section class=\"elementor-section elementor-top-section elementor-element elementor-element-768176b4 elementor-section-boxed elementor-section-height-default elementor-section-height-default\" data-id=\"768176b4\" data-element_type=\"section\" data-e-type=\"section\">\n\t\t\t\t\t\t<div class=\"elementor-container elementor-column-gap-default\">\n\t\t\t\t\t<div class=\"elementor-column elementor-col-100 elementor-top-column elementor-element elementor-element-72a89891\" data-id=\"72a89891\" data-element_type=\"column\" data-e-type=\"column\">\n\t\t\t<div class=\"elementor-widget-wrap elementor-element-populated\">\n\t\t\t\t\t\t<div class=\"elementor-element elementor-element-36d64a61 elementor-widget elementor-widget-woocommerce-breadcrumb\" data-id=\"36d64a61\" data-element_type=\"widget\" data-e-type=\"widget\" data-widget_type=\"woocommerce-breadcrumb.default\">\n\t\t\t\t\t\t<div class=\"elementor-widget-container\">\n\t\t\t\t\t<nav class=\"woocommerce-breadcrumb\" aria-label=\"Breadcrumb\" data-no-translation=\"\" data-trp-gettext=\"\">In\u00edcio<\/nav>\t\t\t\t<\/div>\n\t\t\t\t<\/div>\n\t\t\t\t\t<\/div>\n\t\t<\/div>\n\t\t\t\t\t<\/div>\n\t\t<\/section>\n\t\t\t\t<section class=\"elementor-section elementor-top-section elementor-element elementor-element-3f8e413e elementor-section-height-min-height elementor-section-content-middle elementor-section-boxed elementor-section-height-default elementor-section-items-middle\" data-id=\"3f8e413e\" data-element_type=\"section\" data-e-type=\"section\" data-settings=\"{&quot;background_background&quot;:&quot;gradient&quot;}\">\n\t\t\t\t\t\t<div class=\"elementor-container elementor-column-gap-default\">\n\t\t\t\t\t<div class=\"elementor-column elementor-col-100 elementor-top-column elementor-element elementor-element-209f76f5\" data-id=\"209f76f5\" data-element_type=\"column\" data-e-type=\"column\" data-settings=\"{&quot;background_background&quot;:&quot;classic&quot;}\">\n\t\t\t<div class=\"elementor-widget-wrap elementor-element-populated\">\n\t\t\t\t\t\t<div class=\"elementor-element elementor-element-255d8b2e elementor-widget elementor-widget-heading\" data-id=\"255d8b2e\" data-element_type=\"widget\" data-e-type=\"widget\" data-widget_type=\"heading.default\">\n\t\t\t\t\t\t<div class=\"elementor-widget-container\">\n\t\t\t\t\t<h1 class=\"elementor-heading-title elementor-size-default\">Configura\u00e7\u00e3o de entrega<\/h1>\t\t\t\t<\/div>\n\t\t\t\t<\/div>\n\t\t\t\t\t<\/div>\n\t\t<\/div>\n\t\t\t\t\t<\/div>\n\t\t<\/section>\n\t\t\t\t<section class=\"elementor-section elementor-top-section elementor-element elementor-element-4037e353 elementor-section-content-middle elementor-section-height-min-height elementor-section-boxed elementor-section-height-default elementor-section-items-middle\" data-id=\"4037e353\" data-element_type=\"section\" data-e-type=\"section\">\n\t\t\t\t\t\t<div class=\"elementor-container elementor-column-gap-default\">\n\t\t\t\t\t<div class=\"elementor-column elementor-col-100 elementor-top-column elementor-element elementor-element-3ebf94de\" data-id=\"3ebf94de\" data-element_type=\"column\" data-e-type=\"column\">\n\t\t\t<div class=\"elementor-widget-wrap elementor-element-populated\">\n\t\t\t\t\t\t<div class=\"elementor-element elementor-element-35b7ee8 elementor-widget elementor-widget-heading\" data-id=\"35b7ee8\" data-element_type=\"widget\" data-e-type=\"widget\" data-widget_type=\"heading.default\">\n\t\t\t\t\t\t<div class=\"elementor-widget-container\">\n\t\t\t\t\t<h2 class=\"elementor-heading-title elementor-size-default\">Instru\u00e7\u00f5es para prestadores de servi\u00e7os de entrega\n<\/h2>\t\t\t\t<\/div>\n\t\t\t\t<\/div>\n\t\t\t\t<div class=\"elementor-element elementor-element-ee1b5c1 elementor-widget elementor-widget-text-editor\" data-id=\"ee1b5c1\" data-element_type=\"widget\" data-e-type=\"widget\" data-widget_type=\"text-editor.default\">\n\t\t\t\t\t\t<div class=\"elementor-widget-container\">\n\t\t\t\t\t\t\t\t\t<p>\u00a0Informe-os sobre a localiza\u00e7\u00e3o da sua caixa de entrega de pacotes Feliluke e solicite a entrega dentro dela. Aqui est\u00e1 um exemplo de instru\u00e7\u00f5es claras:<\/p><ul><li>\u201cPor favor, deposite a entrega na caixa de entrega de encomendas Feliluke, situada na [varanda\/entrada de ve\u00edculos\/etc.].<\/li><li>Abra a porta e coloque a entrega com seguran\u00e7a l\u00e1 dentro.<\/li><li>Ent\u00e3o feche a porta.\u201d<\/li><\/ul>\t\t\t\t\t\t\t\t<\/div>\n\t\t\t\t<\/div>\n\t\t\t\t<div class=\"elementor-element elementor-element-5c4dfc6 elementor-widget elementor-widget-heading\" data-id=\"5c4dfc6\" data-element_type=\"widget\" data-e-type=\"widget\" data-widget_type=\"heading.default\">\n\t\t\t\t\t\t<div class=\"elementor-widget-container\">\n\t\t\t\t\t<h2 class=\"elementor-heading-title elementor-size-default\">Servi\u00e7os de entrega comuns<\/h2>\t\t\t\t<\/div>\n\t\t\t\t<\/div>\n\t\t\t\t<div class=\"elementor-element elementor-element-e389c93 elementor-widget elementor-widget-heading\" data-id=\"e389c93\" data-element_type=\"widget\" data-e-type=\"widget\" data-widget_type=\"heading.default\">\n\t\t\t\t\t\t<div class=\"elementor-widget-container\">\n\t\t\t\t\t<h3 class=\"elementor-heading-title elementor-size-default\">UPS<\/h3>\t\t\t\t<\/div>\n\t\t\t\t<\/div>\n\t\t\t\t<div class=\"elementor-element elementor-element-6cf6e4fe elementor-widget elementor-widget-text-editor\" data-id=\"6cf6e4fe\" data-element_type=\"widget\" data-e-type=\"widget\" data-widget_type=\"text-editor.default\">\n\t\t\t\t\t\t<div class=\"elementor-widget-container\">\n\t\t\t\t\t\t\t\t\t<p>Registre-se no UPS My Choice \u2013 uma conta gratuita que permite que voc\u00ea controle suas entregas de pacotes, incluindo onde e quando elas chegam. Observe que certos servi\u00e7os podem envolver taxas, como alterar suas prefer\u00eancias de entrega.<\/p><p>Depois de se inscrever no Minha Escolha, voc\u00ea pode definir instru\u00e7\u00f5es de entrega seguindo estas etapas:<\/p><ol><li>Entrar para <strong><a href=\"https:\/\/www.ups.com\/us\/en\/track\/ups-my-choice.page\" target=\"_blank\" rel=\"noopener\">Minha escolha<\/a><\/strong>.<\/li><li>Clique no seu nome no canto superior direito para acessar um menu suspenso.<\/li><li>Selecione \u201cPrefer\u00eancias\u201d.<\/li><li>Na se\u00e7\u00e3o \u201cUPS My Choice\u201d, clique em \u201cEditar prefer\u00eancias\u201d.<\/li><li>Selecione \u201cInstru\u00e7\u00f5es do motorista\u201d e um menu suspenso exibir\u00e1 uma janela chamada \u201cC\u00f3digo de seguran\u00e7a do port\u00e3o ou edif\u00edcio\u201d. Aqui, voc\u00ea pode inserir detalhes do local e quaisquer instru\u00e7\u00f5es necess\u00e1rias.<\/li><li>Depois, basta clicar em \u201cSalvar altera\u00e7\u00f5es\u201d e pronto!<\/li><\/ol>\t\t\t\t\t\t\t\t<\/div>\n\t\t\t\t<\/div>\n\t\t\t\t<div class=\"elementor-element elementor-element-408e66c elementor-widget elementor-widget-image\" data-id=\"408e66c\" data-element_type=\"widget\" data-e-type=\"widget\" data-widget_type=\"image.default\">\n\t\t\t\t\t\t<div class=\"elementor-widget-container\">\n\t\t\t\t\t\t\t\t\t\t\t\t\t\t\t<img fetchpriority=\"high\" decoding=\"async\" width=\"800\" height=\"647\" src=\"https:\/\/feliluke.com\/wp-content\/uploads\/2023\/09\/UPS-MY-CHOICE.png\" class=\"attachment-large size-large wp-image-5896\" alt=\"Permitir que as transportadoras da UPS entreguem no arm\u00e1rio de entrega de pacotes da Feliluke\" srcset=\"https:\/\/feliluke.com\/wp-content\/uploads\/2023\/09\/UPS-MY-CHOICE.png 998w, https:\/\/feliluke.com\/wp-content\/uploads\/2023\/09\/UPS-MY-CHOICE-300x243.png 300w, https:\/\/feliluke.com\/wp-content\/uploads\/2023\/09\/UPS-MY-CHOICE-768x621.png 768w, https:\/\/feliluke.com\/wp-content\/uploads\/2023\/09\/UPS-MY-CHOICE-15x12.png 15w, https:\/\/feliluke.com\/wp-content\/uploads\/2023\/09\/UPS-MY-CHOICE-600x485.png 600w\" sizes=\"(max-width: 800px) 100vw, 800px\" \/>\t\t\t\t\t\t\t\t\t\t\t\t\t\t\t<\/div>\n\t\t\t\t<\/div>\n\t\t\t\t<div class=\"elementor-element elementor-element-8c923fc elementor-widget elementor-widget-heading\" data-id=\"8c923fc\" data-element_type=\"widget\" data-e-type=\"widget\" data-widget_type=\"heading.default\">\n\t\t\t\t\t\t<div class=\"elementor-widget-container\">\n\t\t\t\t\t<h3 class=\"elementor-heading-title elementor-size-default\">FEDEX<\/h3>\t\t\t\t<\/div>\n\t\t\t\t<\/div>\n\t\t\t\t<div class=\"elementor-element elementor-element-89bb148 elementor-widget elementor-widget-text-editor\" data-id=\"89bb148\" data-element_type=\"widget\" data-e-type=\"widget\" data-widget_type=\"text-editor.default\">\n\t\t\t\t\t\t<div class=\"elementor-widget-container\">\n\t\t\t\t\t\t\t\t\t<p>Para come\u00e7ar, crie uma conta no site da FedEx e fa\u00e7a login. Siga estas etapas:<\/p><ol><li>No canto superior direito, clique no seu nome.<\/li><li>No menu suspenso, selecione \u201cMeu perfil\u201d.<\/li><li>No lado esquerdo, escolha \u201cFedEx Delivery Manager\u201d.<\/li><li>Role para baixo at\u00e9 a se\u00e7\u00e3o rotulada \u201cEndere\u00e7o(s) de entrega para\u201d. Se o seu endere\u00e7o de entrega n\u00e3o estiver listado, adicione-o. Se j\u00e1 estiver l\u00e1, clique em \u201cExibir\/Editar\u201d.<\/li><li>Na se\u00e7\u00e3o \u201cInstru\u00e7\u00f5es de entrega\u201d, clique em \u201cEditar\u201d.<\/li><li>Nesta se\u00e7\u00e3o, voc\u00ea encontrar\u00e1 um menu suspenso de localiza\u00e7\u00e3o e uma \u00e1rea intitulada \u201cAjude a encontrar seu endere\u00e7o\u201d. Aqui, voc\u00ea pode inserir suas instru\u00e7\u00f5es espec\u00edficas do Feliluke. Lembre-se de que h\u00e1 um limite de 35 caracteres para este campo.<\/li><\/ol><p>Conclua estas etapas e voc\u00ea estar\u00e1 pronto!<\/p><p><a href=\"https:\/\/www.youtube.com\/watch?v=fISJMf4O5yY&amp;t=1s\" target=\"_blank\" rel=\"noopener\"><span style=\"text-decoration: underline;\">**Clique na imagem abaixo para assistir ao v\u00eddeo de instru\u00e7\u00f5es.<\/span><\/a><\/p>\t\t\t\t\t\t\t\t<\/div>\n\t\t\t\t<\/div>\n\t\t\t\t<div class=\"elementor-element elementor-element-e2a99c5 elementor-widget elementor-widget-image\" data-id=\"e2a99c5\" data-element_type=\"widget\" data-e-type=\"widget\" data-widget_type=\"image.default\">\n\t\t\t\t\t\t<div class=\"elementor-widget-container\">\n\t\t\t\t\t\t\t\t\t\t\t\t<figure class=\"wp-caption\">\n\t\t\t\t\t\t\t\t\t\t\t<a href=\"https:\/\/www.youtube.com\/watch?v=fISJMf4O5yY&#038;t=1s\" target=\"_blank\" rel=\"noopener\">\n\t\t\t\t\t\t\t<img decoding=\"async\" width=\"800\" height=\"450\" src=\"https:\/\/feliluke.com\/wp-content\/uploads\/2023\/09\/maxresdefault-1024x576.jpg\" class=\"attachment-large size-large wp-image-5848\" alt=\"FedEx Delivery Manager: Como usar as instru\u00e7\u00f5es de entrega.mp4\" srcset=\"https:\/\/feliluke.com\/wp-content\/uploads\/2023\/09\/maxresdefault-1024x576.jpg 1024w, https:\/\/feliluke.com\/wp-content\/uploads\/2023\/09\/maxresdefault-300x169.jpg 300w, https:\/\/feliluke.com\/wp-content\/uploads\/2023\/09\/maxresdefault-768x432.jpg 768w, https:\/\/feliluke.com\/wp-content\/uploads\/2023\/09\/maxresdefault-18x10.jpg 18w, https:\/\/feliluke.com\/wp-content\/uploads\/2023\/09\/maxresdefault-600x338.jpg 600w, https:\/\/feliluke.com\/wp-content\/uploads\/2023\/09\/maxresdefault.jpg 1280w\" sizes=\"(max-width: 800px) 100vw, 800px\" \/>\t\t\t\t\t\t\t\t<\/a>\n\t\t\t\t\t\t\t\t\t\t\t<figcaption class=\"widget-image-caption wp-caption-text\">FedEx Delivery Manager\u00ae: Como usar as instru\u00e7\u00f5es de entrega.mp4<\/figcaption>\n\t\t\t\t\t\t\t\t\t\t<\/figure>\n\t\t\t\t\t\t\t\t\t<\/div>\n\t\t\t\t<\/div>\n\t\t\t\t<div class=\"elementor-element elementor-element-22336a1 elementor-widget elementor-widget-heading\" data-id=\"22336a1\" data-element_type=\"widget\" data-e-type=\"widget\" data-widget_type=\"heading.default\">\n\t\t\t\t\t\t<div class=\"elementor-widget-container\">\n\t\t\t\t\t<h3 class=\"elementor-heading-title elementor-size-default\">USPS<\/h3>\t\t\t\t<\/div>\n\t\t\t\t<\/div>\n\t\t\t\t<div class=\"elementor-element elementor-element-f1d48ea elementor-widget elementor-widget-text-editor\" data-id=\"f1d48ea\" data-element_type=\"widget\" data-e-type=\"widget\" data-widget_type=\"text-editor.default\">\n\t\t\t\t\t\t<div class=\"elementor-widget-container\">\n\t\t\t\t\t\t\t\t\t<p>Para come\u00e7ar com o USPS Informed Delivery, <strong><a href=\"https:\/\/www.usps.com\/\" target=\"_blank\" rel=\"noopener\">Clique aqui<\/a><\/strong>. Depois de concluir a configura\u00e7\u00e3o, navegue at\u00e9 \u201cConfigura\u00e7\u00f5es\u201d para habilitar alertas de pacotes por mensagem de texto ou e-mail.<\/p><p>Para remessas futuras, se o seu pacote se qualificar para o servi\u00e7o USPS Delivery Instructions\u2122, voc\u00ea pode especificar o local de entrega desejado no seu endere\u00e7o, redirecion\u00e1-lo para um endere\u00e7o diferente ou mant\u00ea-lo na ag\u00eancia dos Correios local.<\/p><p>Para enviar sua solicita\u00e7\u00e3o, basta clicar em \u201cAlterar Instru\u00e7\u00f5es de Entrega\u201d na p\u00e1gina de resultados de rastreamento. Se voc\u00ea n\u00e3o vir o link \u201cAlterar Instru\u00e7\u00f5es de Entrega\u201d, significa que seu pacote n\u00e3o \u00e9 eleg\u00edvel para o servi\u00e7o de Instru\u00e7\u00f5es de Entrega.<\/p>\t\t\t\t\t\t\t\t<\/div>\n\t\t\t\t<\/div>\n\t\t\t\t<div class=\"elementor-element elementor-element-6e9d209 elementor-widget elementor-widget-image\" data-id=\"6e9d209\" data-element_type=\"widget\" data-e-type=\"widget\" data-widget_type=\"image.default\">\n\t\t\t\t\t\t<div class=\"elementor-widget-container\">\n\t\t\t\t\t\t\t\t\t\t\t\t<figure class=\"wp-caption\">\n\t\t\t\t\t\t\t\t\t\t<img decoding=\"async\" width=\"800\" height=\"132\" src=\"https:\/\/feliluke.com\/wp-content\/uploads\/2023\/09\/PPCn3SpRRtTya79tPdfyMNIyaDaLfQpkvChOY5SNZVLkzUW2tg85tRw4W455udLoryrLn_ToCgE_w1707-fcrop64_1_00005a57-1024x169.jpg\" class=\"attachment-large size-large wp-image-5869\" alt=\"como notificar os pacotes entregues pelos Correios dos EUA na minha caixa de correio e pacote\" srcset=\"https:\/\/feliluke.com\/wp-content\/uploads\/2023\/09\/PPCn3SpRRtTya79tPdfyMNIyaDaLfQpkvChOY5SNZVLkzUW2tg85tRw4W455udLoryrLn_ToCgE_w1707-fcrop64_1_00005a57-1024x169.jpg 1024w, https:\/\/feliluke.com\/wp-content\/uploads\/2023\/09\/PPCn3SpRRtTya79tPdfyMNIyaDaLfQpkvChOY5SNZVLkzUW2tg85tRw4W455udLoryrLn_ToCgE_w1707-fcrop64_1_00005a57-300x50.jpg 300w, https:\/\/feliluke.com\/wp-content\/uploads\/2023\/09\/PPCn3SpRRtTya79tPdfyMNIyaDaLfQpkvChOY5SNZVLkzUW2tg85tRw4W455udLoryrLn_ToCgE_w1707-fcrop64_1_00005a57-768x127.jpg 768w, https:\/\/feliluke.com\/wp-content\/uploads\/2023\/09\/PPCn3SpRRtTya79tPdfyMNIyaDaLfQpkvChOY5SNZVLkzUW2tg85tRw4W455udLoryrLn_ToCgE_w1707-fcrop64_1_00005a57-1536x254.jpg 1536w, https:\/\/feliluke.com\/wp-content\/uploads\/2023\/09\/PPCn3SpRRtTya79tPdfyMNIyaDaLfQpkvChOY5SNZVLkzUW2tg85tRw4W455udLoryrLn_ToCgE_w1707-fcrop64_1_00005a57-18x3.jpg 18w, https:\/\/feliluke.com\/wp-content\/uploads\/2023\/09\/PPCn3SpRRtTya79tPdfyMNIyaDaLfQpkvChOY5SNZVLkzUW2tg85tRw4W455udLoryrLn_ToCgE_w1707-fcrop64_1_00005a57-1320x218.jpg 1320w, https:\/\/feliluke.com\/wp-content\/uploads\/2023\/09\/PPCn3SpRRtTya79tPdfyMNIyaDaLfQpkvChOY5SNZVLkzUW2tg85tRw4W455udLoryrLn_ToCgE_w1707-fcrop64_1_00005a57-600x99.jpg 600w, https:\/\/feliluke.com\/wp-content\/uploads\/2023\/09\/PPCn3SpRRtTya79tPdfyMNIyaDaLfQpkvChOY5SNZVLkzUW2tg85tRw4W455udLoryrLn_ToCgE_w1707-fcrop64_1_00005a57.jpg 1707w\" sizes=\"(max-width: 800px) 100vw, 800px\" \/>\t\t\t\t\t\t\t\t\t\t\t<figcaption class=\"widget-image-caption wp-caption-text\"><\/figcaption>\n\t\t\t\t\t\t\t\t\t\t<\/figure>\n\t\t\t\t\t\t\t\t\t<\/div>\n\t\t\t\t<\/div>\n\t\t\t\t<div class=\"elementor-element elementor-element-4e000d7 elementor-widget elementor-widget-heading\" data-id=\"4e000d7\" data-element_type=\"widget\" data-e-type=\"widget\" data-widget_type=\"heading.default\">\n\t\t\t\t\t\t<div class=\"elementor-widget-container\">\n\t\t\t\t\t<h3 class=\"elementor-heading-title elementor-size-default\">AMAZ\u00d4NIA<\/h3>\t\t\t\t<\/div>\n\t\t\t\t<\/div>\n\t\t\t\t<div class=\"elementor-element elementor-element-73913e1 elementor-widget elementor-widget-text-editor\" data-id=\"73913e1\" data-element_type=\"widget\" data-e-type=\"widget\" data-widget_type=\"text-editor.default\">\n\t\t\t\t\t\t<div class=\"elementor-widget-container\">\n\t\t\t\t\t\t\t\t\t<ol><li>Comece criando uma conta de compras pessoal em <span style=\"text-decoration: underline;\"><a href=\"https:\/\/www.amazon.com\/\" target=\"_blank\" rel=\"noopener\"><strong>Amazon.com<\/strong><\/a><\/span>.<\/li><li>Nas configura\u00e7\u00f5es de \u201cSua conta\u201d, navegue at\u00e9 \u201cSeus endere\u00e7os\u201d.<\/li><li>Para atualizar um endere\u00e7o, escolha \u201cEditar\u201d para o endere\u00e7o em quest\u00e3o.<\/li><li>Especifique a localiza\u00e7\u00e3o da sua Caixa Feliluke na sua resid\u00eancia, seja na varanda da frente, na porta dos fundos, na varanda lateral ou em outra \u00e1rea designada.<\/li><li>Prossiga para \u201cAdicionar instru\u00e7\u00f5es de entrega\u201d, onde voc\u00ea pode detalhar o uso da sua caixa de entrega de pacotes supergrandes Feliluke, especificar sua localiza\u00e7\u00e3o exata em sua casa e fornecer instru\u00e7\u00f5es sobre como acess\u00e1-la.<\/li><li>Conclua o processo selecionando \u201cSalvar altera\u00e7\u00f5es\u201d.<\/li><li>\u00a0<\/li><\/ol><p>Essas etapas garantir\u00e3o entregas tranquilas e eficientes com sua caixa de entrega de pacotes Feliluke.<\/p>\t\t\t\t\t\t\t\t<\/div>\n\t\t\t\t<\/div>\n\t\t\t\t<div class=\"elementor-element elementor-element-60335ac elementor-widget elementor-widget-image\" data-id=\"60335ac\" data-element_type=\"widget\" data-e-type=\"widget\" data-widget_type=\"image.default\">\n\t\t\t\t\t\t<div class=\"elementor-widget-container\">\n\t\t\t\t\t\t\t\t\t\t\t\t<figure class=\"wp-caption\">\n\t\t\t\t\t\t\t\t\t\t<img loading=\"lazy\" decoding=\"async\" width=\"583\" height=\"360\" src=\"https:\/\/feliluke.com\/wp-content\/uploads\/2023\/09\/AMAZON.png\" class=\"attachment-large size-large wp-image-5888\" alt=\"Permitir que as transportadoras da Amazon entreguem na caixa de entrega de pacotes Feliluke\" srcset=\"https:\/\/feliluke.com\/wp-content\/uploads\/2023\/09\/AMAZON.png 583w, https:\/\/feliluke.com\/wp-content\/uploads\/2023\/09\/AMAZON-300x185.png 300w, https:\/\/feliluke.com\/wp-content\/uploads\/2023\/09\/AMAZON-18x12.png 18w\" sizes=\"(max-width: 583px) 100vw, 583px\" \/>\t\t\t\t\t\t\t\t\t\t\t<figcaption class=\"widget-image-caption wp-caption-text\">Permitir que as transportadoras da Amazon entreguem na caixa de entrega de pacotes Feliluke<\/figcaption>\n\t\t\t\t\t\t\t\t\t\t<\/figure>\n\t\t\t\t\t\t\t\t\t<\/div>\n\t\t\t\t<\/div>\n\t\t\t\t<div class=\"elementor-element elementor-element-7015a02 elementor-cta--layout-image-right elementor-cta--mobile-layout-image-above elementor-cta--valign-middle elementor-widget__width-initial elementor-cta--skin-classic elementor-animated-content elementor-bg-transform elementor-bg-transform-zoom-in elementor-widget elementor-widget-call-to-action\" data-id=\"7015a02\" data-element_type=\"widget\" data-e-type=\"widget\" data-widget_type=\"call-to-action.default\">\n\t\t\t\t\t\t<div class=\"elementor-widget-container\">\n\t\t\t\t\t\t\t<div class=\"elementor-cta\">\n\t\t\t\t\t<div class=\"elementor-cta__bg-wrapper\">\n\t\t\t\t<div class=\"elementor-cta__bg elementor-bg\" style=\"background-image: url(https:\/\/feliluke.com\/wp-content\/uploads\/2023\/06\/1-1-300x300.jpg);\" role=\"img\" aria-label=\"adesivos de placa de entrega de pacotes feliluke\"><\/div>\n\t\t\t\t<div class=\"elementor-cta__bg-overlay\"><\/div>\n\t\t\t<\/div>\n\t\t\t\t\t\t\t<div class=\"elementor-cta__content\">\n\t\t\t\t\n\t\t\t\t\t\t\t\t\t<h2 class=\"elementor-cta__title elementor-cta__content-item elementor-content-item\">\n\t\t\t\t\t\tAdesivos de sinaliza\u00e7\u00e3o de pacote\t\t\t\t\t<\/h2>\n\t\t\t\t\n\t\t\t\t\t\t\t\t\t<div class=\"elementor-cta__description elementor-cta__content-item elementor-content-item\">\n\t\t\t\t\t\ttamanho perfeito e visibilidade clara \t\t\t\t\t<\/div>\n\t\t\t\t\n\t\t\t\t\t\t\t\t\t<div class=\"elementor-cta__button-wrapper elementor-cta__content-item elementor-content-item\">\n\t\t\t\t\t<a class=\"elementor-cta__button elementor-button elementor-size-md\">\n\t\t\t\t\t\tAdicionar ao carrinho\t\t\t\t\t<\/a>\n\t\t\t\t\t<\/div>\n\t\t\t\t\t\t\t<\/div>\n\t\t\t\t\t\t\t<div class=\"elementor-ribbon elementor-ribbon-right\">\n\t\t\t\t<div class=\"elementor-ribbon-inner\">QUENTE!<\/div>\n\t\t\t<\/div>\n\t\t\t\t<\/div>\n\t\t\t\t\t\t<\/div>\n\t\t\t\t<\/div>\n\t\t\t\t\t<\/div>\n\t\t<\/div>\n\t\t\t\t\t<\/div>\n\t\t<\/section>\n\t\t\t\t<\/div>","protected":false},"excerpt":{"rendered":"<p>Como notificar seus provedores de servi\u00e7os de entrega sobre como usar sua nova caixa de entrega de correspond\u00eancia ou pacote Feliluke. Configure todas as suas transportadoras comuns com facilidade.<\/p>","protected":false},"author":1,"featured_media":5749,"parent":0,"menu_order":0,"comment_status":"closed","ping_status":"closed","template":"","meta":{"footnotes":""},"class_list":["post-5748","page","type-page","status-publish","has-post-thumbnail","hentry"],"_links":{"self":[{"href":"https:\/\/feliluke.com\/pt\/wp-json\/wp\/v2\/pages\/5748","targetHints":{"allow":["GET"]}}],"collection":[{"href":"https:\/\/feliluke.com\/pt\/wp-json\/wp\/v2\/pages"}],"about":[{"href":"https:\/\/feliluke.com\/pt\/wp-json\/wp\/v2\/types\/page"}],"author":[{"embeddable":true,"href":"https:\/\/feliluke.com\/pt\/wp-json\/wp\/v2\/users\/1"}],"replies":[{"embeddable":true,"href":"https:\/\/feliluke.com\/pt\/wp-json\/wp\/v2\/comments?post=5748"}],"version-history":[{"count":0,"href":"https:\/\/feliluke.com\/pt\/wp-json\/wp\/v2\/pages\/5748\/revisions"}],"wp:featuredmedia":[{"embeddable":true,"href":"https:\/\/feliluke.com\/pt\/wp-json\/wp\/v2\/media\/5749"}],"wp:attachment":[{"href":"https:\/\/feliluke.com\/pt\/wp-json\/wp\/v2\/media?parent=5748"}],"curies":[{"name":"wp","href":"https:\/\/api.w.org\/{rel}","templated":true}]}}