{"id":1407,"date":"2023-06-15T06:22:32","date_gmt":"2023-06-14T22:22:32","guid":{"rendered":"https:\/\/feliluke.com\/?post_type=product&#038;p=1407"},"modified":"2025-12-10T23:04:02","modified_gmt":"2025-12-10T15:04:02","slug":"package-delivery-box-white-color","status":"publish","type":"product","link":"https:\/\/feliluke.com\/pt\/produto\/package-delivery-box-white-color\/","title":{"rendered":"Caixa de entrega de pacotes branca"},"content":{"rendered":"<ul>\n<li>Se voc\u00ea recebe pacotes regularmente, o<strong> Caixa de entrega de pacotes em casa branca<\/strong> \u00e9 a sua solu\u00e7\u00e3o. Chega de esperar em casa ou correr para assinar as entregas. Mantenha seus pacotes seguros de ladr\u00f5es de varanda com esta caixa de dep\u00f3sito de pacotes de a\u00e7o segura e espa\u00e7osa. Perfeita para entregas da Amazon, UPS, FedEx, USPS e outras transportadoras.<\/li>\n<\/ul>\n<p>&nbsp;<\/p>\n<ul>\n<li>Dimens\u00f5es (L x P x A) \u2013 18 x 15 x 40 polegadas.<\/li>\n<\/ul>","protected":false},"excerpt":{"rendered":"<p>Se voc\u00ea recebe pacotes regularmente, a Home Package Delivery Box White \u00e9 a sua solu\u00e7\u00e3o. Chega de esperar em casa ou correr para assinar as entregas. Mantenha seus pacotes seguros de ladr\u00f5es de varanda com esta caixa de entrega de pacotes de a\u00e7o segura e espa\u00e7osa. Perfeita para entregas da Amazon, UPS, FedEx, USPS e outras transportadoras. Dimens\u00f5es (L [\u2026]<\/p>","protected":false},"featured_media":11171,"template":"","meta":[],"product_brand":[],"product_cat":[73],"product_tag":[113],"class_list":{"0":"post-1407","1":"product","2":"type-product","3":"status-publish","4":"has-post-thumbnail","6":"product_cat-mail-package-box","7":"product_tag-white-box","9":"first","10":"instock","11":"sale","12":"purchasable","13":"product-type-simple"},"_links":{"self":[{"href":"https:\/\/feliluke.com\/pt\/wp-json\/wp\/v2\/product\/1407","targetHints":{"allow":["GET"]}}],"collection":[{"href":"https:\/\/feliluke.com\/pt\/wp-json\/wp\/v2\/product"}],"about":[{"href":"https:\/\/feliluke.com\/pt\/wp-json\/wp\/v2\/types\/product"}],"wp:featuredmedia":[{"embeddable":true,"href":"https:\/\/feliluke.com\/pt\/wp-json\/wp\/v2\/media\/11171"}],"wp:attachment":[{"href":"https:\/\/feliluke.com\/pt\/wp-json\/wp\/v2\/media?parent=1407"}],"wp:term":[{"taxonomy":"product_brand","embeddable":true,"href":"https:\/\/feliluke.com\/pt\/wp-json\/wp\/v2\/product_brand?post=1407"},{"taxonomy":"product_cat","embeddable":true,"href":"https:\/\/feliluke.com\/pt\/wp-json\/wp\/v2\/product_cat?post=1407"},{"taxonomy":"product_tag","embeddable":true,"href":"https:\/\/feliluke.com\/pt\/wp-json\/wp\/v2\/product_tag?post=1407"}],"curies":[{"name":"wp","href":"https:\/\/api.w.org\/{rel}","templated":true}]}}