{"id":1550,"date":"2023-06-15T09:50:26","date_gmt":"2023-06-15T01:50:26","guid":{"rendered":"https:\/\/feliluke.com\/?post_type=product&#038;p=1550"},"modified":"2025-01-03T15:39:31","modified_gmt":"2025-01-03T07:39:31","slug":"package-delivery-box-black-color","status":"publish","type":"product","link":"https:\/\/feliluke.com\/pt\/produto\/package-delivery-box-black-color\/","title":{"rendered":"Caixa de entrega de pacotes preta"},"content":{"rendered":"<p>A caixa de entrega de pacotes preta da Feliluke protege suas entregas valiosas com seu design \u00e0 prova de intemp\u00e9ries e com chave. \u00c9 simples de usar para todos os motoristas de entrega e f\u00e1cil de acessar com sua chave pessoal. A caixa apresenta uma cor preta cl\u00e1ssica e design moderno, garantindo que combina com a est\u00e9tica da sua casa e ao mesmo tempo protege os pacotes contra piratas ou danos na varanda.<\/p>\n<p>Dimens\u00f5es externas: 40\u2033 A x 18\u2033 L x 15\u2033 D. Peso: 36 lbs<\/p>","protected":false},"excerpt":{"rendered":"<p>Tudo em uma caixa. A caixa de entrega de pacotes Feliluke tem um design moderno que recebe pacotes e correspond\u00eancias. \u00c9 seguro e grande o suficiente para armazenar seus pacotes por v\u00e1rios dias. Coloque-o na sua varanda ou na cal\u00e7ada. N\u00e3o se preocupe mais com seus pacotes.  Dimens\u00f5es (L x P x A) \u2013 [\u2026]<\/p>","protected":false},"featured_media":11155,"template":"","meta":[],"product_brand":[],"product_cat":[73],"product_tag":[112],"class_list":{"0":"post-1550","1":"product","2":"type-product","3":"status-publish","4":"has-post-thumbnail","6":"product_cat-mail-package-box","7":"product_tag-black-box","9":"first","10":"instock","11":"sale","12":"taxable","13":"shipping-taxable","14":"purchasable","15":"product-type-simple"},"_links":{"self":[{"href":"https:\/\/feliluke.com\/pt\/wp-json\/wp\/v2\/product\/1550","targetHints":{"allow":["GET"]}}],"collection":[{"href":"https:\/\/feliluke.com\/pt\/wp-json\/wp\/v2\/product"}],"about":[{"href":"https:\/\/feliluke.com\/pt\/wp-json\/wp\/v2\/types\/product"}],"wp:featuredmedia":[{"embeddable":true,"href":"https:\/\/feliluke.com\/pt\/wp-json\/wp\/v2\/media\/11155"}],"wp:attachment":[{"href":"https:\/\/feliluke.com\/pt\/wp-json\/wp\/v2\/media?parent=1550"}],"wp:term":[{"taxonomy":"product_brand","embeddable":true,"href":"https:\/\/feliluke.com\/pt\/wp-json\/wp\/v2\/product_brand?post=1550"},{"taxonomy":"product_cat","embeddable":true,"href":"https:\/\/feliluke.com\/pt\/wp-json\/wp\/v2\/product_cat?post=1550"},{"taxonomy":"product_tag","embeddable":true,"href":"https:\/\/feliluke.com\/pt\/wp-json\/wp\/v2\/product_tag?post=1550"}],"curies":[{"name":"wp","href":"https:\/\/api.w.org\/{rel}","templated":true}]}}