{"id":1646,"date":"2023-06-16T03:52:29","date_gmt":"2023-06-15T19:52:29","guid":{"rendered":"https:\/\/feliluke.com\/?post_type=product&#038;p=1646"},"modified":"2025-01-10T15:23:45","modified_gmt":"2025-01-10T07:23:45","slug":"package-delivery-sign-stickers","status":"publish","type":"product","link":"https:\/\/feliluke.com\/pt\/produto\/package-delivery-sign-stickers\/","title":{"rendered":"ADESIVOS DE SINAL DE ENTREGA DE PACOTES"},"content":{"rendered":"<p>Aumente a efici\u00eancia da entrega de pacotes com nossa sinaliza\u00e7\u00e3o ideal de alta qualidade. Feitos de material de PVC dur\u00e1vel, esses adesivos \u00e0 prova d&#039;\u00e1gua e resistentes a UV apresentam um design atraente para f\u00e1cil visibilidade. Com o tamanho perfeito de 10 x 7 polegadas, eles s\u00e3o ideais para qualquer casa ou espa\u00e7o.<\/p>","protected":false},"excerpt":{"rendered":"<p>Aumente a efici\u00eancia da entrega de pacotes com nossa sinaliza\u00e7\u00e3o ideal de alta qualidade. Feitos de material de PVC dur\u00e1vel, esses adesivos \u00e0 prova d&#039;\u00e1gua e resistentes a UV apresentam um design atraente para f\u00e1cil visibilidade. Com o tamanho perfeito de 10 x 7 polegadas, eles s\u00e3o ideais para qualquer casa ou espa\u00e7o.<\/p>","protected":false},"featured_media":1649,"template":"","meta":[],"product_brand":[],"product_cat":[74],"product_tag":[157],"class_list":{"0":"post-1646","1":"product","2":"type-product","3":"status-publish","4":"has-post-thumbnail","6":"product_cat-stickers","7":"product_tag-sticker","9":"first","10":"instock","11":"sale","12":"taxable","13":"shipping-taxable","14":"purchasable","15":"product-type-simple"},"_links":{"self":[{"href":"https:\/\/feliluke.com\/pt\/wp-json\/wp\/v2\/product\/1646","targetHints":{"allow":["GET"]}}],"collection":[{"href":"https:\/\/feliluke.com\/pt\/wp-json\/wp\/v2\/product"}],"about":[{"href":"https:\/\/feliluke.com\/pt\/wp-json\/wp\/v2\/types\/product"}],"wp:featuredmedia":[{"embeddable":true,"href":"https:\/\/feliluke.com\/pt\/wp-json\/wp\/v2\/media\/1649"}],"wp:attachment":[{"href":"https:\/\/feliluke.com\/pt\/wp-json\/wp\/v2\/media?parent=1646"}],"wp:term":[{"taxonomy":"product_brand","embeddable":true,"href":"https:\/\/feliluke.com\/pt\/wp-json\/wp\/v2\/product_brand?post=1646"},{"taxonomy":"product_cat","embeddable":true,"href":"https:\/\/feliluke.com\/pt\/wp-json\/wp\/v2\/product_cat?post=1646"},{"taxonomy":"product_tag","embeddable":true,"href":"https:\/\/feliluke.com\/pt\/wp-json\/wp\/v2\/product_tag?post=1646"}],"curies":[{"name":"wp","href":"https:\/\/api.w.org\/{rel}","templated":true}]}}